{"id":14441,"date":"2021-01-20T12:47:09","date_gmt":"2021-01-20T12:47:09","guid":{"rendered":"https:\/\/i-moments.com\/p\/sense%20categoria\/fular-personalitzat\/"},"modified":"2025-09-30T14:55:24","modified_gmt":"2025-09-30T12:55:24","slug":"fular-personalitzat","status":"publish","type":"product","link":"https:\/\/i-moments.com\/ca\/p\/fular-personalitzat\/","title":{"rendered":"Fular Personalitzat"},"content":{"rendered":"<h2 style=\"text-align: center;\"><strong>FULAR PERSONALITZAT<\/strong><\/h2>\n<p>Personalitza el fular m\u00e9s divertit per a la teva mascota. Veur\u00e0s com el passeig amb la teva mascota \u00e9s molt m\u00e9s divertit a partir d&#8217;ara.<\/p>\n<p>La teva mascota estar\u00e0 m\u00e9s content@ i tots dos gaudireu molt m\u00e9s. Tria la foto m\u00e9s divertida de la teva mascota i riu-te amb ella.<\/p>\n<h3><strong>Caracter\u00edstiques:<\/strong><\/h3>\n<ul>\n<li>Mida: 25 x 17 cm<\/li>\n<li>Material: Poli\u00e8ster<\/li>\n<li>Tancament Click<\/li>\n<\/ul>\n","protected":false},"excerpt":{"rendered":"<ul>\n<li>Mida: 25 x 17 cm<\/li>\n<li>Material: Poli\u00e8ster<\/li>\n<li>Tancament Click<\/li>\n<\/ul>\n","protected":false},"featured_media":10198,"comment_status":"open","ping_status":"closed","template":"","meta":[],"product_brand":[],"product_cat":[1053,609],"product_tag":[847],"class_list":{"0":"post-14441","1":"product","2":"type-product","3":"status-publish","4":"has-post-thumbnail","6":"product_cat-per-a-la-teva-mascota","7":"product_cat-regala-productes-personalitzats","8":"product_tag-per-a-mascotes","10":"first","11":"instock","12":"taxable","13":"shipping-taxable","14":"purchasable","15":"product-type-simple"},"_links":{"self":[{"href":"https:\/\/i-moments.com\/ca\/wp-json\/wp\/v2\/product\/14441","targetHints":{"allow":["GET"]}}],"collection":[{"href":"https:\/\/i-moments.com\/ca\/wp-json\/wp\/v2\/product"}],"about":[{"href":"https:\/\/i-moments.com\/ca\/wp-json\/wp\/v2\/types\/product"}],"replies":[{"embeddable":true,"href":"https:\/\/i-moments.com\/ca\/wp-json\/wp\/v2\/comments?post=14441"}],"wp:featuredmedia":[{"embeddable":true,"href":"https:\/\/i-moments.com\/ca\/wp-json\/wp\/v2\/media\/10198"}],"wp:attachment":[{"href":"https:\/\/i-moments.com\/ca\/wp-json\/wp\/v2\/media?parent=14441"}],"wp:term":[{"taxonomy":"product_brand","embeddable":true,"href":"https:\/\/i-moments.com\/ca\/wp-json\/wp\/v2\/product_brand?post=14441"},{"taxonomy":"product_cat","embeddable":true,"href":"https:\/\/i-moments.com\/ca\/wp-json\/wp\/v2\/product_cat?post=14441"},{"taxonomy":"product_tag","embeddable":true,"href":"https:\/\/i-moments.com\/ca\/wp-json\/wp\/v2\/product_tag?post=14441"}],"curies":[{"name":"wp","href":"https:\/\/api.w.org\/{rel}","templated":true}]}}