{"id":14471,"date":"2021-01-20T11:15:04","date_gmt":"2021-01-20T11:15:04","guid":{"rendered":"https:\/\/i-moments.com\/p\/sense%20categoria\/body-bebe-personalitzat\/"},"modified":"2025-12-30T08:04:36","modified_gmt":"2025-12-30T07:04:36","slug":"body-bebe-personalitzat","status":"publish","type":"product","link":"https:\/\/i-moments.com\/ca\/p\/body-bebe-personalitzat\/","title":{"rendered":"Body Beb\u00e9 Personalitzat"},"content":{"rendered":"<h2 style=\"text-align: center;\"><strong>BODY BEB\u00c9 PERSONALITZAT<\/strong><\/h2>\n<p>El regal original per als m\u00e9s petits. Personalitza el body amb la foto favorita del teu ni\u00f1@, o amb una frase o dibuix.<br \/>\n\u00c9s una pe\u00e7a molt original, ja que segur que ning\u00fa en tindr\u00e0 una d&#8217;igual. S\u00e1cale un somriure al teu petit i gaudeix veient-li dormir amb una rotllana preciosa.<br \/>\nT&#8217;oferim un munt de dissenys. <\/p>\n<h3><strong>Caracter\u00edstiques:<\/strong><\/h3>\n<ul>\n<li>100% Poli\u00e8ster \/ Cot\u00f3<\/li>\n<\/ul>\n<p><strong>Talles:<\/strong><\/p>\n<ul>\n<li>3-6 Mesos<\/li>\n<li>6-9 Mesos<\/li>\n<\/ul>\n","protected":false},"excerpt":{"rendered":"<p><strong>Caracter\u00edstiques:<\/strong><br \/>\n100% Poli\u00e8ster \/ Cot\u00f3<\/p>\n<p><strong>Talles:<\/strong><\/p>\n<p>3-6 Mesos<br \/>\n6-9 Mesos<\/p>\n","protected":false},"featured_media":13052,"comment_status":"open","ping_status":"closed","template":"","meta":[],"product_brand":[],"product_cat":[712,609],"product_tag":[649],"class_list":{"0":"post-14471","1":"product","2":"type-product","3":"status-publish","4":"has-post-thumbnail","6":"product_cat-per-a-nadons","7":"product_cat-regala-productes-personalitzats","8":"product_tag-nadons","10":"first","11":"instock","12":"taxable","13":"shipping-taxable","14":"purchasable","15":"product-type-variable"},"_links":{"self":[{"href":"https:\/\/i-moments.com\/ca\/wp-json\/wp\/v2\/product\/14471","targetHints":{"allow":["GET"]}}],"collection":[{"href":"https:\/\/i-moments.com\/ca\/wp-json\/wp\/v2\/product"}],"about":[{"href":"https:\/\/i-moments.com\/ca\/wp-json\/wp\/v2\/types\/product"}],"replies":[{"embeddable":true,"href":"https:\/\/i-moments.com\/ca\/wp-json\/wp\/v2\/comments?post=14471"}],"wp:featuredmedia":[{"embeddable":true,"href":"https:\/\/i-moments.com\/ca\/wp-json\/wp\/v2\/media\/13052"}],"wp:attachment":[{"href":"https:\/\/i-moments.com\/ca\/wp-json\/wp\/v2\/media?parent=14471"}],"wp:term":[{"taxonomy":"product_brand","embeddable":true,"href":"https:\/\/i-moments.com\/ca\/wp-json\/wp\/v2\/product_brand?post=14471"},{"taxonomy":"product_cat","embeddable":true,"href":"https:\/\/i-moments.com\/ca\/wp-json\/wp\/v2\/product_cat?post=14471"},{"taxonomy":"product_tag","embeddable":true,"href":"https:\/\/i-moments.com\/ca\/wp-json\/wp\/v2\/product_tag?post=14471"}],"curies":[{"name":"wp","href":"https:\/\/api.w.org\/{rel}","templated":true}]}}