{"id":14485,"date":"2021-01-20T15:13:37","date_gmt":"2021-01-20T15:13:37","guid":{"rendered":"https:\/\/i-moments.com\/p\/sense%20categoria\/collar-personalitzat\/"},"modified":"2025-12-29T10:01:20","modified_gmt":"2025-12-29T09:01:20","slug":"collar-personalitzat","status":"publish","type":"product","link":"https:\/\/i-moments.com\/ca\/p\/collar-personalitzat\/","title":{"rendered":"Collar Ajustable Personalitzat"},"content":{"rendered":"<h2 style=\"text-align: center;\"><strong>COLLAR AJUSTABLE PER A MASCOTES PERSONALITZAT<\/strong><\/h2>\n<p style=\"text-align: left;\">Amb aquest Collar podr\u00e0s passejar la teva mascota amb total seguretat. Fabricat en un resistent poli\u00e8ster, porta un brogit amb un tancament de seguretat per posar-lo i treure&#8217;l f\u00e0cilment. El collar \u00e9s molt c\u00f2mode per fer l&#8217;experi\u00e8ncia del passeig m\u00e9s agradable per a la teva mascota. El collar \u00e9s completament ajustable. Un cop col\u00b7locat per comprovar que el di\u00e0metre \u00e9s el correcte, han de capgirar dos dels teus dits entre el coll del gos i el collar. Podr\u00e0s personalitzar-lo amb la seva foto, el seu nom o el teu tel\u00e8fon.<\/p>\n<h3 style=\"text-align: left;\"><strong>Caracter\u00edstiques:<\/strong><\/h3>\n<ul>\n<li style=\"text-align: left;\">Material: Poli\u00e8ster<\/li>\n<li style=\"text-align: left;\">Color: Negre<\/li>\n<li style=\"text-align: left;\">Tancament: Click de pl\u00e0stic molt resistent<\/li>\n<\/ul>\n<p>Disponible en tres mides:<\/p>\n<ul>\n<li style=\"text-align: left;\">Petit: 60 x 3 cm<\/li>\n<li style=\"text-align: left;\">Mitj\u00e0: 70 x 3 cm<\/li>\n<li style=\"text-align: left;\">Gran: 80 x 3 cm<\/li>\n<\/ul>\n","protected":false},"excerpt":{"rendered":"<ul>\n<li>Material: Poli\u00e8ster<\/li>\n<li>Color: Negre<\/li>\n<li>Tancament: Click de pl\u00e0stic molt resistent<\/li>\n<\/ul>\n<p>Disponible en tres mides:<\/p>\n<ul>\n<li>Petit: 60 x 3 cm<\/li>\n<li>Mitj\u00e0: 70 x 3 cm<\/li>\n<li>Gran: 80 x 3 cm<\/li>\n<\/ul>\n","protected":false},"featured_media":10168,"comment_status":"open","ping_status":"closed","template":"","meta":[],"product_brand":[],"product_cat":[1053,609],"product_tag":[847],"class_list":{"0":"post-14485","1":"product","2":"type-product","3":"status-publish","4":"has-post-thumbnail","6":"product_cat-per-a-la-teva-mascota","7":"product_cat-regala-productes-personalitzats","8":"product_tag-per-a-mascotes","10":"first","11":"instock","12":"taxable","13":"shipping-taxable","14":"purchasable","15":"product-type-variable"},"_links":{"self":[{"href":"https:\/\/i-moments.com\/ca\/wp-json\/wp\/v2\/product\/14485","targetHints":{"allow":["GET"]}}],"collection":[{"href":"https:\/\/i-moments.com\/ca\/wp-json\/wp\/v2\/product"}],"about":[{"href":"https:\/\/i-moments.com\/ca\/wp-json\/wp\/v2\/types\/product"}],"replies":[{"embeddable":true,"href":"https:\/\/i-moments.com\/ca\/wp-json\/wp\/v2\/comments?post=14485"}],"wp:featuredmedia":[{"embeddable":true,"href":"https:\/\/i-moments.com\/ca\/wp-json\/wp\/v2\/media\/10168"}],"wp:attachment":[{"href":"https:\/\/i-moments.com\/ca\/wp-json\/wp\/v2\/media?parent=14485"}],"wp:term":[{"taxonomy":"product_brand","embeddable":true,"href":"https:\/\/i-moments.com\/ca\/wp-json\/wp\/v2\/product_brand?post=14485"},{"taxonomy":"product_cat","embeddable":true,"href":"https:\/\/i-moments.com\/ca\/wp-json\/wp\/v2\/product_cat?post=14485"},{"taxonomy":"product_tag","embeddable":true,"href":"https:\/\/i-moments.com\/ca\/wp-json\/wp\/v2\/product_tag?post=14485"}],"curies":[{"name":"wp","href":"https:\/\/api.w.org\/{rel}","templated":true}]}}