{"id":14489,"date":"2021-01-20T15:07:53","date_gmt":"2021-01-20T15:07:53","guid":{"rendered":"https:\/\/i-moments.com\/p\/sense%20categoria\/xapa-personalitzada\/"},"modified":"2025-12-29T10:21:11","modified_gmt":"2025-12-29T09:21:11","slug":"xapa-personalitzada-mascota","status":"publish","type":"product","link":"https:\/\/i-moments.com\/ca\/p\/xapa-personalitzada-mascota\/","title":{"rendered":"Xapa per a Mascota Personalitzada"},"content":{"rendered":"<h2 style=\"text-align: center;\"><strong>XAPA PERSONALITZADA PER A MASCOTES<\/strong><\/h2>\n<p>Les Xapes per a mascotes s\u00f3n un complement del xip o del tatuatge. De fet, la xapa es veu asseguda en el cas que l&#8217;animal es perdi. A m\u00e9s podr\u00e0s personalitzar-la amb la seva foto, nom i el teu tel\u00e8fon. Tamb\u00e9 resulta molt \u00fatil per gravar el n\u00famero de xip de la teva mascota.<\/p>\n<h3><strong>Caracter\u00edstiques:<\/strong><\/h3>\n<ul>\n<li>Material: Alumini<\/li>\n<li>Cara 1: Blanc \/ Cara 2: Plata Mate<\/li>\n<li>Inclou Anella<\/li>\n<\/ul>\n<p><strong>Xapa Rodona:<\/strong><\/p>\n<ul>\n<li>Mida: \u00f83,2 cm<\/li>\n<\/ul>\n<p><strong>Xapa Cor:<\/strong><\/p>\n<ul>\n<li>Mida: 3,2 x 3,7 cm<\/li>\n<\/ul>\n<p><strong>Xapa Oval:<\/strong><\/p>\n<ul>\n<li>Mida: 3 x 5 cm<\/li>\n<\/ul>\n<p><strong>Xapa Os:<\/strong><\/p>\n<ul>\n<li>Mida: 3,8 x 3,8 cm<\/li>\n<\/ul>\n","protected":false},"excerpt":{"rendered":"<ul>\n<li>Material: Alumini<\/li>\n<li>Color: Blanc \/ Alumini Dors<\/li>\n<li>Inclou Anella<\/li>\n<\/ul>\n<p><strong>Xapa Rodona:<\/strong><\/p>\n<ul>\n<li>Mida: \u00f83,2 cm<\/li>\n<\/ul>\n<p><strong>Xapa Cor:<\/strong><\/p>\n<ul>\n<li>Mida: 3,2 x 3,7 cm<\/li>\n<\/ul>\n<p><strong>Xapa Oval:<\/strong><\/p>\n<ul>\n<li>Mida: 3 x 5 cm<\/li>\n<\/ul>\n<p><strong>Xapa Os:<\/strong><\/p>\n<ul>\n<li>Mida: 3,8 x 3,8 cm<\/li>\n<\/ul>\n<div>\n<div><\/div>\n<\/div>\n","protected":false},"featured_media":10156,"comment_status":"open","ping_status":"closed","template":"","meta":[],"product_brand":[],"product_cat":[1053,609],"product_tag":[847,1159],"class_list":{"0":"post-14489","1":"product","2":"type-product","3":"status-publish","4":"has-post-thumbnail","6":"product_cat-per-a-la-teva-mascota","7":"product_cat-regala-productes-personalitzats","8":"product_tag-per-a-mascotes","9":"product_tag-esdeveniments","11":"first","12":"instock","13":"taxable","14":"shipping-taxable","15":"purchasable","16":"product-type-variable"},"_links":{"self":[{"href":"https:\/\/i-moments.com\/ca\/wp-json\/wp\/v2\/product\/14489","targetHints":{"allow":["GET"]}}],"collection":[{"href":"https:\/\/i-moments.com\/ca\/wp-json\/wp\/v2\/product"}],"about":[{"href":"https:\/\/i-moments.com\/ca\/wp-json\/wp\/v2\/types\/product"}],"replies":[{"embeddable":true,"href":"https:\/\/i-moments.com\/ca\/wp-json\/wp\/v2\/comments?post=14489"}],"wp:featuredmedia":[{"embeddable":true,"href":"https:\/\/i-moments.com\/ca\/wp-json\/wp\/v2\/media\/10156"}],"wp:attachment":[{"href":"https:\/\/i-moments.com\/ca\/wp-json\/wp\/v2\/media?parent=14489"}],"wp:term":[{"taxonomy":"product_brand","embeddable":true,"href":"https:\/\/i-moments.com\/ca\/wp-json\/wp\/v2\/product_brand?post=14489"},{"taxonomy":"product_cat","embeddable":true,"href":"https:\/\/i-moments.com\/ca\/wp-json\/wp\/v2\/product_cat?post=14489"},{"taxonomy":"product_tag","embeddable":true,"href":"https:\/\/i-moments.com\/ca\/wp-json\/wp\/v2\/product_tag?post=14489"}],"curies":[{"name":"wp","href":"https:\/\/api.w.org\/{rel}","templated":true}]}}