{"id":14495,"date":"2021-01-20T11:54:01","date_gmt":"2021-01-20T11:54:01","guid":{"rendered":"https:\/\/i-moments.com\/p\/sense%20categoria\/tassa-de-colors-personalitzada\/"},"modified":"2026-02-19T13:18:22","modified_gmt":"2026-02-19T12:18:22","slug":"tassa-de-colors-personalitzada","status":"publish","type":"product","link":"https:\/\/i-moments.com\/ca\/p\/tassa-de-colors-personalitzada\/","title":{"rendered":"Tassa de Colors Personalitzada"},"content":{"rendered":"<h2 style=\"text-align: center;\"><strong>TASSA DE COLORS PERSONALITZADA<\/strong><\/h2>\n<p>El mat\u00ed defineix la resta del dia! La tassa bicolor et posa de bon humor. Dissenya la teva tassa personalitzada totalment per tu, amb les teves fotos m\u00e9s divertides i dels teus millors moments. Un regal perfecte que et portar\u00e0 records en cada sorbo de la teva beguda preferida. Gr\u00e0cies al nostre editor online, et ser\u00e0 molt f\u00e0cil personalitzar-la, nom\u00e9s en uns senzills passos crear\u00e0s un perfecte record per a tu o per a aquella persona al qual li guardes un buit en la teva vida.<\/p>\n<p><strong>Caracter\u00edstiques:<\/strong><\/p>\n<ul>\n<li>Material: Cer\u00e0mica<\/li>\n<li>Color a la sessa i l&#8217; interior<\/li>\n<li>Colors: Groc, Blau, Verd, Rosa, Vermell, Taronja, Blau Mar\u00ed i Negre<\/li>\n<li>Capacitat: 325 ml<\/li>\n<li>Mida: \u00f88 \u00d7 9,5 cm<\/li>\n<li>Apta per a rentaplats i microones<\/li>\n<li>Caixa regal opcional<\/li>\n<\/ul>\n","protected":false},"excerpt":{"rendered":"<p>Dissenya la teva tassa de colors personalitzada totalment per tu, amb les teves fotos m\u00e9s divertides i dels teus millors moments. Fes-la \u00danica!<\/p>\n<ul>\n<li>Material: Cer\u00e0mica<\/li>\n<li>Color a la sessa i l&#8217; interior<\/li>\n<li>Colors: Groc, Blau, Verd, Rosa, Vermell, Taronja, Blau Mar\u00ed i Negre<\/li>\n<li>Capacitat: 325 ml<\/li>\n<li>Mida: \u00f88 \u00d7 9,5 cm<\/li>\n<li>Apta per a rentaplats i microones<\/li>\n<li>Caixa regal opcional<\/li>\n<li>Opcional: Pack estalvi 2 tasses<\/li>\n<\/ul>\n","protected":false},"featured_media":26004,"comment_status":"open","ping_status":"closed","template":"","meta":[],"product_brand":[],"product_cat":[571,572],"product_tag":[698,707,621,627,628,636,637,650,686],"class_list":{"0":"post-14495","1":"product","2":"type-product","3":"status-publish","4":"has-post-thumbnail","6":"product_cat-tasses-personalitzades","7":"product_cat-tasses","8":"product_tag-primera-comunio","9":"product_tag-amic-invisible","10":"product_tag-nadal","11":"product_tag-dia-del-pare","12":"product_tag-dia-de-la-mare","13":"product_tag-per-a-ell","14":"product_tag-per-a-la-llar","15":"product_tag-graduacions","16":"product_tag-sant-valenti","18":"first","19":"instock","20":"taxable","21":"shipping-taxable","22":"purchasable","23":"product-type-variable"},"_links":{"self":[{"href":"https:\/\/i-moments.com\/ca\/wp-json\/wp\/v2\/product\/14495","targetHints":{"allow":["GET"]}}],"collection":[{"href":"https:\/\/i-moments.com\/ca\/wp-json\/wp\/v2\/product"}],"about":[{"href":"https:\/\/i-moments.com\/ca\/wp-json\/wp\/v2\/types\/product"}],"replies":[{"embeddable":true,"href":"https:\/\/i-moments.com\/ca\/wp-json\/wp\/v2\/comments?post=14495"}],"wp:featuredmedia":[{"embeddable":true,"href":"https:\/\/i-moments.com\/ca\/wp-json\/wp\/v2\/media\/26004"}],"wp:attachment":[{"href":"https:\/\/i-moments.com\/ca\/wp-json\/wp\/v2\/media?parent=14495"}],"wp:term":[{"taxonomy":"product_brand","embeddable":true,"href":"https:\/\/i-moments.com\/ca\/wp-json\/wp\/v2\/product_brand?post=14495"},{"taxonomy":"product_cat","embeddable":true,"href":"https:\/\/i-moments.com\/ca\/wp-json\/wp\/v2\/product_cat?post=14495"},{"taxonomy":"product_tag","embeddable":true,"href":"https:\/\/i-moments.com\/ca\/wp-json\/wp\/v2\/product_tag?post=14495"}],"curies":[{"name":"wp","href":"https:\/\/api.w.org\/{rel}","templated":true}]}}