{"id":14517,"date":"2021-01-20T11:49:46","date_gmt":"2021-01-20T11:49:46","guid":{"rendered":"https:\/\/i-moments.com\/p\/sense%20categoria\/tassa-blanca-personalitzada\/"},"modified":"2026-01-09T09:52:30","modified_gmt":"2026-01-09T08:52:30","slug":"tassa-blanca-personalitzada","status":"publish","type":"product","link":"https:\/\/i-moments.com\/ca\/p\/tassa-blanca-personalitzada\/","title":{"rendered":"Tassa Blanca Personalitzada"},"content":{"rendered":"<h2 style=\"text-align: center;\"><strong>TASSA BLANCA DE CER\u00c0MICA PERSONALITZADA<\/strong><\/h2>\n<p>Amb les tasses personalitzades d&#8217;i-moments tindr\u00e0s un regal molt original amb el qual podr\u00e0s dissenyar-lo amb les teves fotos m\u00e9s divertides i els teus millors moments. Un regal perfecte que et portar\u00e0 records en cada sorbo de la teva beguda preferida.<\/p>\n<p>Sorpr\u00e8n els teus millors amics i la teva fam\u00edlia amb aquest regal \u00fanic!<\/p>\n<p>Utilitzem un sistema d&#8217;impressi\u00f3 amb una qualitat excel\u00b7lent, les teves tasses quedaran n\u00edtides i amb colors vius.<\/p>\n<p>Dissenya la teva pr\u00f2pia tassa amb les teves fotos al nostre editor online, i-moments t&#8217;ofereix unes tasses personalitzades fabricades en cer\u00e0mica de molt alta qualitat.<\/p>\n<h3><strong>Caracter\u00edstiques<\/strong>:<\/h3>\n<ul>\n<li>Material: Cer\u00e0mica<\/li>\n<li>Capacitat: 325 ml<\/li>\n<li>Grand\u00e0ria: \u00f88\u00d79,5 cm<\/li>\n<li>Apta per a rentaplats i microones<\/li>\n<li>Caixa regal opcional<\/li>\n<\/ul>\n","protected":false},"excerpt":{"rendered":"<ul>\n<li>Material: Cer\u00e0mica<\/li>\n<li>Capacitat: 325 ml<\/li>\n<li>Grand\u00e0ria: \u00f88\u00d79,5 cm<\/li>\n<li>Apta per a rentaplats i microones<\/li>\n<li>Caixa regal opcional<\/li>\n<li>Opcional: Pack estalvi 2 tasses<\/li>\n<\/ul>\n","protected":false},"featured_media":25984,"comment_status":"open","ping_status":"closed","template":"","meta":[],"product_brand":[],"product_cat":[571,572],"product_tag":[639,650,686,698,707,621,627,628,636,637],"class_list":{"0":"post-14517","1":"product","2":"type-product","3":"status-publish","4":"has-post-thumbnail","6":"product_cat-tasses-personalitzades","7":"product_cat-tasses","8":"product_tag-regals-per-a-profes","9":"product_tag-graduacions","10":"product_tag-sant-valenti","11":"product_tag-primera-comunio","12":"product_tag-amic-invisible","13":"product_tag-nadal","14":"product_tag-dia-del-pare","15":"product_tag-dia-de-la-mare","16":"product_tag-per-a-ell","17":"product_tag-per-a-la-llar","19":"first","20":"instock","21":"taxable","22":"shipping-taxable","23":"purchasable","24":"product-type-simple"},"_links":{"self":[{"href":"https:\/\/i-moments.com\/ca\/wp-json\/wp\/v2\/product\/14517","targetHints":{"allow":["GET"]}}],"collection":[{"href":"https:\/\/i-moments.com\/ca\/wp-json\/wp\/v2\/product"}],"about":[{"href":"https:\/\/i-moments.com\/ca\/wp-json\/wp\/v2\/types\/product"}],"replies":[{"embeddable":true,"href":"https:\/\/i-moments.com\/ca\/wp-json\/wp\/v2\/comments?post=14517"}],"wp:featuredmedia":[{"embeddable":true,"href":"https:\/\/i-moments.com\/ca\/wp-json\/wp\/v2\/media\/25984"}],"wp:attachment":[{"href":"https:\/\/i-moments.com\/ca\/wp-json\/wp\/v2\/media?parent=14517"}],"wp:term":[{"taxonomy":"product_brand","embeddable":true,"href":"https:\/\/i-moments.com\/ca\/wp-json\/wp\/v2\/product_brand?post=14517"},{"taxonomy":"product_cat","embeddable":true,"href":"https:\/\/i-moments.com\/ca\/wp-json\/wp\/v2\/product_cat?post=14517"},{"taxonomy":"product_tag","embeddable":true,"href":"https:\/\/i-moments.com\/ca\/wp-json\/wp\/v2\/product_tag?post=14517"}],"curies":[{"name":"wp","href":"https:\/\/api.w.org\/{rel}","templated":true}]}}