{"id":14525,"date":"2021-01-20T11:57:09","date_gmt":"2021-01-20T11:57:09","guid":{"rendered":"https:\/\/i-moments.com\/p\/sense%20categoria\/tassa-magica-personalitzada\/"},"modified":"2025-09-30T14:56:20","modified_gmt":"2025-09-30T12:56:20","slug":"tassa-magica-personalitzada","status":"publish","type":"product","link":"https:\/\/i-moments.com\/ca\/p\/tassa-magica-personalitzada\/","title":{"rendered":"Tassa M\u00e0gica Personalitzada"},"content":{"rendered":"<h2 style=\"text-align: center;\"><strong>TASSA M\u00c0GICA PERSONALITZADA<\/strong><\/h2>\n<p>La Tassa M\u00e0gica Personalitzada \u00e9s una de les tasses m\u00e9s originals que podrem trobar. Gr\u00e0cies al seu peculiar canvi de color quan s&#8217;aboca un l\u00edquid calent, es converteix en un regal original i molt divertit que far\u00e0 que els esmorzars siguin encara m\u00e9s especials. \u00c9s el regal perfecte per impressionar tots els teus amics i familiars i deixar-los amb la boca oberta. Comen\u00e7a a dissenyar la teva tassa!<br \/>\nPodr\u00e0s personalitzar-la amb la teva foto favorita, a m\u00e9s, podr\u00e0s incorporar tamb\u00e9 un text, un nom o una data en fer el nostre disseny.<br \/>\nTindr\u00e0s una tassa \u00fanica dissenyada per i per a tu!<\/p>\n<h3><strong>Caracter\u00edstiques:<\/strong><\/h3>\n<ul>\n<li>Aboca alguna cosa calenta i apareixer\u00e0 la imatge!<\/li>\n<li>Material: Cer\u00e0mica Blanca<\/li>\n<li>Capacitat: 325 ml<\/li>\n<li>Mida: \u00f88 \u00d7 9,5 cm<\/li>\n<li>Apta per a rentaplats i microones<\/li>\n<li>Caixa regal opcional<\/li>\n<\/ul>\n","protected":false},"excerpt":{"rendered":"<ul>\n<li>Aboca alguna cosa calenta i apareixer\u00e0 la imatge!<\/li>\n<li>Material: Cer\u00e0mica Blanca<\/li>\n<li>Capacitat: 325 ml<\/li>\n<li>Mida: \u00f88 \u00d7 9,5 cm<\/li>\n<li>Apta per a rentaplats i microones<\/li>\n<li>Caixa regal opcional<\/li>\n<li>Opcional: Pack estalvi 2 tasses<\/li>\n<\/ul>\n<div>\n<div><\/div>\n<\/div>\n","protected":false},"featured_media":18829,"comment_status":"open","ping_status":"closed","template":"","meta":[],"product_brand":[],"product_cat":[571,572],"product_tag":[686,698,707,636,637,650],"class_list":{"0":"post-14525","1":"product","2":"type-product","3":"status-publish","4":"has-post-thumbnail","6":"product_cat-tasses-personalitzades","7":"product_cat-tasses","8":"product_tag-sant-valenti","9":"product_tag-primera-comunio","10":"product_tag-amic-invisible","11":"product_tag-per-a-ell","12":"product_tag-per-a-la-llar","13":"product_tag-graduacions","15":"first","16":"instock","17":"taxable","18":"shipping-taxable","19":"purchasable","20":"product-type-simple"},"_links":{"self":[{"href":"https:\/\/i-moments.com\/ca\/wp-json\/wp\/v2\/product\/14525","targetHints":{"allow":["GET"]}}],"collection":[{"href":"https:\/\/i-moments.com\/ca\/wp-json\/wp\/v2\/product"}],"about":[{"href":"https:\/\/i-moments.com\/ca\/wp-json\/wp\/v2\/types\/product"}],"replies":[{"embeddable":true,"href":"https:\/\/i-moments.com\/ca\/wp-json\/wp\/v2\/comments?post=14525"}],"wp:featuredmedia":[{"embeddable":true,"href":"https:\/\/i-moments.com\/ca\/wp-json\/wp\/v2\/media\/18829"}],"wp:attachment":[{"href":"https:\/\/i-moments.com\/ca\/wp-json\/wp\/v2\/media?parent=14525"}],"wp:term":[{"taxonomy":"product_brand","embeddable":true,"href":"https:\/\/i-moments.com\/ca\/wp-json\/wp\/v2\/product_brand?post=14525"},{"taxonomy":"product_cat","embeddable":true,"href":"https:\/\/i-moments.com\/ca\/wp-json\/wp\/v2\/product_cat?post=14525"},{"taxonomy":"product_tag","embeddable":true,"href":"https:\/\/i-moments.com\/ca\/wp-json\/wp\/v2\/product_tag?post=14525"}],"curies":[{"name":"wp","href":"https:\/\/api.w.org\/{rel}","templated":true}]}}