{"id":14529,"date":"2021-01-20T11:38:31","date_gmt":"2021-01-20T11:38:31","guid":{"rendered":"https:\/\/i-moments.com\/p\/sense%20categoria\/botella-termo-500-ml\/"},"modified":"2026-02-20T10:11:49","modified_gmt":"2026-02-20T09:11:49","slug":"ampolla-termo-500-ml","status":"publish","type":"product","link":"https:\/\/i-moments.com\/ca\/p\/ampolla-termo-500-ml\/","title":{"rendered":"Ampolla termo d&#8217; alumini personalitzada 500 ml"},"content":{"rendered":"<h2 style=\"text-align: center;\"><strong>BOTELLA TERMO D&#8217; ALUMINI PERSONALITZADA 500 ML<\/strong><\/h2>\n<p class=\"\" data-start=\"1798\" data-end=\"2078\"><strong data-start=\"1798\" data-end=\"1839\">L&#8217;ampolla termo d&#8217;alumini personalitzada 500 ml<\/strong> \u00e9s perfecta per mantenir les teves begudes fredes o calentes durant hores. Fabricada en <strong data-start=\"1924\" data-end=\"1968\">acer inoxidable amb doble paret a\u00efllada, aquesta ampolla<\/strong> t\u00e8rmica \u00e9s ideal per acompanyar-te a l&#8217;oficina, a l&#8217;esport, d&#8217;excursi\u00f3 o al teu dia a dia. <\/p>\n<p class=\"\" data-start=\"2080\" data-end=\"2307\">Gr\u00e0cies al seu disseny herm\u00e8tic amb tapa de buit sense BPA, evita vessaments i fuites. El seu format compacte i lleuger la fa c\u00f2moda de transportar i perfecta per personalitzar-la amb fotos, noms, il\u00b7lustracions o missatges especials. <\/p>\n<p class=\"\" data-start=\"2309\" data-end=\"2514\">Tria entre els colors <strong data-start=\"2333\" data-end=\"2354\">blanc o met\u00e0l\u00b7lic<\/strong>, ambd\u00f3s amb acabat d&#8217;alta qualitat. Mant\u00e9 <strong data-start=\"2400\" data-end=\"2426\">el fred fins a 12 hores<\/strong> i <strong data-start=\"2429\" data-end=\"2464\">la calor tamb\u00e9 fins a 12 hores<\/strong>, gr\u00e0cies a la seva tecnologia d&#8217;a\u00efllament al buit. <\/p>\n<p class=\"\" data-start=\"2516\" data-end=\"2639\">Aquesta <strong data-start=\"2521\" data-end=\"2564\">ampolla termo d&#8217;alumini personalitzada<\/strong> no nom\u00e9s \u00e9s funcional, tamb\u00e9 \u00e9s un regal original, ecol\u00f2gic i durador.<\/p>\n<h3><span style=\"font-size: 100%;\"><strong>Caracter\u00edstiques:<\/strong><\/span><\/h3>\n<ul>\n<li>Color: Blanc \/ Alumini.<\/li>\n<li>Mida: \u00f87 x 26 cm<\/li>\n<li>Capacitat: 500 ml.<\/li>\n<li>Material: Acer Inoxidable<\/li>\n<li>Doble paret a\u00efllada<\/li>\n<li>Tapa de buit sense BPA<\/li>\n<li>12 hores de Fred<\/li>\n<li>12 hores de Calor<\/li>\n<li>Rentat a m\u00e0<\/li>\n<\/ul>\n<p>&nbsp;<\/p>\n","protected":false},"excerpt":{"rendered":"<p>Ampolla termo personalitzada de 500 ml amb doble paret a\u00efllada. Mant\u00e9 les teves begudes fredes o calentes fins a 12 hores. Disponible en blanc o met\u00e0l\u00b7lic.  <\/p>\n","protected":false},"featured_media":16373,"comment_status":"open","ping_status":"closed","template":"","meta":[],"product_brand":[],"product_cat":[635,572],"product_tag":[854,612,1304,628,1318,1342,1343,636,1344,637,638,639],"class_list":{"0":"post-14529","1":"product","2":"type-product","3":"status-publish","4":"has-post-thumbnail","6":"product_cat-ampolles-i-termos","7":"product_cat-tasses","8":"product_tag-tornada-al-colle","9":"product_tag-summer-vibes-ca","10":"product_tag-per-a-l-oficina","11":"product_tag-dia-de-la-mare","12":"product_tag-regal-original","13":"product_tag-per-a-l-esport","14":"product_tag-sostenible","15":"product_tag-per-a-ell","16":"product_tag-excursions","17":"product_tag-per-a-la-llar","18":"product_tag-per-a-esportistes","19":"product_tag-regals-per-a-profes","21":"first","22":"instock","23":"taxable","24":"shipping-taxable","25":"purchasable","26":"product-type-variable"},"_links":{"self":[{"href":"https:\/\/i-moments.com\/ca\/wp-json\/wp\/v2\/product\/14529","targetHints":{"allow":["GET"]}}],"collection":[{"href":"https:\/\/i-moments.com\/ca\/wp-json\/wp\/v2\/product"}],"about":[{"href":"https:\/\/i-moments.com\/ca\/wp-json\/wp\/v2\/types\/product"}],"replies":[{"embeddable":true,"href":"https:\/\/i-moments.com\/ca\/wp-json\/wp\/v2\/comments?post=14529"}],"wp:featuredmedia":[{"embeddable":true,"href":"https:\/\/i-moments.com\/ca\/wp-json\/wp\/v2\/media\/16373"}],"wp:attachment":[{"href":"https:\/\/i-moments.com\/ca\/wp-json\/wp\/v2\/media?parent=14529"}],"wp:term":[{"taxonomy":"product_brand","embeddable":true,"href":"https:\/\/i-moments.com\/ca\/wp-json\/wp\/v2\/product_brand?post=14529"},{"taxonomy":"product_cat","embeddable":true,"href":"https:\/\/i-moments.com\/ca\/wp-json\/wp\/v2\/product_cat?post=14529"},{"taxonomy":"product_tag","embeddable":true,"href":"https:\/\/i-moments.com\/ca\/wp-json\/wp\/v2\/product_tag?post=14529"}],"curies":[{"name":"wp","href":"https:\/\/api.w.org\/{rel}","templated":true}]}}