{"id":14535,"date":"2021-01-20T11:35:37","date_gmt":"2021-01-20T11:35:37","guid":{"rendered":"https:\/\/i-moments.com\/p\/sense%20categoria\/ampolla-d-alumini-dos-taps\/"},"modified":"2025-09-30T14:57:22","modified_gmt":"2025-09-30T12:57:22","slug":"ampolla-d-alumini","status":"publish","type":"product","link":"https:\/\/i-moments.com\/ca\/p\/ampolla-d-alumini\/","title":{"rendered":"Botella d&#8217; Alumini Personalitzada amb Dos Taps i Mosquet\u00f3"},"content":{"rendered":"<h2 style=\"text-align: center;\"><strong>AMPOLLA D&#8217; ALUMINI PERSONALITZADA AMB DOS TAPS I MOSQUET\u00d3<\/strong><\/h2>\n<p class=\"\" data-start=\"1115\" data-end=\"1398\"><strong data-start=\"1115\" data-end=\"1155\">L&#8217;ampolla d&#8217;alumini personalitzada<\/strong> amb dos taps i mosquet\u00f3 \u00e9s l&#8217;opci\u00f3 ideal per als qui busquen estil, funcionalitat i sostenibilitat. Amb una capacitat de 500 ml, aquesta ampolla lleugera \u00e9s perfecta per acompanyar-te al col\u00b7legi, al gimn\u00e0s, a la feina o a les teves escapades. <\/p>\n<p class=\"\" data-start=\"1400\" data-end=\"1608\">Gr\u00e0cies als seus <strong data-start=\"1414\" data-end=\"1445\">dos taps intercanviables<\/strong> (un de rosca i un altre amb broquet), pots adaptar-la al teu dia a dia. A m\u00e9s, incorpora un <strong data-start=\"1536\" data-end=\"1558\">mosquet\u00f3 met\u00e0l\u00b7lic<\/strong> per penjar-la f\u00e0cilment de la teva motxilla o bolso. <\/p>\n<p class=\"\" data-start=\"1610\" data-end=\"1769\">Personalitza-la amb les teves fotos, dissenys o noms a tot color i crea un regal original i pr\u00e0ctic. Aquesta ampolla \u00e9s reutilitzable, resistent i f\u00e0cil de portar. <\/p>\n<p class=\"\" data-start=\"1771\" data-end=\"1919\">Dile adi\u00f3s al pl\u00e0stic d&#8217;un sol \u00fas amb aquesta <strong data-start=\"1818\" data-end=\"1855\">ampolla d&#8217;alumini personalitzada<\/strong>, pensada per a persones actives i conscients del medi ambient.<\/p>\n<h3><strong>Caracter\u00edstiques:<\/strong><\/h3>\n<ul>\n<li>Colors: Blanc \/ Alumini<\/li>\n<li>Capacitat: 500 ml<\/li>\n<li>Mida: \u00f87,5 x 21 cm<\/li>\n<li>Material: Alumini<\/li>\n<li>2 Taps + Mosquet\u00f3<\/li>\n<li>Rentat a m\u00e0<\/li>\n<\/ul>\n","protected":false},"excerpt":{"rendered":"<p>Ampolla d&#8217; alumini personalitzada de 500 ml amb dos taps i mosquet\u00f3. Ideal per al col\u00b7le, esport o regal sostenible. Personalitza-la amb les teves fotos o dissenys \u00fanics.  <\/p>\n","protected":false},"featured_media":10248,"comment_status":"open","ping_status":"closed","template":"","meta":[],"product_brand":[1265],"product_cat":[635,572],"product_tag":[636,637,638,854,612],"class_list":{"0":"post-14535","1":"product","2":"type-product","3":"status-publish","4":"has-post-thumbnail","6":"product_brand-i-moments","7":"product_cat-ampolles-i-termos","8":"product_cat-tasses","9":"product_tag-per-a-ell","10":"product_tag-per-a-la-llar","11":"product_tag-per-a-esportistes","12":"product_tag-tornada-al-colle","13":"product_tag-summer-vibes-ca","15":"first","16":"instock","17":"taxable","18":"shipping-taxable","19":"purchasable","20":"product-type-variable"},"_links":{"self":[{"href":"https:\/\/i-moments.com\/ca\/wp-json\/wp\/v2\/product\/14535","targetHints":{"allow":["GET"]}}],"collection":[{"href":"https:\/\/i-moments.com\/ca\/wp-json\/wp\/v2\/product"}],"about":[{"href":"https:\/\/i-moments.com\/ca\/wp-json\/wp\/v2\/types\/product"}],"replies":[{"embeddable":true,"href":"https:\/\/i-moments.com\/ca\/wp-json\/wp\/v2\/comments?post=14535"}],"wp:featuredmedia":[{"embeddable":true,"href":"https:\/\/i-moments.com\/ca\/wp-json\/wp\/v2\/media\/10248"}],"wp:attachment":[{"href":"https:\/\/i-moments.com\/ca\/wp-json\/wp\/v2\/media?parent=14535"}],"wp:term":[{"taxonomy":"product_brand","embeddable":true,"href":"https:\/\/i-moments.com\/ca\/wp-json\/wp\/v2\/product_brand?post=14535"},{"taxonomy":"product_cat","embeddable":true,"href":"https:\/\/i-moments.com\/ca\/wp-json\/wp\/v2\/product_cat?post=14535"},{"taxonomy":"product_tag","embeddable":true,"href":"https:\/\/i-moments.com\/ca\/wp-json\/wp\/v2\/product_tag?post=14535"}],"curies":[{"name":"wp","href":"https:\/\/api.w.org\/{rel}","templated":true}]}}