{"id":14541,"date":"2021-01-20T11:30:19","date_gmt":"2021-01-20T11:30:19","guid":{"rendered":"https:\/\/i-moments.com\/p\/sense%20categoria\/termo-blanc-d-alumini-500-ml-personalitzat\/"},"modified":"2026-03-30T13:26:31","modified_gmt":"2026-03-30T11:26:31","slug":"termo-blanc-de-alumini-500-ml-personalitzat","status":"publish","type":"product","link":"https:\/\/i-moments.com\/ca\/p\/termo-blanc-de-alumini-500-ml-personalitzat\/","title":{"rendered":"Termo Blanco de Aluminio 500 ml Personalitzat"},"content":{"rendered":"<h2 style=\"text-align: center;\"><strong>TERMO BLANC D&#8217; ALUMINI 500 ML PERSONALITZAT<\/strong><\/h2>\n<p class=\"\" data-start=\"1211\" data-end=\"1501\"><strong data-start=\"1211\" data-end=\"1251\">El termo personalitzat blanc 500 ml<\/strong> \u00e9s perfecte per portar el teu caf\u00e8, te o infusi\u00f3 mantenint la temperatura durant hores. Gr\u00e0cies al seu disseny amb <strong data-start=\"1365\" data-end=\"1407\">doble paret a\u00efllada i tancament herm\u00e8tic<\/strong>, aquest termo d&#8217;alumini \u00e9s ideal per als qui valoren la practicitat sense renunciar a l&#8217;estil. <\/p>\n<p class=\"\" data-start=\"1503\" data-end=\"1711\">Fabricat en <strong data-start=\"1516\" data-end=\"1536\">acer inoxidable<\/strong>, \u00e9s resistent, lleuger i durador. Pots personalitzar-ho amb <strong data-start=\"1598\" data-end=\"1640\">fotos, noms, textos o il\u00b7lustracions<\/strong>, convertint-lo en un regal \u00fanic i funcional per a qualsevol ocasi\u00f3. <\/p>\n<p class=\"\" data-start=\"1713\" data-end=\"1987\">Amb la seva capacitat de 500 ml i acabat blanc mat, \u00e9s f\u00e0cil de transportar i combina amb qualsevol entorn: oficina, cotxe, excursions o casa. Aquest <strong data-start=\"1861\" data-end=\"1896\">termo d&#8217;alumini personalitzat<\/strong> t&#8217;ajudar\u00e0 a reduir residus mentre gaudeixes de les teves begudes a la temperatura perfecta. <\/p>\n<h3><strong>Caracter\u00edstiques:<\/strong><\/h3>\n<ul>\n<li>Color: Blanc<\/li>\n<li>Mida: \u00f87 x 24 cms<\/li>\n<li>Capacitat: 500 ml<\/li>\n<li>Material: Acer Inoxidable<\/li>\n<li>Doble paret a\u00efllada<\/li>\n<li>Rentat a m\u00e0<\/li>\n<\/ul>\n","protected":false},"excerpt":{"rendered":"<p>Termo blanc personalitzat d&#8217; alumini 500 ml amb doble paret a\u00efllada. Mant\u00e9 begudes calentes durant hores. Personalitza&#8217;l amb el teu disseny, nom o foto.  <\/p>\n","protected":false},"featured_media":10252,"comment_status":"open","ping_status":"closed","template":"","meta":[],"product_brand":[],"product_cat":[635,572],"product_tag":[1343,1347,1348,636,637,638,854,1304],"class_list":{"0":"post-14541","1":"product","2":"type-product","3":"status-publish","4":"has-post-thumbnail","6":"product_cat-ampolles-i-termos","7":"product_cat-tasses","8":"product_tag-sostenible","9":"product_tag-per-al-treball","10":"product_tag-personalitzat-amb-foto","11":"product_tag-per-a-ell","12":"product_tag-per-a-la-llar","13":"product_tag-per-a-esportistes","14":"product_tag-tornada-al-colle","15":"product_tag-per-a-l-oficina","17":"first","18":"instock","19":"taxable","20":"shipping-taxable","21":"purchasable","22":"product-type-simple"},"_links":{"self":[{"href":"https:\/\/i-moments.com\/ca\/wp-json\/wp\/v2\/product\/14541","targetHints":{"allow":["GET"]}}],"collection":[{"href":"https:\/\/i-moments.com\/ca\/wp-json\/wp\/v2\/product"}],"about":[{"href":"https:\/\/i-moments.com\/ca\/wp-json\/wp\/v2\/types\/product"}],"replies":[{"embeddable":true,"href":"https:\/\/i-moments.com\/ca\/wp-json\/wp\/v2\/comments?post=14541"}],"wp:featuredmedia":[{"embeddable":true,"href":"https:\/\/i-moments.com\/ca\/wp-json\/wp\/v2\/media\/10252"}],"wp:attachment":[{"href":"https:\/\/i-moments.com\/ca\/wp-json\/wp\/v2\/media?parent=14541"}],"wp:term":[{"taxonomy":"product_brand","embeddable":true,"href":"https:\/\/i-moments.com\/ca\/wp-json\/wp\/v2\/product_brand?post=14541"},{"taxonomy":"product_cat","embeddable":true,"href":"https:\/\/i-moments.com\/ca\/wp-json\/wp\/v2\/product_cat?post=14541"},{"taxonomy":"product_tag","embeddable":true,"href":"https:\/\/i-moments.com\/ca\/wp-json\/wp\/v2\/product_tag?post=14541"}],"curies":[{"name":"wp","href":"https:\/\/api.w.org\/{rel}","templated":true}]}}