{"id":14555,"date":"2021-01-20T11:06:35","date_gmt":"2021-01-20T11:06:35","guid":{"rendered":"https:\/\/i-moments.com\/p\/sense%20categoria\/tovallola-capa-bebe-personalitzada\/"},"modified":"2025-09-30T14:58:18","modified_gmt":"2025-09-30T12:58:18","slug":"tovallola-capa-bebe-personalitzada","status":"publish","type":"product","link":"https:\/\/i-moments.com\/ca\/p\/tovallola-capa-bebe-personalitzada\/","title":{"rendered":"Tovallola Capa Beb\u00e9 Personalitzada"},"content":{"rendered":"<h2 style=\"text-align: center;\"><strong>TOALLA CAPA NAD\u00d3 PERSONALITZADA<\/strong><\/h2>\n<p>\u00c9s ideal per assecar el teu nad\u00f3 despr\u00e9s del bany o arrossegar-lo despr\u00e9s de la piscina o la platja. Perfecta com a regal del naixement o per a una embarassada.<\/p>\n<h3><strong>Caracter\u00edstiques:<\/strong><\/h3>\n<ul>\n<li>Interior: 100% Cot\u00f3<\/li>\n<li>Exterior: 100% Poli\u00e8ster Suau<\/li>\n<li>Mida: 80 x 80 cms<\/li>\n<li>Rentar a M\u00e0quina<\/li>\n<li>Producte Certificat<\/li>\n<li>Etiqueta OEKO-TEX<\/li>\n<\/ul>\n","protected":false},"excerpt":{"rendered":"<ul>\n<li>Interior: 100% Cot\u00f3<\/li>\n<li>Exterior: 100% Poli\u00e8ster Suau<\/li>\n<li>Mida: 80 x 80 cms<\/li>\n<li>Rentar a M\u00e0quina<\/li>\n<li>Producte Certificat<\/li>\n<li>Etiqueta OEKO-TEX<\/li>\n<\/ul>\n","protected":false},"featured_media":9852,"comment_status":"open","ping_status":"closed","template":"","meta":[],"product_brand":[],"product_cat":[609,712],"product_tag":[612,649],"class_list":{"0":"post-14555","1":"product","2":"type-product","3":"status-publish","4":"has-post-thumbnail","6":"product_cat-regala-productes-personalitzats","7":"product_cat-per-a-nadons","8":"product_tag-summer-vibes-ca","9":"product_tag-nadons","11":"first","12":"instock","13":"taxable","14":"shipping-taxable","15":"purchasable","16":"product-type-simple"},"_links":{"self":[{"href":"https:\/\/i-moments.com\/ca\/wp-json\/wp\/v2\/product\/14555","targetHints":{"allow":["GET"]}}],"collection":[{"href":"https:\/\/i-moments.com\/ca\/wp-json\/wp\/v2\/product"}],"about":[{"href":"https:\/\/i-moments.com\/ca\/wp-json\/wp\/v2\/types\/product"}],"replies":[{"embeddable":true,"href":"https:\/\/i-moments.com\/ca\/wp-json\/wp\/v2\/comments?post=14555"}],"wp:featuredmedia":[{"embeddable":true,"href":"https:\/\/i-moments.com\/ca\/wp-json\/wp\/v2\/media\/9852"}],"wp:attachment":[{"href":"https:\/\/i-moments.com\/ca\/wp-json\/wp\/v2\/media?parent=14555"}],"wp:term":[{"taxonomy":"product_brand","embeddable":true,"href":"https:\/\/i-moments.com\/ca\/wp-json\/wp\/v2\/product_brand?post=14555"},{"taxonomy":"product_cat","embeddable":true,"href":"https:\/\/i-moments.com\/ca\/wp-json\/wp\/v2\/product_cat?post=14555"},{"taxonomy":"product_tag","embeddable":true,"href":"https:\/\/i-moments.com\/ca\/wp-json\/wp\/v2\/product_tag?post=14555"}],"curies":[{"name":"wp","href":"https:\/\/api.w.org\/{rel}","templated":true}]}}