{"id":14573,"date":"2021-01-20T10:48:36","date_gmt":"2021-01-20T10:48:36","guid":{"rendered":"https:\/\/i-moments.com\/p\/sense%20categoria\/foto-iman-cuadrado-7x7-cm\/"},"modified":"2026-03-30T14:07:49","modified_gmt":"2026-03-30T12:07:49","slug":"foto-iman-quadrat-7x7-cm","status":"publish","type":"product","link":"https:\/\/i-moments.com\/ca\/p\/foto-iman-quadrat-7x7-cm\/","title":{"rendered":"Foto Im\u00e1n Cuadrado 7&#215;7 cm"},"content":{"rendered":"<h2 style=\"text-align: center;\"><strong>FOTO IM\u00c1N CUADRADO 7&#215;7 CM<\/strong><\/h2>\n<p>Descobreix com en tres clicks, crees, dissenyes i encarregues les teves millors fotos en imants divertits per a la teva nevera. A m\u00e9s, si la teva idea \u00e9s regalar-los, podr\u00e0s escollir entre boniques caixes de regal.<\/p>\n<h3><strong>Caracter\u00edstiques:<\/strong><\/h3>\n<ul>\n<li>Imants flexibles<\/li>\n<li>Mides: 7x7cm<\/li>\n<li>Pack 20 Uds | 40 Uds<\/li>\n<li>Caixa de regal opcional<\/li>\n<\/ul>\n<p>&nbsp;<\/p>\n<p>&nbsp;<\/p>\n","protected":false},"excerpt":{"rendered":"<ul>\n<li>Imants flexibles<\/li>\n<li>Mides: 7x7cm<\/li>\n<li>Pack 20 Uds | 40 Uds<\/li>\n<li>Caixa de regal opcional<\/li>\n<\/ul>\n<p>&nbsp;<\/p>\n","protected":false},"featured_media":11002,"comment_status":"open","ping_status":"closed","template":"","meta":[],"product_brand":[],"product_cat":[785,647],"product_tag":[628,649,650,651,1159],"class_list":{"0":"post-14573","1":"product","2":"type-product","3":"status-publish","4":"has-post-thumbnail","6":"product_cat-foto-imant-quadrat","7":"product_cat-imants-personalitzats","8":"product_tag-dia-de-la-mare","9":"product_tag-nadons","10":"product_tag-graduacions","11":"product_tag-vacances","12":"product_tag-esdeveniments","14":"first","15":"instock","16":"taxable","17":"shipping-taxable","18":"purchasable","19":"product-type-variable"},"_links":{"self":[{"href":"https:\/\/i-moments.com\/ca\/wp-json\/wp\/v2\/product\/14573","targetHints":{"allow":["GET"]}}],"collection":[{"href":"https:\/\/i-moments.com\/ca\/wp-json\/wp\/v2\/product"}],"about":[{"href":"https:\/\/i-moments.com\/ca\/wp-json\/wp\/v2\/types\/product"}],"replies":[{"embeddable":true,"href":"https:\/\/i-moments.com\/ca\/wp-json\/wp\/v2\/comments?post=14573"}],"wp:featuredmedia":[{"embeddable":true,"href":"https:\/\/i-moments.com\/ca\/wp-json\/wp\/v2\/media\/11002"}],"wp:attachment":[{"href":"https:\/\/i-moments.com\/ca\/wp-json\/wp\/v2\/media?parent=14573"}],"wp:term":[{"taxonomy":"product_brand","embeddable":true,"href":"https:\/\/i-moments.com\/ca\/wp-json\/wp\/v2\/product_brand?post=14573"},{"taxonomy":"product_cat","embeddable":true,"href":"https:\/\/i-moments.com\/ca\/wp-json\/wp\/v2\/product_cat?post=14573"},{"taxonomy":"product_tag","embeddable":true,"href":"https:\/\/i-moments.com\/ca\/wp-json\/wp\/v2\/product_tag?post=14573"}],"curies":[{"name":"wp","href":"https:\/\/api.w.org\/{rel}","templated":true}]}}