{"id":14577,"date":"2021-01-20T10:46:28","date_gmt":"2021-01-20T10:46:28","guid":{"rendered":"https:\/\/i-moments.com\/p\/sense%20categoria\/tires-de-fotos-iman\/"},"modified":"2026-02-24T12:10:05","modified_gmt":"2026-02-24T11:10:05","slug":"tires-de-fotos-iman","status":"publish","type":"product","link":"https:\/\/i-moments.com\/ca\/p\/tires-de-fotos-iman\/","title":{"rendered":"Tires de Fotos amb Imant"},"content":{"rendered":"<h2 style=\"text-align: center;\"><strong>TIRES DE FOTOS AMB IMANT<\/strong><\/h2>\n<p>Gr\u00e0cies al nou format de Tires Foto amb imant flexible \u00e9s possible tenir sempre contigo els teus \u00e9ssers estimats.<\/p>\n<p>Demana ara el format de fotos tipus fotomat\u00f3, com antigament, en un set de 6 tires.<\/p>\n<h3><strong>Caracter\u00edstiques:<\/strong><\/h3>\n<ul>\n<li>Imants flexibles<\/li>\n<li>Packs: 6 tires iguals \/ 6 tires diferents.<\/li>\n<li>Mida: 6x24cm.<\/li>\n<\/ul>\n","protected":false},"excerpt":{"rendered":"<ul>\n<li>Imants flexibles<\/li>\n<li>Packs: 6 tires iguals \/ 6 tires diferents.<\/li>\n<li>Mida: 6x24cm.<\/li>\n<\/ul>\n<div>\n<div><\/div>\n<\/div>\n","protected":false},"featured_media":25811,"comment_status":"open","ping_status":"closed","template":"","meta":[],"product_brand":[],"product_cat":[791,647],"product_tag":[706,1159,627,636,650,651,686,698],"class_list":{"0":"post-14577","1":"product","2":"type-product","3":"status-publish","4":"has-post-thumbnail","6":"product_cat-tires-de-fotos-amb-imant","7":"product_cat-imants-personalitzats","8":"product_tag-per-a-ella","9":"product_tag-esdeveniments","10":"product_tag-dia-del-pare","11":"product_tag-per-a-ell","12":"product_tag-graduacions","13":"product_tag-vacances","14":"product_tag-sant-valenti","15":"product_tag-primera-comunio","17":"first","18":"instock","19":"taxable","20":"shipping-taxable","21":"purchasable","22":"product-type-variable"},"_links":{"self":[{"href":"https:\/\/i-moments.com\/ca\/wp-json\/wp\/v2\/product\/14577","targetHints":{"allow":["GET"]}}],"collection":[{"href":"https:\/\/i-moments.com\/ca\/wp-json\/wp\/v2\/product"}],"about":[{"href":"https:\/\/i-moments.com\/ca\/wp-json\/wp\/v2\/types\/product"}],"replies":[{"embeddable":true,"href":"https:\/\/i-moments.com\/ca\/wp-json\/wp\/v2\/comments?post=14577"}],"wp:featuredmedia":[{"embeddable":true,"href":"https:\/\/i-moments.com\/ca\/wp-json\/wp\/v2\/media\/25811"}],"wp:attachment":[{"href":"https:\/\/i-moments.com\/ca\/wp-json\/wp\/v2\/media?parent=14577"}],"wp:term":[{"taxonomy":"product_brand","embeddable":true,"href":"https:\/\/i-moments.com\/ca\/wp-json\/wp\/v2\/product_brand?post=14577"},{"taxonomy":"product_cat","embeddable":true,"href":"https:\/\/i-moments.com\/ca\/wp-json\/wp\/v2\/product_cat?post=14577"},{"taxonomy":"product_tag","embeddable":true,"href":"https:\/\/i-moments.com\/ca\/wp-json\/wp\/v2\/product_tag?post=14577"}],"curies":[{"name":"wp","href":"https:\/\/api.w.org\/{rel}","templated":true}]}}