{"id":14581,"date":"2021-01-20T10:40:52","date_gmt":"2021-01-20T10:40:52","guid":{"rendered":"https:\/\/i-moments.com\/p\/sense%20categoria\/lienzo-lux-personalitzat\/"},"modified":"2023-09-18T12:49:32","modified_gmt":"2023-09-18T10:49:32","slug":"llenc-lux-personalitzat","status":"publish","type":"product","link":"https:\/\/i-moments.com\/ca\/p\/llenc-lux-personalitzat\/","title":{"rendered":"Lienzo Lux Personalitzat"},"content":{"rendered":"<h2 style=\"text-align: center;\"><strong>LIENZO LUX PERSONALITZAT<\/strong><\/h2>\n<p>El Lienzo Lux Personalitzat, est\u00e0 impr\u00e8s amb la major qualitat i resoluci\u00f3 del mercat i la impressi\u00f3 va protegida amb un vern\u00eds especial desenvolupat per i-moments perqu\u00e8 els colors no s&#8217;alterin amb el pas del temps, alhora protegeix la impressi\u00f3 de productes de neteja que podrien afectar la tela.<\/p>\n<h3><strong>Caracter\u00edstiques:<\/strong><\/h3>\n<ul>\n<li>Material: Tela de Cot\u00f3 de 320 gr<\/li>\n<li>Impressi\u00f3: Tecnologia d&#8217; HP<\/li>\n<li>Acabat: Barniz amb protecci\u00f3 UV<\/li>\n<li>Bastidor: 3,5 cm<\/li>\n<li>Mida: des de 20\u00d720 cm fins a 120\u00d780 cm<\/li>\n<li>Kit per penjar: Opcional<\/li>\n<\/ul>\n","protected":false},"excerpt":{"rendered":"<ul>\n<li>Material: Tela de Cot\u00f3 de 320 gr<\/li>\n<li>Impressi\u00f3: Tecnologia d&#8217; HP<\/li>\n<li>Acabat: Barniz amb protecci\u00f3 UV<\/li>\n<li>Bastidor: 3,5 cm<\/li>\n<li>Mida: des de 20\u00d720 cm fins a 120\u00d780 cm<\/li>\n<li>Kit per penjar: Opcional<\/li>\n<\/ul>\n","protected":false},"featured_media":20404,"comment_status":"open","ping_status":"closed","template":"","meta":[],"product_brand":[],"product_cat":[793],"product_tag":[621,628,686,839],"class_list":{"0":"post-14581","1":"product","2":"type-product","3":"status-publish","4":"has-post-thumbnail","6":"product_cat-llencos-personalitzats","7":"product_tag-nadal","8":"product_tag-dia-de-la-mare","9":"product_tag-sant-valenti","10":"product_tag-decora-ca","12":"first","13":"instock","14":"taxable","15":"shipping-taxable","16":"purchasable","17":"product-type-variable"},"_links":{"self":[{"href":"https:\/\/i-moments.com\/ca\/wp-json\/wp\/v2\/product\/14581","targetHints":{"allow":["GET"]}}],"collection":[{"href":"https:\/\/i-moments.com\/ca\/wp-json\/wp\/v2\/product"}],"about":[{"href":"https:\/\/i-moments.com\/ca\/wp-json\/wp\/v2\/types\/product"}],"replies":[{"embeddable":true,"href":"https:\/\/i-moments.com\/ca\/wp-json\/wp\/v2\/comments?post=14581"}],"wp:featuredmedia":[{"embeddable":true,"href":"https:\/\/i-moments.com\/ca\/wp-json\/wp\/v2\/media\/20404"}],"wp:attachment":[{"href":"https:\/\/i-moments.com\/ca\/wp-json\/wp\/v2\/media?parent=14581"}],"wp:term":[{"taxonomy":"product_brand","embeddable":true,"href":"https:\/\/i-moments.com\/ca\/wp-json\/wp\/v2\/product_brand?post=14581"},{"taxonomy":"product_cat","embeddable":true,"href":"https:\/\/i-moments.com\/ca\/wp-json\/wp\/v2\/product_cat?post=14581"},{"taxonomy":"product_tag","embeddable":true,"href":"https:\/\/i-moments.com\/ca\/wp-json\/wp\/v2\/product_tag?post=14581"}],"curies":[{"name":"wp","href":"https:\/\/api.w.org\/{rel}","templated":true}]}}