{"id":14593,"date":"2021-01-20T11:13:00","date_gmt":"2021-01-20T11:13:00","guid":{"rendered":"https:\/\/i-moments.com\/p\/sense%20categoria\/babero-bebe-personalitzat\/"},"modified":"2025-09-30T14:57:44","modified_gmt":"2025-09-30T12:57:44","slug":"babero-bebe-personalitzat","status":"publish","type":"product","link":"https:\/\/i-moments.com\/ca\/p\/babero-bebe-personalitzat\/","title":{"rendered":"Babero Beb\u00e9 Personalitzat"},"content":{"rendered":"<h2 style=\"text-align: center;\"><strong>BABERO BEB\u00c9 PERSONALITZAT<\/strong><\/h2>\n<p>Converteix l&#8217;hora del menjar en un moment divertit amb aquest bonic babero, que li encantar\u00e0 als nens.<br \/>\nEs pot rentar i \u00e9s f\u00e0cil de planxar. Perfecte per a la guarderia, com a regal per a un naixement o un aniversari o per a pap\u00e0s i mam\u00e0s.<\/p>\n<h3><strong>Caracter\u00edstiques:<\/strong><\/h3>\n<p>Babero Tancament Velcro<\/p>\n<ul>\n<li>100% Poli\u00e8ster<\/li>\n<li>Tacte Alg\u00f3don<\/li>\n<li>Color: Blanc<\/li>\n<li>Mida: 27 x 35 cm<\/li>\n<\/ul>\n","protected":false},"excerpt":{"rendered":"<p>Converteix l&#8217;hora de dinar en un moment divertit amb aquest original babero nad\u00f3 personalitzat<\/p>\n<p>Babero Tancament Velcro<\/p>\n<ul>\n<li>100% Poli\u00e8ster<\/li>\n<li>Tacte Alg\u00f3don<\/li>\n<li>Color: Blanc<\/li>\n<li>Mida: 27 x 35 cm<\/li>\n<\/ul>\n","protected":false},"featured_media":13195,"comment_status":"open","ping_status":"closed","template":"","meta":[],"product_brand":[],"product_cat":[609,712],"product_tag":[649],"class_list":{"0":"post-14593","1":"product","2":"type-product","3":"status-publish","4":"has-post-thumbnail","6":"product_cat-regala-productes-personalitzats","7":"product_cat-per-a-nadons","8":"product_tag-nadons","10":"first","11":"instock","12":"taxable","13":"shipping-taxable","14":"purchasable","15":"product-type-simple"},"_links":{"self":[{"href":"https:\/\/i-moments.com\/ca\/wp-json\/wp\/v2\/product\/14593","targetHints":{"allow":["GET"]}}],"collection":[{"href":"https:\/\/i-moments.com\/ca\/wp-json\/wp\/v2\/product"}],"about":[{"href":"https:\/\/i-moments.com\/ca\/wp-json\/wp\/v2\/types\/product"}],"replies":[{"embeddable":true,"href":"https:\/\/i-moments.com\/ca\/wp-json\/wp\/v2\/comments?post=14593"}],"wp:featuredmedia":[{"embeddable":true,"href":"https:\/\/i-moments.com\/ca\/wp-json\/wp\/v2\/media\/13195"}],"wp:attachment":[{"href":"https:\/\/i-moments.com\/ca\/wp-json\/wp\/v2\/media?parent=14593"}],"wp:term":[{"taxonomy":"product_brand","embeddable":true,"href":"https:\/\/i-moments.com\/ca\/wp-json\/wp\/v2\/product_brand?post=14593"},{"taxonomy":"product_cat","embeddable":true,"href":"https:\/\/i-moments.com\/ca\/wp-json\/wp\/v2\/product_cat?post=14593"},{"taxonomy":"product_tag","embeddable":true,"href":"https:\/\/i-moments.com\/ca\/wp-json\/wp\/v2\/product_tag?post=14593"}],"curies":[{"name":"wp","href":"https:\/\/api.w.org\/{rel}","templated":true}]}}