{"id":14597,"date":"2021-01-20T11:11:13","date_gmt":"2021-01-20T11:11:13","guid":{"rendered":"https:\/\/i-moments.com\/p\/sense%20categoria\/termo-bebe-personalizado\/"},"modified":"2025-12-30T09:04:49","modified_gmt":"2025-12-30T08:04:49","slug":"termo-bebe-personalitzat","status":"publish","type":"product","link":"https:\/\/i-moments.com\/ca\/p\/termo-bebe-personalitzat\/","title":{"rendered":"Termo Beb\u00e9 Personalizado"},"content":{"rendered":"<h2 style=\"text-align: center;\"><strong>TERMO BEB\u00c9 PERSONALITZAT<\/strong><\/h2>\n<p>Original termo personalitzat, que pots personalitzar amb el teu disseny o un nostre, la teva millor foto, afegir textos i nom.<br \/>\nAguanta la calor i el fred de les begudes i menjars per a les teves peque\u00f1@s, fins a 6h. per a l\u00edquids calents i fins a 8h. per als freds. Aquest termo per a nens \u00e9s ideal per a l&#8217;escola. Mant\u00e9 la beguda fresca i refrescant fora de la nevera. La vora llis fa que sigui segura per als nens beure. Despr\u00e9s de cada \u00fas, es pot netejar f\u00e0cilment ja que t\u00e9 una \u00e0mplia obertura. Aix\u00f2 \u00e9s important per mantenir una bona higiene.<\/p>\n<p>aquesta ampolla tamb\u00e9 \u00e9s una opci\u00f3 sostenible! Digui &#8220;adi\u00f3s&#8221; al pl\u00e0stic d&#8217;un sol \u00fas! directament del biber\u00f3.<\/p>\n<h3><strong>Caracter\u00edstiques:<\/strong><\/h3>\n<ul>\n<li>Color: Blanc<\/li>\n<li>Mida: \u00f87 x 24 cms<\/li>\n<li>Capacitat 320 ml<\/li>\n<li>Material: Acer Inoxidable<\/li>\n<li>Doble paret a\u00efllada<\/li>\n<li>Rentat a m\u00e0<\/li>\n<li>6 hores (Calent)<\/li>\n<li>8 Hores (Fred)<\/li>\n<\/ul>\n","protected":false},"excerpt":{"rendered":"<ul>\n<li>Color: Blanc<\/li>\n<li>Mida: \u00f87 x 24 cms<\/li>\n<li>Capacitat 320 ml<\/li>\n<li>Material: Acer Inoxidable<\/li>\n<li>Doble paret a\u00efllada<\/li>\n<li>Rentat a m\u00e0<\/li>\n<li>6 hores (Calent)<\/li>\n<li>8 Hores (Fred)<\/li>\n<\/ul>\n","protected":false},"featured_media":11362,"comment_status":"open","ping_status":"closed","template":"","meta":[],"product_brand":[],"product_cat":[609,712],"product_tag":[649],"class_list":{"0":"post-14597","1":"product","2":"type-product","3":"status-publish","4":"has-post-thumbnail","6":"product_cat-regala-productes-personalitzats","7":"product_cat-per-a-nadons","8":"product_tag-nadons","10":"first","11":"instock","12":"taxable","13":"shipping-taxable","14":"purchasable","15":"product-type-variable"},"_links":{"self":[{"href":"https:\/\/i-moments.com\/ca\/wp-json\/wp\/v2\/product\/14597","targetHints":{"allow":["GET"]}}],"collection":[{"href":"https:\/\/i-moments.com\/ca\/wp-json\/wp\/v2\/product"}],"about":[{"href":"https:\/\/i-moments.com\/ca\/wp-json\/wp\/v2\/types\/product"}],"replies":[{"embeddable":true,"href":"https:\/\/i-moments.com\/ca\/wp-json\/wp\/v2\/comments?post=14597"}],"wp:featuredmedia":[{"embeddable":true,"href":"https:\/\/i-moments.com\/ca\/wp-json\/wp\/v2\/media\/11362"}],"wp:attachment":[{"href":"https:\/\/i-moments.com\/ca\/wp-json\/wp\/v2\/media?parent=14597"}],"wp:term":[{"taxonomy":"product_brand","embeddable":true,"href":"https:\/\/i-moments.com\/ca\/wp-json\/wp\/v2\/product_brand?post=14597"},{"taxonomy":"product_cat","embeddable":true,"href":"https:\/\/i-moments.com\/ca\/wp-json\/wp\/v2\/product_cat?post=14597"},{"taxonomy":"product_tag","embeddable":true,"href":"https:\/\/i-moments.com\/ca\/wp-json\/wp\/v2\/product_tag?post=14597"}],"curies":[{"name":"wp","href":"https:\/\/api.w.org\/{rel}","templated":true}]}}