{"id":14605,"date":"2021-01-20T10:52:23","date_gmt":"2021-01-20T10:52:23","guid":{"rendered":"https:\/\/i-moments.com\/p\/sense%20categoria\/foto-iman-redondo-o7-cm\/"},"modified":"2025-12-23T08:18:57","modified_gmt":"2025-12-23T07:18:57","slug":"iman-redondo-o7-cm-pack-24-48-uds","status":"publish","type":"product","link":"https:\/\/i-moments.com\/ca\/p\/iman-redondo-o7-cm-pack-24-48-uds\/","title":{"rendered":"Foto Im\u00e1n Redondo \u00f87 Cm"},"content":{"rendered":"<h2 style=\"text-align: center;\"><strong>FOTO IM\u00c1N REDONDO \u00d87 CM<\/strong><\/h2>\n<p>Personalitza els teus imants amb els teus dissenys i il\u00b7lustracions, amb les teves fotos o amb el logotip de la teva empresa.<\/p>\n<p>Els nostres imants flexibles personalitzats estan realitzats amb materials d&#8217;alta qualitat que t&#8217;asseguraran l&#8217;esgarrifan\u00e7a i la durabilitat del producte.<br \/>\nIdeals per incloure la teva informaci\u00f3 corporativa, per a empreses en les quals es realitzin reserves o cites pr\u00e8vies, o per tenir un bonic record d&#8217;un dia especial, s\u00f3n l&#8217;element perfecte tant per a empreses de serveis, de menjar r\u00e0pid i tamb\u00e9 per a particulars.<\/p>\n<p><strong>Caracter\u00edstiques<\/strong><\/p>\n<ul>\n<li>Imants flexibles<\/li>\n<li>Mida: \u00f87 cm<\/li>\n<li>Pack 24 Uds | 48 Uds<\/li>\n<li>Caixa de regal opcional<\/li>\n<\/ul>\n","protected":false},"excerpt":{"rendered":"<ul>\n<li>Imants flexibles<\/li>\n<li>Mida: \u00f87 cm<\/li>\n<li>Pack 24 Uds | 48 Uds<\/li>\n<li>Caixa de regal opcional<\/li>\n<\/ul>\n","protected":false},"featured_media":11006,"comment_status":"open","ping_status":"closed","template":"","meta":[],"product_brand":[],"product_cat":[787,647],"product_tag":[650,651,1159],"class_list":{"0":"post-14605","1":"product","2":"type-product","3":"status-publish","4":"has-post-thumbnail","6":"product_cat-foto-imant-rodo","7":"product_cat-imants-personalitzats","8":"product_tag-graduacions","9":"product_tag-vacances","10":"product_tag-esdeveniments","12":"first","13":"instock","14":"taxable","15":"shipping-taxable","16":"purchasable","17":"product-type-variable"},"_links":{"self":[{"href":"https:\/\/i-moments.com\/ca\/wp-json\/wp\/v2\/product\/14605","targetHints":{"allow":["GET"]}}],"collection":[{"href":"https:\/\/i-moments.com\/ca\/wp-json\/wp\/v2\/product"}],"about":[{"href":"https:\/\/i-moments.com\/ca\/wp-json\/wp\/v2\/types\/product"}],"replies":[{"embeddable":true,"href":"https:\/\/i-moments.com\/ca\/wp-json\/wp\/v2\/comments?post=14605"}],"wp:featuredmedia":[{"embeddable":true,"href":"https:\/\/i-moments.com\/ca\/wp-json\/wp\/v2\/media\/11006"}],"wp:attachment":[{"href":"https:\/\/i-moments.com\/ca\/wp-json\/wp\/v2\/media?parent=14605"}],"wp:term":[{"taxonomy":"product_brand","embeddable":true,"href":"https:\/\/i-moments.com\/ca\/wp-json\/wp\/v2\/product_brand?post=14605"},{"taxonomy":"product_cat","embeddable":true,"href":"https:\/\/i-moments.com\/ca\/wp-json\/wp\/v2\/product_cat?post=14605"},{"taxonomy":"product_tag","embeddable":true,"href":"https:\/\/i-moments.com\/ca\/wp-json\/wp\/v2\/product_tag?post=14605"}],"curies":[{"name":"wp","href":"https:\/\/api.w.org\/{rel}","templated":true}]}}