{"id":14615,"date":"2021-01-20T09:48:11","date_gmt":"2021-01-20T09:48:11","guid":{"rendered":"https:\/\/i-moments.com\/p\/sense%20categoria\/foto-panell-sobretaula\/"},"modified":"2026-01-19T10:44:30","modified_gmt":"2026-01-19T09:44:30","slug":"foto-panell-sobretaula","status":"publish","type":"product","link":"https:\/\/i-moments.com\/ca\/p\/foto-panell-sobretaula\/","title":{"rendered":"Foto Panell Sobretaula"},"content":{"rendered":"<h2 style=\"text-align: center;\"><strong>FOTO PANEL SOBREMESA<\/strong><\/h2>\n<p>La versi\u00f3 de Sobretaula, \u00e9s una manera diferent de crear un marc porta fotos, modern i elegant. No cont\u00e9 vidre i \u00e9s s\u00faper f\u00e0cil de netejar. Impressi\u00f3 en alta qualitat fotogr\u00e0fica, protegida amb un laminat mat sobre un panell de Fusta de DM 1 cm de gruix.<\/p>\n<h3><strong>Caracter\u00edstiques:<\/strong><\/h3>\n<ul>\n<li>Impressi\u00f3 fotogr\u00e0fica<\/li>\n<li>Acabat: Laminat mat<\/li>\n<li>Color Cant: Blanc o Negre<\/li>\n<li>Ample de la Fusta 1 cm<\/li>\n<li>Format: Vertical o Horitzontal<\/li>\n<li>Inclou ranura per penjar<\/li>\n<\/ul>\n","protected":false},"excerpt":{"rendered":"<ul>\n<li>Impressi\u00f3 fotogr\u00e0fica<\/li>\n<li>Acabat: Laminat mat<\/li>\n<li>Color Cant: Blanc o Negre<\/li>\n<li>Ample de la Fusta 1 cm<\/li>\n<li>Format: Vertical o Horitzontal<\/li>\n<li>Inclou ranura per penjar<\/li>\n<\/ul>\n","protected":false},"featured_media":25764,"comment_status":"open","ping_status":"closed","template":"","meta":[],"product_brand":[],"product_cat":[741,763,767],"product_tag":[627,651,686,839],"class_list":{"0":"post-14615","1":"product","2":"type-product","3":"status-publish","4":"has-post-thumbnail","6":"product_cat-decora-ca","7":"product_cat-foto-panels-ca","8":"product_cat-foto-panell","9":"product_tag-dia-del-pare","10":"product_tag-vacances","11":"product_tag-sant-valenti","12":"product_tag-decora-ca","14":"first","15":"instock","16":"taxable","17":"shipping-taxable","18":"purchasable","19":"product-type-variable"},"_links":{"self":[{"href":"https:\/\/i-moments.com\/ca\/wp-json\/wp\/v2\/product\/14615","targetHints":{"allow":["GET"]}}],"collection":[{"href":"https:\/\/i-moments.com\/ca\/wp-json\/wp\/v2\/product"}],"about":[{"href":"https:\/\/i-moments.com\/ca\/wp-json\/wp\/v2\/types\/product"}],"replies":[{"embeddable":true,"href":"https:\/\/i-moments.com\/ca\/wp-json\/wp\/v2\/comments?post=14615"}],"wp:featuredmedia":[{"embeddable":true,"href":"https:\/\/i-moments.com\/ca\/wp-json\/wp\/v2\/media\/25764"}],"wp:attachment":[{"href":"https:\/\/i-moments.com\/ca\/wp-json\/wp\/v2\/media?parent=14615"}],"wp:term":[{"taxonomy":"product_brand","embeddable":true,"href":"https:\/\/i-moments.com\/ca\/wp-json\/wp\/v2\/product_brand?post=14615"},{"taxonomy":"product_cat","embeddable":true,"href":"https:\/\/i-moments.com\/ca\/wp-json\/wp\/v2\/product_cat?post=14615"},{"taxonomy":"product_tag","embeddable":true,"href":"https:\/\/i-moments.com\/ca\/wp-json\/wp\/v2\/product_tag?post=14615"}],"curies":[{"name":"wp","href":"https:\/\/api.w.org\/{rel}","templated":true}]}}