{"id":14619,"date":"2021-01-20T09:43:14","date_gmt":"2021-01-20T09:43:14","guid":{"rendered":"https:\/\/i-moments.com\/p\/sense%20categoria\/quadre-vintage-personalitzat\/"},"modified":"2026-04-09T13:06:54","modified_gmt":"2026-04-09T11:06:54","slug":"foto-en-madera-personalizada","status":"publish","type":"product","link":"https:\/\/i-moments.com\/ca\/p\/foto-en-madera-personalizada\/","title":{"rendered":"Foto en Fusta Personalitzada"},"content":{"rendered":"<h2 style=\"text-align: center;\"><strong>FOTO EN FUSTA PERSONALITZADA<\/strong><\/h2>\n<p>&nbsp;<\/p>\n<p>Personalitza el teu quadre de forma senzilla amb el nostre <strong data-start=\"476\" data-end=\"493\">editor online<\/strong>. Pots pujar les teves fotos favorites i afegir textos. La textura natural de la fusta fa que cada pe\u00e7a sigui \u00fanica, aportant un toc c\u00e0lid i aut\u00e8ntic a la teva decoraci\u00f3.  <\/p>\n<h3 data-start=\"729\" data-end=\"792\">\ud83d\udcd0 <strong data-start=\"736\" data-end=\"790\">Caracter\u00edstiques de la Foto en Fusta Personalitzada<\/strong><\/h3>\n<ul data-start=\"793\" data-end=\"1187\">\n<li data-start=\"793\" data-end=\"850\"><strong data-start=\"795\" data-end=\"808\">Material:<\/strong> Fusta raig d&#8217; alta qualitat.<\/li>\n<li data-start=\"851\" data-end=\"920\"><strong data-start=\"853\" data-end=\"865\">Format:<\/strong> Disponible en orientaci\u00f3 <strong data-start=\"892\" data-end=\"917\">vertical i <\/strong><strong data-start=\"892\" data-end=\"917\">horitzontal<\/strong>.<\/li>\n<li data-start=\"921\" data-end=\"991\"><strong data-start=\"923\" data-end=\"947\">Gruix de la Fusta:<\/strong> 9 mm \/ 18 mm<\/li>\n<li data-start=\"992\" data-end=\"1094\"><strong data-start=\"994\" data-end=\"1018\">Mides Disponibles:<\/strong> Des de <strong>20&#215;20 cm<\/strong> fins a <strong>70&#215;100 cm<\/strong> per adaptar-se a qualsevol espai.<\/li>\n<li data-start=\"1095\" data-end=\"1187\"><strong data-start=\"1097\" data-end=\"1109\">Inclou:<\/strong> Penjador<strong data-start=\"1121\" data-end=\"1144\"> penja-f\u00e0cil<\/strong> <strong>adhesiu per a<\/strong> una instal\u00b7laci\u00f3 sense complicacions.<\/li>\n<\/ul>\n<h3 data-start=\"1194\" data-end=\"1260\">\ud83c\udf1f <strong data-start=\"1201\" data-end=\"1258\">Per Qu\u00e8 Triar La nostra Foto en Fusta Personalitzada?<\/strong><\/h3>\n<ul data-start=\"1261\" data-end=\"1758\">\n<li data-start=\"1261\" data-end=\"1359\"><strong data-start=\"1263\" data-end=\"1294\">Acabat R\u00fastic i Elegant:<\/strong> La veta natural de la fusta real\u00e7a la bellesa de cada imatge.<\/li>\n<li data-start=\"1360\" data-end=\"1453\"><strong data-start=\"1362\" data-end=\"1388\">Personalitzaci\u00f3 Total:<\/strong> Dissenya el teu quadre amb les teves fotos i textos.<\/li>\n<li data-start=\"1454\" data-end=\"1566\"><strong data-start=\"1456\" data-end=\"1484\">Durabilitat Garantida:<\/strong> Impressi\u00f3 directa sobre fusta per a un resultat resistent al pas del temps.<\/li>\n<li data-start=\"1567\" data-end=\"1657\"><strong data-start=\"1569\" data-end=\"1589\">F\u00e0cil de Penjar:<\/strong> Inclou un sistema penja-f\u00e0cil perqu\u00e8 l&#8217;instal\u00b7lis en segons.<\/li>\n<li data-start=\"1658\" data-end=\"1758\"><strong data-start=\"1660\" data-end=\"1680\">Regal Original:<\/strong> Perfecte per a aniversaris, aniversaris, casaments o qualsevol ocasi\u00f3 especial.<\/li>\n<\/ul>\n<p>&nbsp;<\/p>\n","protected":false},"excerpt":{"rendered":"<p><strong>CARACTER\u00cdSTIQUES:<\/strong><\/p>\n<p><strong>Material:<\/strong> Fusta Natural<br \/>\n<strong>Format:<\/strong> Vertical i Horitzontal<br \/>\n<strong>Opcions de gruix:<\/strong> 9 mm \/ 18 mm<br \/>\n<strong>Mida:<\/strong> des de 20&#215;20 cm fins a 70&#215;100 cm<br \/>\n<strong>Inclou penjador<\/strong><\/p>\n<p>Converteix els teus moments m\u00e9s especials en una obra d&#8217;art \u00fanica amb la nostra <strong data-start=\"167\" data-end=\"199\">Foto en Fusta Personalitzada<\/strong>. Imprimeix directament sobre fusta natural per aconseguir un acabat r\u00fastic, elegant i durador. Ideal per decorar la teva llar, oficina o per regalar en ocasions especials. Les nostres impressions en fusta s\u00f3n la manera perfecta de combinar la textura natural i els materials sostenibles amb qualsevol creaci\u00f3 art\u00edstica. Les impressions en fusta s\u00f3n resistents i sorprenentment lleugeres, a m\u00e9s de vers\u00e0tils i f\u00e0cils de muntar.    <\/p>\n<p>&nbsp;<\/p>\n","protected":false},"featured_media":26121,"comment_status":"open","ping_status":"closed","template":"","meta":[],"product_brand":[],"product_cat":[763,741],"product_tag":[628,639,834,839,627],"class_list":{"0":"post-14619","1":"product","2":"type-product","3":"status-publish","4":"has-post-thumbnail","6":"product_cat-foto-panels-ca","7":"product_cat-decora-ca","8":"product_tag-dia-de-la-mare","9":"product_tag-regals-per-a-profes","10":"product_tag-aniversaris","11":"product_tag-decora-ca","12":"product_tag-dia-del-pare","14":"first","15":"instock","16":"taxable","17":"shipping-taxable","18":"purchasable","19":"product-type-variable"},"_links":{"self":[{"href":"https:\/\/i-moments.com\/ca\/wp-json\/wp\/v2\/product\/14619","targetHints":{"allow":["GET"]}}],"collection":[{"href":"https:\/\/i-moments.com\/ca\/wp-json\/wp\/v2\/product"}],"about":[{"href":"https:\/\/i-moments.com\/ca\/wp-json\/wp\/v2\/types\/product"}],"replies":[{"embeddable":true,"href":"https:\/\/i-moments.com\/ca\/wp-json\/wp\/v2\/comments?post=14619"}],"wp:featuredmedia":[{"embeddable":true,"href":"https:\/\/i-moments.com\/ca\/wp-json\/wp\/v2\/media\/26121"}],"wp:attachment":[{"href":"https:\/\/i-moments.com\/ca\/wp-json\/wp\/v2\/media?parent=14619"}],"wp:term":[{"taxonomy":"product_brand","embeddable":true,"href":"https:\/\/i-moments.com\/ca\/wp-json\/wp\/v2\/product_brand?post=14619"},{"taxonomy":"product_cat","embeddable":true,"href":"https:\/\/i-moments.com\/ca\/wp-json\/wp\/v2\/product_cat?post=14619"},{"taxonomy":"product_tag","embeddable":true,"href":"https:\/\/i-moments.com\/ca\/wp-json\/wp\/v2\/product_tag?post=14619"}],"curies":[{"name":"wp","href":"https:\/\/api.w.org\/{rel}","templated":true}]}}