{"id":14623,"date":"2021-01-20T10:22:44","date_gmt":"2021-01-20T10:22:44","guid":{"rendered":"https:\/\/i-moments.com\/p\/sense%20categoria\/poster-encoixinat-personalitzat\/"},"modified":"2025-12-17T12:33:36","modified_gmt":"2025-12-17T11:33:36","slug":"poster-encoixinat-personalitzat","status":"publish","type":"product","link":"https:\/\/i-moments.com\/ca\/p\/poster-encoixinat-personalitzat\/","title":{"rendered":"P\u00f2ster Encoixinat Personalitzat"},"content":{"rendered":"<h2 style=\"text-align: center;\"><strong>P\u00d2STER ENCOIXINAT PERSONALITZAT<\/strong><\/h2>\n<p>Un cop impr\u00e8s el teu p\u00f2ster en paper fotogr\u00e0fic de 136 g forrem un cartr\u00f3 escumat d&#8217;1 cm de gruix que li proporciona al p\u00f2ster un tacte encoixinat i molt agradable, a m\u00e9s de rigidesa. El teu P\u00f2ster Encoixinat ser\u00e0 molt lleuger en no contenir vidre. \u00c9s ideal per decorar en habitacions infantils, escoles, guarderies, consultes m\u00e8diques i botigues.<\/p>\n<h3><strong>Caracter\u00edstiques<\/strong>:<\/h3>\n<ul>\n<li>Impr\u00e8s en Paper 136 g<\/li>\n<li>Interior: Cartr\u00f3 escumat (1 cm Gruix)<\/li>\n<li>Format: Vertical o Horitzontal<\/li>\n<li>Inclou Penjador<\/li>\n<\/ul>\n<p>&nbsp;<\/p>\n","protected":false},"excerpt":{"rendered":"<ul>\n<li>Impr\u00e8s en Paper 136 g<\/li>\n<li>Interior: Cartr\u00f3 escumat (1 cm Gruix)<\/li>\n<li>Format: Vertical o Horitzontal<\/li>\n<li>Inclou Penjador<\/li>\n<\/ul>\n","protected":false},"featured_media":12576,"comment_status":"open","ping_status":"closed","template":"","meta":[],"product_brand":[],"product_cat":[741,775],"product_tag":[],"class_list":{"0":"post-14623","1":"product","2":"type-product","3":"status-publish","4":"has-post-thumbnail","6":"product_cat-decora-ca","7":"product_cat-poster-personalitzat","9":"first","10":"instock","11":"taxable","12":"shipping-taxable","13":"purchasable","14":"product-type-variable"},"_links":{"self":[{"href":"https:\/\/i-moments.com\/ca\/wp-json\/wp\/v2\/product\/14623","targetHints":{"allow":["GET"]}}],"collection":[{"href":"https:\/\/i-moments.com\/ca\/wp-json\/wp\/v2\/product"}],"about":[{"href":"https:\/\/i-moments.com\/ca\/wp-json\/wp\/v2\/types\/product"}],"replies":[{"embeddable":true,"href":"https:\/\/i-moments.com\/ca\/wp-json\/wp\/v2\/comments?post=14623"}],"wp:featuredmedia":[{"embeddable":true,"href":"https:\/\/i-moments.com\/ca\/wp-json\/wp\/v2\/media\/12576"}],"wp:attachment":[{"href":"https:\/\/i-moments.com\/ca\/wp-json\/wp\/v2\/media?parent=14623"}],"wp:term":[{"taxonomy":"product_brand","embeddable":true,"href":"https:\/\/i-moments.com\/ca\/wp-json\/wp\/v2\/product_brand?post=14623"},{"taxonomy":"product_cat","embeddable":true,"href":"https:\/\/i-moments.com\/ca\/wp-json\/wp\/v2\/product_cat?post=14623"},{"taxonomy":"product_tag","embeddable":true,"href":"https:\/\/i-moments.com\/ca\/wp-json\/wp\/v2\/product_tag?post=14623"}],"curies":[{"name":"wp","href":"https:\/\/api.w.org\/{rel}","templated":true}]}}