{"id":14627,"date":"2021-01-20T10:20:37","date_gmt":"2021-01-20T10:20:37","guid":{"rendered":"https:\/\/i-moments.com\/p\/sense%20categoria\/poster-personalitzat\/"},"modified":"2025-12-17T13:01:01","modified_gmt":"2025-12-17T12:01:01","slug":"poster-personalitzat","status":"publish","type":"product","link":"https:\/\/i-moments.com\/ca\/p\/poster-personalitzat\/","title":{"rendered":"P\u00f2ster Personalitzat"},"content":{"rendered":"<h2 style=\"text-align: center;\"><strong>P\u00d2STER PERSONALITZAT<\/strong><\/h2>\n<p>Les teves fotos es mereixen que la imprimeixis amb la m\u00e0xima qualitat fotogr\u00e0fica. Per aix\u00f2 en i-moments, t&#8217;ho posem molt f\u00e0cil, tu nom\u00e9s has de carregar la teva foto, decidir en quina mida ho vols.<br \/>\n\u00c9s el m\u00e9s econ\u00f2mic de la fam\u00edlia. Ideal per a publicitat. Tu p\u00f2ster estar\u00e0 impr\u00e8s en paper fotogr\u00e0fic de 205 g. Amb la major qualitat del mercat.<\/p>\n<h3><strong>Caracter\u00edstiques:<\/strong><\/h3>\n<ul>\n<li>Impr\u00e8s en paper Fotogr\u00e0fic 205 g<\/li>\n<li>Format: Vertical o Horitzontal.<\/li>\n<\/ul>\n","protected":false},"excerpt":{"rendered":"<ul>\n<li>Impr\u00e8s en paper Fotogr\u00e0fic 205 g<\/li>\n<li>Format: Vertical o Horitzontal.<\/li>\n<\/ul>\n","protected":false},"featured_media":9664,"comment_status":"open","ping_status":"closed","template":"","meta":[],"product_brand":[],"product_cat":[775,741],"product_tag":[650],"class_list":{"0":"post-14627","1":"product","2":"type-product","3":"status-publish","4":"has-post-thumbnail","6":"product_cat-poster-personalitzat","7":"product_cat-decora-ca","8":"product_tag-graduacions","10":"first","11":"instock","12":"taxable","13":"shipping-taxable","14":"purchasable","15":"product-type-variable"},"_links":{"self":[{"href":"https:\/\/i-moments.com\/ca\/wp-json\/wp\/v2\/product\/14627","targetHints":{"allow":["GET"]}}],"collection":[{"href":"https:\/\/i-moments.com\/ca\/wp-json\/wp\/v2\/product"}],"about":[{"href":"https:\/\/i-moments.com\/ca\/wp-json\/wp\/v2\/types\/product"}],"replies":[{"embeddable":true,"href":"https:\/\/i-moments.com\/ca\/wp-json\/wp\/v2\/comments?post=14627"}],"wp:featuredmedia":[{"embeddable":true,"href":"https:\/\/i-moments.com\/ca\/wp-json\/wp\/v2\/media\/9664"}],"wp:attachment":[{"href":"https:\/\/i-moments.com\/ca\/wp-json\/wp\/v2\/media?parent=14627"}],"wp:term":[{"taxonomy":"product_brand","embeddable":true,"href":"https:\/\/i-moments.com\/ca\/wp-json\/wp\/v2\/product_brand?post=14627"},{"taxonomy":"product_cat","embeddable":true,"href":"https:\/\/i-moments.com\/ca\/wp-json\/wp\/v2\/product_cat?post=14627"},{"taxonomy":"product_tag","embeddable":true,"href":"https:\/\/i-moments.com\/ca\/wp-json\/wp\/v2\/product_tag?post=14627"}],"curies":[{"name":"wp","href":"https:\/\/api.w.org\/{rel}","templated":true}]}}