{"id":14631,"date":"2021-01-20T10:17:00","date_gmt":"2021-01-20T10:17:00","guid":{"rendered":"https:\/\/i-moments.com\/p\/sense%20categoria\/light-panel-sobretaula\/"},"modified":"2025-12-17T07:44:11","modified_gmt":"2025-12-17T06:44:11","slug":"light-panel-sobretaula","status":"publish","type":"product","link":"https:\/\/i-moments.com\/ca\/p\/light-panel-sobretaula\/","title":{"rendered":"Light Panel de Sobretaula"},"content":{"rendered":"<h2 style=\"text-align: center;\"><strong>LIGHT PANEL DE SOBREMESA<\/strong><\/h2>\n<p>Amb un gruix de 3 cm \u00e9s ideal per decorar la teva llar sense malmetre els teus mobles, els teus records cobraran vida. La seva composici\u00f3, d&#8217;escuma de poliuret\u00e0 XPS entre dues plaques de PVC d&#8217;1mm, juntament amb el cant de PVC, fan del Light Panel un producte superlleuger (2 Kg.\/m2) i molt resistent als cops i a l&#8217;esclafament (a difer\u00e8ncia del Foam). <\/p>\n<h3><strong>Caracter\u00edstiques:<\/strong><\/h3>\n<ul>\n<li>Impressi\u00f3 Fotogr\u00e0fica<\/li>\n<li>Acabat: Laminat Mate<\/li>\n<li>Gruix del Cant: 3 cm<\/li>\n<li>Color del Cant: Blanc, Negre, Fusta o Plata<\/li>\n<li>Format: Vertical o Horitzontal<\/li>\n<\/ul>\n","protected":false},"excerpt":{"rendered":"<ul>\n<li>Impressi\u00f3 Fotogr\u00e0fica<\/li>\n<li>Acabat: Laminat Mate<\/li>\n<li>Gruix del Cant: 3 cm<\/li>\n<li>Color del Cant: Blanc, Negre, Fusta o Plata<\/li>\n<li>Format: Vertical o Horitzontal<\/li>\n<\/ul>\n<div>\n<div>\n<div>\n<div><\/div>\n<\/div>\n<\/div>\n<\/div>\n","protected":false},"featured_media":25998,"comment_status":"open","ping_status":"closed","template":"","meta":[],"product_brand":[],"product_cat":[769,741,763],"product_tag":[627,628,639,651,839],"class_list":{"0":"post-14631","1":"product","2":"type-product","3":"status-publish","4":"has-post-thumbnail","6":"product_cat-light-panell","7":"product_cat-decora-ca","8":"product_cat-foto-panels-ca","9":"product_tag-dia-del-pare","10":"product_tag-dia-de-la-mare","11":"product_tag-regals-per-a-profes","12":"product_tag-vacances","13":"product_tag-decora-ca","15":"first","16":"instock","17":"taxable","18":"shipping-taxable","19":"purchasable","20":"product-type-variable"},"_links":{"self":[{"href":"https:\/\/i-moments.com\/ca\/wp-json\/wp\/v2\/product\/14631","targetHints":{"allow":["GET"]}}],"collection":[{"href":"https:\/\/i-moments.com\/ca\/wp-json\/wp\/v2\/product"}],"about":[{"href":"https:\/\/i-moments.com\/ca\/wp-json\/wp\/v2\/types\/product"}],"replies":[{"embeddable":true,"href":"https:\/\/i-moments.com\/ca\/wp-json\/wp\/v2\/comments?post=14631"}],"wp:featuredmedia":[{"embeddable":true,"href":"https:\/\/i-moments.com\/ca\/wp-json\/wp\/v2\/media\/25998"}],"wp:attachment":[{"href":"https:\/\/i-moments.com\/ca\/wp-json\/wp\/v2\/media?parent=14631"}],"wp:term":[{"taxonomy":"product_brand","embeddable":true,"href":"https:\/\/i-moments.com\/ca\/wp-json\/wp\/v2\/product_brand?post=14631"},{"taxonomy":"product_cat","embeddable":true,"href":"https:\/\/i-moments.com\/ca\/wp-json\/wp\/v2\/product_cat?post=14631"},{"taxonomy":"product_tag","embeddable":true,"href":"https:\/\/i-moments.com\/ca\/wp-json\/wp\/v2\/product_tag?post=14631"}],"curies":[{"name":"wp","href":"https:\/\/api.w.org\/{rel}","templated":true}]}}