{"id":14633,"date":"2021-01-20T10:03:57","date_gmt":"2021-01-20T10:03:57","guid":{"rendered":"https:\/\/i-moments.com\/p\/sense%20categoria\/dibond-butlerfinish\/"},"modified":"2025-12-17T12:20:58","modified_gmt":"2025-12-17T11:20:58","slug":"dibond-butlerfinish","status":"publish","type":"product","link":"https:\/\/i-moments.com\/ca\/p\/dibond-butlerfinish\/","title":{"rendered":"Dibond Butlerfinish Personalitzat"},"content":{"rendered":"<h2 style=\"text-align: center;\"><strong>DIBOND BUTLERFINISH PERSONALITZAT<\/strong><\/h2>\n<p>Imprimeix martelloses obres d&#8217;art amb un aspecte metal\u00b7litzat, efecte raspallat. El Dibond Butlerfinish es compon de dues l\u00e0mines d&#8217; alumini entre les quals s&#8217; intercala un nucli ultralleuger sent el seu gruix total 0,3 cm. El principal avantatge del Dibond Butlerfinish, a m\u00e9s de crear una obra moderna i minimalista, \u00e9s que es mant\u00e9 pla i no es corba.<\/p>\n<h3><strong>Caracter\u00edstiques<\/strong>:<\/h3>\n<ul>\n<li>Adequat per a exteriors<\/li>\n<li>Impressi\u00f3 directa sobre alumini<\/li>\n<li>Efecte raspallat<\/li>\n<li>Gruix total: 0,3 cm<\/li>\n<li>Inclou un Kit especial per penjar i anivellar<\/li>\n<\/ul>\n","protected":false},"excerpt":{"rendered":"<ul>\n<li>Adequat per a exteriors<\/li>\n<li>Impressi\u00f3 directa sobre alumini<\/li>\n<li>Efecte raspallat<\/li>\n<li>Gruix total: 0,3 cm<\/li>\n<li>Inclou un Kit especial per penjar i anivellar<\/li>\n<\/ul>\n","protected":false},"featured_media":9552,"comment_status":"open","ping_status":"closed","template":"","meta":[],"product_brand":[],"product_cat":[755,741],"product_tag":[],"class_list":{"0":"post-14633","1":"product","2":"type-product","3":"status-publish","4":"has-post-thumbnail","6":"product_cat-dibond-personalitzat","7":"product_cat-decora-ca","9":"first","10":"instock","11":"taxable","12":"shipping-taxable","13":"purchasable","14":"product-type-variable"},"_links":{"self":[{"href":"https:\/\/i-moments.com\/ca\/wp-json\/wp\/v2\/product\/14633","targetHints":{"allow":["GET"]}}],"collection":[{"href":"https:\/\/i-moments.com\/ca\/wp-json\/wp\/v2\/product"}],"about":[{"href":"https:\/\/i-moments.com\/ca\/wp-json\/wp\/v2\/types\/product"}],"replies":[{"embeddable":true,"href":"https:\/\/i-moments.com\/ca\/wp-json\/wp\/v2\/comments?post=14633"}],"wp:featuredmedia":[{"embeddable":true,"href":"https:\/\/i-moments.com\/ca\/wp-json\/wp\/v2\/media\/9552"}],"wp:attachment":[{"href":"https:\/\/i-moments.com\/ca\/wp-json\/wp\/v2\/media?parent=14633"}],"wp:term":[{"taxonomy":"product_brand","embeddable":true,"href":"https:\/\/i-moments.com\/ca\/wp-json\/wp\/v2\/product_brand?post=14633"},{"taxonomy":"product_cat","embeddable":true,"href":"https:\/\/i-moments.com\/ca\/wp-json\/wp\/v2\/product_cat?post=14633"},{"taxonomy":"product_tag","embeddable":true,"href":"https:\/\/i-moments.com\/ca\/wp-json\/wp\/v2\/product_tag?post=14633"}],"curies":[{"name":"wp","href":"https:\/\/api.w.org\/{rel}","templated":true}]}}