{"id":14641,"date":"2021-01-20T09:52:37","date_gmt":"2021-01-20T09:52:37","guid":{"rendered":"https:\/\/i-moments.com\/p\/sense%20categoria\/foto-panell-personalitzat\/"},"modified":"2026-02-23T14:19:48","modified_gmt":"2026-02-23T13:19:48","slug":"foto-panell","status":"publish","type":"product","link":"https:\/\/i-moments.com\/ca\/p\/foto-panell\/","title":{"rendered":"Foto Panell Personalitzat"},"content":{"rendered":"<h2 style=\"text-align: center;\"><strong>FOTO PANEL PERSONALITZAT<\/strong><\/h2>\n<p>En tan sols tres clicks, crea la teva Foto Panel, des del teu M\u00f2bil, Tablet, PC o Mac, tria quatre de les teves millors fotos d&#8217;Instagram, Facebook, Google+ o del teu dispositiu, tria quina \u00e9s la mida m\u00e9s id\u00f2nia per a tu. Nom\u00e9s et queda escollir una plantilla amb les fotos que vulguis posar, el color de fons i si t&#8217;agafa un t\u00edtol o text a la teva obra d&#8217;art. Impressi\u00f3 en alta qualitat fotogr\u00e0fica, protegida amb un laminat mat sobre un panell de Fusta de DM 1 cm de gruix.<\/p>\n<h3><strong>Caracter\u00edstiques:<\/strong><\/h3>\n<ul>\n<li>Impressi\u00f3 fotogr\u00e0fica<\/li>\n<li>Acabat: Laminat mat<\/li>\n<li>Color Cant: Blanc o Negre<\/li>\n<li>Ample de la Fusta 1 cm<\/li>\n<li>Mida: des de 20&#215;20 cm fins a 120&#215;80 cm<\/li>\n<li>Inclou Penjador<\/li>\n<\/ul>\n","protected":false},"excerpt":{"rendered":"<ul>\n<li>Impressi\u00f3 fotogr\u00e0fica<\/li>\n<li>Acabat: Laminat mat<\/li>\n<li>Color Cant: Blanc o Negre<\/li>\n<li>Ample de la Fusta 1 cm<\/li>\n<li>Mida: des de 20&#215;20 cm fins a 120&#215;80 cm<\/li>\n<li>Inclou Penjador<\/li>\n<\/ul>\n","protected":false},"featured_media":21252,"comment_status":"open","ping_status":"closed","template":"","meta":[],"product_brand":[],"product_cat":[767,741,763],"product_tag":[621,628,639,651,686,839],"class_list":{"0":"post-14641","1":"product","2":"type-product","3":"status-publish","4":"has-post-thumbnail","6":"product_cat-foto-panell","7":"product_cat-decora-ca","8":"product_cat-foto-panels-ca","9":"product_tag-nadal","10":"product_tag-dia-de-la-mare","11":"product_tag-regals-per-a-profes","12":"product_tag-vacances","13":"product_tag-sant-valenti","14":"product_tag-decora-ca","16":"first","17":"instock","18":"taxable","19":"shipping-taxable","20":"purchasable","21":"product-type-variable"},"_links":{"self":[{"href":"https:\/\/i-moments.com\/ca\/wp-json\/wp\/v2\/product\/14641","targetHints":{"allow":["GET"]}}],"collection":[{"href":"https:\/\/i-moments.com\/ca\/wp-json\/wp\/v2\/product"}],"about":[{"href":"https:\/\/i-moments.com\/ca\/wp-json\/wp\/v2\/types\/product"}],"replies":[{"embeddable":true,"href":"https:\/\/i-moments.com\/ca\/wp-json\/wp\/v2\/comments?post=14641"}],"wp:featuredmedia":[{"embeddable":true,"href":"https:\/\/i-moments.com\/ca\/wp-json\/wp\/v2\/media\/21252"}],"wp:attachment":[{"href":"https:\/\/i-moments.com\/ca\/wp-json\/wp\/v2\/media?parent=14641"}],"wp:term":[{"taxonomy":"product_brand","embeddable":true,"href":"https:\/\/i-moments.com\/ca\/wp-json\/wp\/v2\/product_brand?post=14641"},{"taxonomy":"product_cat","embeddable":true,"href":"https:\/\/i-moments.com\/ca\/wp-json\/wp\/v2\/product_cat?post=14641"},{"taxonomy":"product_tag","embeddable":true,"href":"https:\/\/i-moments.com\/ca\/wp-json\/wp\/v2\/product_tag?post=14641"}],"curies":[{"name":"wp","href":"https:\/\/api.w.org\/{rel}","templated":true}]}}