{"id":14657,"date":"2021-01-20T09:15:19","date_gmt":"2021-01-20T09:15:19","guid":{"rendered":"https:\/\/i-moments.com\/p\/sense%20categoria\/pissarra-personalitzada\/"},"modified":"2025-12-22T12:51:16","modified_gmt":"2025-12-22T11:51:16","slug":"pissarra-personalitzada","status":"publish","type":"product","link":"https:\/\/i-moments.com\/ca\/p\/pissarra-personalitzada\/","title":{"rendered":"Pissarra Personalitzada"},"content":{"rendered":"<h1 style=\"text-align: center;\"><strong>PISSARRA PERSONALITZADA<\/strong><\/h1>\n<p>Segur que encertar\u00e0s amb aquest regal tan original No hi ha material m\u00e9s original per a la decoraci\u00f3 de casa teva que la pedra pissarra, que aporta eleg\u00e0ncia a qualsevol lloc.<\/p>\n<h3><strong>Caracter\u00edstiques:<\/strong><\/h3>\n<ul>\n<li>Impr\u00e8s sobre Pissarra<\/li>\n<li>Format: Quadrat, Rectangular o Cor<\/li>\n<li>Inclou Suports<\/li>\n<li>Mida: 15&#215;15 \/ 20&#215;15 \/ 20&#215;20 \/ 30&#215;20 cm<\/li>\n<\/ul>\n<p>&nbsp;<\/p>\n","protected":false},"excerpt":{"rendered":"<ul>\n<li>Impr\u00e8s sobre Pissarra<\/li>\n<li>Format: Quadrat, Rectangular o Cor<\/li>\n<li>Inclou Suports<\/li>\n<li>Mida: 15&#215;15 \/ 20&#215;15 \/ 20&#215;20 \/ 30&#215;20 cm<\/li>\n<\/ul>\n","protected":false},"featured_media":21261,"comment_status":"open","ping_status":"closed","template":"","meta":[],"product_brand":[],"product_cat":[741,773],"product_tag":[839],"class_list":{"0":"post-14657","1":"product","2":"type-product","3":"status-publish","4":"has-post-thumbnail","6":"product_cat-decora-ca","7":"product_cat-pissarra-personalitzada","8":"product_tag-decora-ca","10":"first","11":"instock","12":"taxable","13":"shipping-taxable","14":"purchasable","15":"product-type-variable"},"_links":{"self":[{"href":"https:\/\/i-moments.com\/ca\/wp-json\/wp\/v2\/product\/14657","targetHints":{"allow":["GET"]}}],"collection":[{"href":"https:\/\/i-moments.com\/ca\/wp-json\/wp\/v2\/product"}],"about":[{"href":"https:\/\/i-moments.com\/ca\/wp-json\/wp\/v2\/types\/product"}],"replies":[{"embeddable":true,"href":"https:\/\/i-moments.com\/ca\/wp-json\/wp\/v2\/comments?post=14657"}],"wp:featuredmedia":[{"embeddable":true,"href":"https:\/\/i-moments.com\/ca\/wp-json\/wp\/v2\/media\/21261"}],"wp:attachment":[{"href":"https:\/\/i-moments.com\/ca\/wp-json\/wp\/v2\/media?parent=14657"}],"wp:term":[{"taxonomy":"product_brand","embeddable":true,"href":"https:\/\/i-moments.com\/ca\/wp-json\/wp\/v2\/product_brand?post=14657"},{"taxonomy":"product_cat","embeddable":true,"href":"https:\/\/i-moments.com\/ca\/wp-json\/wp\/v2\/product_cat?post=14657"},{"taxonomy":"product_tag","embeddable":true,"href":"https:\/\/i-moments.com\/ca\/wp-json\/wp\/v2\/product_tag?post=14657"}],"curies":[{"name":"wp","href":"https:\/\/api.w.org\/{rel}","templated":true}]}}