{"id":14661,"date":"2021-01-19T16:07:25","date_gmt":"2021-01-19T16:07:25","guid":{"rendered":"https:\/\/i-moments.com\/p\/sense%20categoria\/puzzle-de-cartro-personalitzat\/"},"modified":"2025-09-30T15:02:08","modified_gmt":"2025-09-30T13:02:08","slug":"puzzle-de-carton-personalitzat","status":"publish","type":"product","link":"https:\/\/i-moments.com\/ca\/p\/puzzle-de-carton-personalitzat\/","title":{"rendered":"Puzzle Personalitzat"},"content":{"rendered":"<h2 style=\"text-align: center;\"><strong>PUZZLE PERSONALITZAT<\/strong><\/h2>\n<p>Crea un regal original i educatiu per a nens i per a gent gran. Un Puzzle personalitzat \u00e9s un regal absolutament fant\u00e0stic!<br \/>\nConvertir la seva foto favorita en un veritable Puzzle personalitzat, amb nosaltres \u00e9s molt f\u00e0cil. La nostra selecci\u00f3 de 24, 60, 120, 252, 500 o 1000 peces ofereixen diversi\u00f3 per a tothom, des del m\u00e9s gran al m\u00e9s petit, ja sigui per a principiants o experts en Puzzles.<br \/>\nInclou caixa personalitzada i foto per al muntatge.<\/p>\n<h3><strong>Caracter\u00edstiques:<\/strong><\/h3>\n<ul>\n<li>Material: Cartr\u00f3 R\u00edgid plastificat (0,3 cm de gruix)<\/li>\n<\/ul>\n<p>Disponible a:<\/p>\n<ul>\n<li>24 Peces (14 x 10 cm)<\/li>\n<li>60 Peces (20 x 15 cm)<\/li>\n<li>120 Peces (28 x 20 cm)<\/li>\n<li>252 Peces (36 x 24 cm)<\/li>\n<li>500 Peces (54 x 40 cm)<\/li>\n<li>1000 Peces (68 x 44 cm)<\/li>\n<\/ul>\n<p>Inclou caixa personalitzada i foto miniatura per al muntatge<\/p>\n","protected":false},"excerpt":{"rendered":"<ul>\n<li>Material: Cartr\u00f3 R\u00edgid plastificat (0,3 cm de gruix)<\/li>\n<\/ul>\n<p>Disponible a:<\/p>\n<ul>\n<li>24 Peces (14 x 10 cm)<\/li>\n<li>60 Peces (20 x 15 cm)<\/li>\n<li>120 Peces (28 x 20 cm)<\/li>\n<li>252 Peces (36 x 24 cm)<\/li>\n<li>500 Peces (54 x 40 cm)<\/li>\n<li>1000 Peces (68 x 44 cm)<\/li>\n<\/ul>\n<p>Inclou caixa personalitzada i foto miniatura per al muntatge<\/p>\n","protected":false},"featured_media":25768,"comment_status":"open","ping_status":"closed","template":"","meta":[],"product_brand":[],"product_cat":[909,609],"product_tag":[621,627,637,686,845],"class_list":{"0":"post-14661","1":"product","2":"type-product","3":"status-publish","4":"has-post-thumbnail","6":"product_cat-jocs-de-taula","7":"product_cat-regala-productes-personalitzats","8":"product_tag-nadal","9":"product_tag-dia-del-pare","10":"product_tag-per-a-la-llar","11":"product_tag-sant-valenti","12":"product_tag-per-a-jugar","14":"first","15":"instock","16":"taxable","17":"shipping-taxable","18":"purchasable","19":"product-type-variable"},"_links":{"self":[{"href":"https:\/\/i-moments.com\/ca\/wp-json\/wp\/v2\/product\/14661","targetHints":{"allow":["GET"]}}],"collection":[{"href":"https:\/\/i-moments.com\/ca\/wp-json\/wp\/v2\/product"}],"about":[{"href":"https:\/\/i-moments.com\/ca\/wp-json\/wp\/v2\/types\/product"}],"replies":[{"embeddable":true,"href":"https:\/\/i-moments.com\/ca\/wp-json\/wp\/v2\/comments?post=14661"}],"wp:featuredmedia":[{"embeddable":true,"href":"https:\/\/i-moments.com\/ca\/wp-json\/wp\/v2\/media\/25768"}],"wp:attachment":[{"href":"https:\/\/i-moments.com\/ca\/wp-json\/wp\/v2\/media?parent=14661"}],"wp:term":[{"taxonomy":"product_brand","embeddable":true,"href":"https:\/\/i-moments.com\/ca\/wp-json\/wp\/v2\/product_brand?post=14661"},{"taxonomy":"product_cat","embeddable":true,"href":"https:\/\/i-moments.com\/ca\/wp-json\/wp\/v2\/product_cat?post=14661"},{"taxonomy":"product_tag","embeddable":true,"href":"https:\/\/i-moments.com\/ca\/wp-json\/wp\/v2\/product_tag?post=14661"}],"curies":[{"name":"wp","href":"https:\/\/api.w.org\/{rel}","templated":true}]}}