{"id":14681,"date":"2021-01-19T15:24:41","date_gmt":"2021-01-19T15:24:41","guid":{"rendered":"https:\/\/i-moments.com\/p\/sense%20categoria\/pack-de-fotos-10x15\/"},"modified":"2025-09-30T15:02:45","modified_gmt":"2025-09-30T13:02:45","slug":"pack-de-fotos-10x15","status":"publish","type":"product","link":"https:\/\/i-moments.com\/ca\/p\/pack-de-fotos-10x15\/","title":{"rendered":"Pack de Fotos 10&#215;15"},"content":{"rendered":"<h2 style=\"text-align: center;\"><strong>PACK DE FOTOS 10&#215;15 cm<\/strong><\/h2>\n<p>Descobreix com en tres clicks, crees i encarregues les teves millors fotos en mida cl\u00e0ssica 10&#215;15 cm. Imprimeix les teves fotos i conserva els teus millors moments per sempre.<br \/>\nAmb i-moments podr\u00e0s imprimir les teves fotos amb una qualitat professional, impr\u00edmeteles, comprar-te-les o senzillament, regaleu-les als teus familiars i amics, segur que els encantar\u00e0.<\/p>\n<p>A m\u00e9s et portes una preciosa estona de regal!<\/p>\n<h3><strong>Caracter\u00edstiques:<\/strong><\/h3>\n<ul>\n<li>Mida 10&#215;15 cm<\/li>\n<li>Paper Digital 400 gr<\/li>\n<li>Acabat Brillo<\/li>\n<li>Packs: 48 \/ 96 \/ 120 \/ 200\/ 400 \/ 600 \/ 800 \/ 1000 Fotos<\/li>\n<li>Inclou Estoig de Regal<\/li>\n<\/ul>\n","protected":false},"excerpt":{"rendered":"<p>Imprimeix les teves fotos 10&#215;15 cm.<\/p>\n<ul>\n<li>Mida: 10&#215;15 cm<\/li>\n<li>Paper Digital: 400 gr<\/li>\n<li>Acabat Brillo<\/li>\n<li>Packs: 48 \/ 96 \/ 120 \/ 200\/ 400 \/ 600 \/ 800 \/ 1000 Fotos<\/li>\n<li>Inclou: Estoig de Regal<\/li>\n<\/ul>\n","protected":false},"featured_media":22732,"comment_status":"open","ping_status":"closed","template":"","meta":[],"product_brand":[],"product_cat":[1055,1115],"product_tag":[639,834,1139],"class_list":{"0":"post-14681","1":"product","2":"type-product","3":"status-publish","4":"has-post-thumbnail","6":"product_cat-reveals","7":"product_cat-revelat-digital","8":"product_tag-regals-per-a-profes","9":"product_tag-aniversaris","10":"product_tag-imprimeix25","12":"first","13":"instock","14":"taxable","15":"shipping-taxable","16":"purchasable","17":"product-type-variable","18":"has-default-attributes"},"_links":{"self":[{"href":"https:\/\/i-moments.com\/ca\/wp-json\/wp\/v2\/product\/14681","targetHints":{"allow":["GET"]}}],"collection":[{"href":"https:\/\/i-moments.com\/ca\/wp-json\/wp\/v2\/product"}],"about":[{"href":"https:\/\/i-moments.com\/ca\/wp-json\/wp\/v2\/types\/product"}],"replies":[{"embeddable":true,"href":"https:\/\/i-moments.com\/ca\/wp-json\/wp\/v2\/comments?post=14681"}],"wp:featuredmedia":[{"embeddable":true,"href":"https:\/\/i-moments.com\/ca\/wp-json\/wp\/v2\/media\/22732"}],"wp:attachment":[{"href":"https:\/\/i-moments.com\/ca\/wp-json\/wp\/v2\/media?parent=14681"}],"wp:term":[{"taxonomy":"product_brand","embeddable":true,"href":"https:\/\/i-moments.com\/ca\/wp-json\/wp\/v2\/product_brand?post=14681"},{"taxonomy":"product_cat","embeddable":true,"href":"https:\/\/i-moments.com\/ca\/wp-json\/wp\/v2\/product_cat?post=14681"},{"taxonomy":"product_tag","embeddable":true,"href":"https:\/\/i-moments.com\/ca\/wp-json\/wp\/v2\/product_tag?post=14681"}],"curies":[{"name":"wp","href":"https:\/\/api.w.org\/{rel}","templated":true}]}}