{"id":14714,"date":"2021-01-20T09:28:22","date_gmt":"2021-01-20T09:28:22","guid":{"rendered":"https:\/\/i-moments.com\/p\/sense%20categoria\/foto-metacrilat-de-sobretaula-personalitzat\/"},"modified":"2025-09-30T15:01:16","modified_gmt":"2025-09-30T13:01:16","slug":"metacrilato-de-sobremesa-personalizado","status":"publish","type":"product","link":"https:\/\/i-moments.com\/ca\/p\/metacrilato-de-sobremesa-personalizado\/","title":{"rendered":"Metacrilat de Sobretaula Personalitzat"},"content":{"rendered":"<h1 style=\"text-align: center;\"><strong>METACRILAT DE SOBRETAULA PERSONALITZAT<\/strong><\/h1>\n<p>Crea un Metacrilat amb les teves fotos favorites, semblar\u00e0 especialment art\u00edstic gr\u00e0cies a l&#8217;impressionant efecte de profunditat. Els colors intensos donaran al teu metacrilat la m\u00e0xima expressivitat des de qualsevol angle.  Podr\u00e0s fer el teu propi disseny o utilitzar els nostres dissenys, amb el nostre editor online et ser\u00e0 molt f\u00e0cil.<\/p>\n<h3>Caracter\u00edstiques:<\/h3>\n<ul>\n<li>Impr\u00e8s sobre Metacrilat<\/li>\n<li>Format: Horitzontal o Vertical.<\/li>\n<li>Gruix: 0,8 cm<\/li>\n<li>Mides: 10&#215;15 \/ 13&#215;18 \/ 15&#215;20 \/ 18&#215;24 \/ 20&#215;25 cm<\/li>\n<\/ul>\n","protected":false},"excerpt":{"rendered":"<ul>\n<li>Impr\u00e8s sobre Metacrilat<\/li>\n<li>Format: Horitzontal o Vertical.<\/li>\n<li>Gruix: 0,8 cm<\/li>\n<li>Mides: 10&#215;15 \/ 13&#215;18 \/ 15&#215;20 \/ 18&#215;24 \/ 20&#215;25 cm<\/li>\n<\/ul>\n","protected":false},"featured_media":9600,"comment_status":"open","ping_status":"closed","template":"","meta":[],"product_brand":[],"product_cat":[741,771],"product_tag":[],"class_list":{"0":"post-14714","1":"product","2":"type-product","3":"status-publish","4":"has-post-thumbnail","6":"product_cat-decora-ca","7":"product_cat-metacrilats-personalitzats","9":"first","10":"instock","11":"taxable","12":"shipping-taxable","13":"purchasable","14":"product-type-variable"},"_links":{"self":[{"href":"https:\/\/i-moments.com\/ca\/wp-json\/wp\/v2\/product\/14714","targetHints":{"allow":["GET"]}}],"collection":[{"href":"https:\/\/i-moments.com\/ca\/wp-json\/wp\/v2\/product"}],"about":[{"href":"https:\/\/i-moments.com\/ca\/wp-json\/wp\/v2\/types\/product"}],"replies":[{"embeddable":true,"href":"https:\/\/i-moments.com\/ca\/wp-json\/wp\/v2\/comments?post=14714"}],"wp:featuredmedia":[{"embeddable":true,"href":"https:\/\/i-moments.com\/ca\/wp-json\/wp\/v2\/media\/9600"}],"wp:attachment":[{"href":"https:\/\/i-moments.com\/ca\/wp-json\/wp\/v2\/media?parent=14714"}],"wp:term":[{"taxonomy":"product_brand","embeddable":true,"href":"https:\/\/i-moments.com\/ca\/wp-json\/wp\/v2\/product_brand?post=14714"},{"taxonomy":"product_cat","embeddable":true,"href":"https:\/\/i-moments.com\/ca\/wp-json\/wp\/v2\/product_cat?post=14714"},{"taxonomy":"product_tag","embeddable":true,"href":"https:\/\/i-moments.com\/ca\/wp-json\/wp\/v2\/product_tag?post=14714"}],"curies":[{"name":"wp","href":"https:\/\/api.w.org\/{rel}","templated":true}]}}