{"id":14718,"date":"2021-01-19T11:59:45","date_gmt":"2021-01-19T11:59:45","guid":{"rendered":"https:\/\/i-moments.com\/p\/sense%20categoria\/calendari-de-pared-a2-42x60-cm\/"},"modified":"2025-09-30T15:03:07","modified_gmt":"2025-09-30T13:03:07","slug":"calendario-doble-de-pared-personalizado","status":"publish","type":"product","link":"https:\/\/i-moments.com\/ca\/p\/calendario-doble-de-pared-personalizado\/","title":{"rendered":"Calendari Doble de Paret Personalitzat"},"content":{"rendered":"<h2 style=\"text-align: center;\"><strong>CALENDARI DOBLE DE PARET PERSONALITZAT<\/strong><\/h2>\n<p>Crea el teu calendari doble amb el Programari d&#8217;i-moments Plus tens 8 idiomes (Castell\u00e0, Catal\u00e0, Euskera, Angl\u00e8s, Portugu\u00e8s, Franc\u00e8s, Itali\u00e0 i Alemany). Podr\u00e0s escollir l&#8217;any i el mes d&#8217;inici del calendari, a m\u00e9s podr\u00e0s posar textos, marcs, cliparts i afegir fotos o icones en les teves dates assenyalades (Sants, Compleixanys&#8230;.). Amb el calendari en mode Notes, podr\u00e0s importar des de Google Calendar o i-Calendar, els teus calendaris personalitzats i crear el teu calendari, amb les teves dates m\u00e9s assenyalades.<\/p>\n<h3><strong>Caracter\u00edstiques:<\/strong><\/h3>\n<ul>\n<li>Mides Disponibles: A3 Doble (42&#215;60 cm), A4 Doble (30&#215;42 cm)<\/li>\n<li>Nombre de p\u00e0gines 26<\/li>\n<li>Paper interior 250 gr. \/ Paper Tapa 400 gr. <\/li>\n<li>Format Horitzontal<\/li>\n<li>Acabat Mate<\/li>\n<\/ul>\n","protected":false},"excerpt":{"rendered":"<p>Personalitza el teu calendari doble de paret amb les teves fotos favorites i gaudeix del seu acabat mat en paper d&#8217;alta qualitat.<strong>  Descobreix els nous dissenys!<\/strong><\/p>\n<p>Caracter\u00edstiques:<\/p>\n<ul>\n<li>Mides Disponibles: A3 Doble (42&#215;60 cm), A4 Doble (30&#215;42 cm)<\/li>\n<li>Nombre de p\u00e0gines 26<\/li>\n<li>Paper interior 250 gr. \/ Paper Tapa 400 gr. <\/li>\n<li>Format Horitzontal<\/li>\n<li>Acabat Mate<\/li>\n<\/ul>\n","protected":false},"featured_media":17981,"comment_status":"open","ping_status":"closed","template":"","meta":[],"product_brand":[],"product_cat":[737,717],"product_tag":[],"class_list":{"0":"post-14718","1":"product","2":"type-product","3":"status-publish","4":"has-post-thumbnail","6":"product_cat-calendaris-personalitzats-de-paret","7":"product_cat-calendaris-personalitzats","9":"first","10":"instock","11":"taxable","12":"shipping-taxable","13":"product-type-external"},"_links":{"self":[{"href":"https:\/\/i-moments.com\/ca\/wp-json\/wp\/v2\/product\/14718","targetHints":{"allow":["GET"]}}],"collection":[{"href":"https:\/\/i-moments.com\/ca\/wp-json\/wp\/v2\/product"}],"about":[{"href":"https:\/\/i-moments.com\/ca\/wp-json\/wp\/v2\/types\/product"}],"replies":[{"embeddable":true,"href":"https:\/\/i-moments.com\/ca\/wp-json\/wp\/v2\/comments?post=14718"}],"wp:featuredmedia":[{"embeddable":true,"href":"https:\/\/i-moments.com\/ca\/wp-json\/wp\/v2\/media\/17981"}],"wp:attachment":[{"href":"https:\/\/i-moments.com\/ca\/wp-json\/wp\/v2\/media?parent=14718"}],"wp:term":[{"taxonomy":"product_brand","embeddable":true,"href":"https:\/\/i-moments.com\/ca\/wp-json\/wp\/v2\/product_brand?post=14718"},{"taxonomy":"product_cat","embeddable":true,"href":"https:\/\/i-moments.com\/ca\/wp-json\/wp\/v2\/product_cat?post=14718"},{"taxonomy":"product_tag","embeddable":true,"href":"https:\/\/i-moments.com\/ca\/wp-json\/wp\/v2\/product_tag?post=14718"}],"curies":[{"name":"wp","href":"https:\/\/api.w.org\/{rel}","templated":true}]}}