{"id":14720,"date":"2021-01-19T10:02:04","date_gmt":"2021-01-19T10:02:04","guid":{"rendered":"https:\/\/i-moments.com\/p\/sense%20categoria\/calendari-cartera-7x10cm\/"},"modified":"2025-09-30T15:03:18","modified_gmt":"2025-09-30T13:03:18","slug":"calendari-de-butxaca-personalitzat","status":"publish","type":"product","link":"https:\/\/i-moments.com\/ca\/p\/calendari-de-butxaca-personalitzat\/","title":{"rendered":"Calendari de butxaca Personalitzat"},"content":{"rendered":"<h2 style=\"text-align: center;\"><strong>CALENDARI DE BUTXACA PERSONALITZAT<\/strong><\/h2>\n<p>Portar a sobre un calendari de butxaca no \u00e9s cosa del passat. Continua sent molt \u00fatil portar-ne un a la teva cartera o moneder. De fet, les empreses continuen utilitzant els calendaris a tall de propaganda publicit\u00e0ria del seu negoci amb les seves dades i que sempre estiguin en la ment del seu consumidor.<\/p>\n<p>En i-moments disposem de calendaris ajustats a les mesures de la teva cartera. Tamb\u00e9 s\u00f3n una opci\u00f3 econ\u00f2mica i pr\u00e0ctica en batejos i comunions a tall de regal per als teus convidats. Crea el teu calendari on-line.<\/p>\n<p>Personalitza el teu calendari de butxaca amb la teva foto, logo, textos i altres. Calendaris personalitzats barats per demanar grans quantitats. Personalitza el 100% de la cara que no cont\u00e9 els mesos de l&#8217; any.<\/p>\n<h3><strong>Caracter\u00edstiques:<\/strong><\/h3>\n<ul>\n<li>Mida 7&#215;10 cm<\/li>\n<li>Impr\u00e8s a Cartolina de 400 gr + Barniz UV<\/li>\n<li>Pack M\u00ednim (16 unitats)<\/li>\n<li>Opcions: Cant Romo \/ Cant Recte<\/li>\n<\/ul>\n","protected":false},"excerpt":{"rendered":"<ul>\n<li>Mida 7&#215;10 cm<\/li>\n<li>Impr\u00e8s a Cartolina de 400 gr + Barniz UV<\/li>\n<li>Pack M\u00ednim (16 unitats)<\/li>\n<li>Opcions: Cant Romo \/ Cant Recte<\/li>\n<\/ul>\n","protected":false},"featured_media":15483,"comment_status":"open","ping_status":"closed","template":"","meta":[],"product_brand":[],"product_cat":[734,717],"product_tag":[],"class_list":{"0":"post-14720","1":"product","2":"type-product","3":"status-publish","4":"has-post-thumbnail","6":"product_cat-calendaris-de-cartera","7":"product_cat-calendaris-personalitzats","9":"first","10":"instock","11":"taxable","12":"shipping-taxable","13":"purchasable","14":"product-type-variable"},"_links":{"self":[{"href":"https:\/\/i-moments.com\/ca\/wp-json\/wp\/v2\/product\/14720","targetHints":{"allow":["GET"]}}],"collection":[{"href":"https:\/\/i-moments.com\/ca\/wp-json\/wp\/v2\/product"}],"about":[{"href":"https:\/\/i-moments.com\/ca\/wp-json\/wp\/v2\/types\/product"}],"replies":[{"embeddable":true,"href":"https:\/\/i-moments.com\/ca\/wp-json\/wp\/v2\/comments?post=14720"}],"wp:featuredmedia":[{"embeddable":true,"href":"https:\/\/i-moments.com\/ca\/wp-json\/wp\/v2\/media\/15483"}],"wp:attachment":[{"href":"https:\/\/i-moments.com\/ca\/wp-json\/wp\/v2\/media?parent=14720"}],"wp:term":[{"taxonomy":"product_brand","embeddable":true,"href":"https:\/\/i-moments.com\/ca\/wp-json\/wp\/v2\/product_brand?post=14720"},{"taxonomy":"product_cat","embeddable":true,"href":"https:\/\/i-moments.com\/ca\/wp-json\/wp\/v2\/product_cat?post=14720"},{"taxonomy":"product_tag","embeddable":true,"href":"https:\/\/i-moments.com\/ca\/wp-json\/wp\/v2\/product_tag?post=14720"}],"curies":[{"name":"wp","href":"https:\/\/api.w.org\/{rel}","templated":true}]}}