{"id":14724,"date":"2021-01-19T16:04:01","date_gmt":"2021-01-19T16:04:01","guid":{"rendered":"https:\/\/i-moments.com\/p\/sense%20categoria\/parchis-personalitzat\/"},"modified":"2025-10-14T11:42:20","modified_gmt":"2025-10-14T09:42:20","slug":"parchis-personalitzat","status":"publish","type":"product","link":"https:\/\/i-moments.com\/ca\/p\/parchis-personalitzat\/","title":{"rendered":"Parch\u00eds Personalitzat"},"content":{"rendered":"<h2 style=\"text-align: center;\"><strong>PARCH\u00cdS PERSONALITZAT<\/strong><\/h2>\n<p>Parch\u00eds personalitzat per a 4 o 6 jugadors, amb les teves fotos, cr\u00e9alo al teu gust. Ja no hi haur\u00e0 m\u00e9s discussions per triar el color. Tota la fam\u00edlia ja tindr\u00e0 casella de sortida.<br \/>\nDiverteix-te amb els nostres jocs personalitzats!<\/p>\n<h3><strong>Caracter\u00edstiques:<\/strong><\/h3>\n<ul>\n<li>Material: Fusta<\/li>\n<li>Jugadors: 4 o 6<\/li>\n<li>Mides: 20&#215;20 \/ 30&#215;30 \/ 40&#215;40 cm<\/li>\n<li>Color Cant: Blanc<\/li>\n<li>Base: Vellut<\/li>\n<li>Inclou fitxes, cubiletes i daus<\/li>\n<li>Diversos dissenys a triar<\/li>\n<li>Tamb\u00e9 podr\u00e0s triar a doble cara, un costat 4 jugadors i a l&#8217;altre 6, aix\u00ed ning\u00fa es queda fora<\/li>\n<\/ul>\n","protected":false},"excerpt":{"rendered":"<ul>\n<li>Material: Fusta<\/li>\n<li>Jugadors: 4 o 6<\/li>\n<li>Mides: 20&#215;20 \/ 30&#215;30 \/ 40&#215;40 cm<\/li>\n<li>Color Cant: Blanc<\/li>\n<li>Base: Vellut<\/li>\n<li>Inclou fitxes, cubiletes i daus<\/li>\n<li>Diversos dissenys a triar<\/li>\n<li>Tamb\u00e9 podr\u00e0s triar a doble cara, un costat 4 jugadors i a l&#8217;altre 6, aix\u00ed ning\u00fa es queda fora<\/li>\n<\/ul>\n","protected":false},"featured_media":12594,"comment_status":"open","ping_status":"closed","template":"","meta":[],"product_brand":[],"product_cat":[909,609],"product_tag":[637,845],"class_list":{"0":"post-14724","1":"product","2":"type-product","3":"status-publish","4":"has-post-thumbnail","6":"product_cat-jocs-de-taula","7":"product_cat-regala-productes-personalitzats","8":"product_tag-per-a-la-llar","9":"product_tag-per-a-jugar","11":"first","12":"instock","13":"taxable","14":"shipping-taxable","15":"purchasable","16":"product-type-variable"},"_links":{"self":[{"href":"https:\/\/i-moments.com\/ca\/wp-json\/wp\/v2\/product\/14724","targetHints":{"allow":["GET"]}}],"collection":[{"href":"https:\/\/i-moments.com\/ca\/wp-json\/wp\/v2\/product"}],"about":[{"href":"https:\/\/i-moments.com\/ca\/wp-json\/wp\/v2\/types\/product"}],"replies":[{"embeddable":true,"href":"https:\/\/i-moments.com\/ca\/wp-json\/wp\/v2\/comments?post=14724"}],"wp:featuredmedia":[{"embeddable":true,"href":"https:\/\/i-moments.com\/ca\/wp-json\/wp\/v2\/media\/12594"}],"wp:attachment":[{"href":"https:\/\/i-moments.com\/ca\/wp-json\/wp\/v2\/media?parent=14724"}],"wp:term":[{"taxonomy":"product_brand","embeddable":true,"href":"https:\/\/i-moments.com\/ca\/wp-json\/wp\/v2\/product_brand?post=14724"},{"taxonomy":"product_cat","embeddable":true,"href":"https:\/\/i-moments.com\/ca\/wp-json\/wp\/v2\/product_cat?post=14724"},{"taxonomy":"product_tag","embeddable":true,"href":"https:\/\/i-moments.com\/ca\/wp-json\/wp\/v2\/product_tag?post=14724"}],"curies":[{"name":"wp","href":"https:\/\/api.w.org\/{rel}","templated":true}]}}