{"id":14728,"date":"2021-01-19T15:56:48","date_gmt":"2021-01-19T15:56:48","guid":{"rendered":"https:\/\/i-moments.com\/p\/sense%20categoria\/mascareta-personalitzada\/"},"modified":"2025-09-30T15:02:05","modified_gmt":"2025-09-30T13:02:05","slug":"mascareta-personalitzada","status":"publish","type":"product","link":"https:\/\/i-moments.com\/ca\/p\/mascareta-personalitzada\/","title":{"rendered":"Mascareta Personalitzada"},"content":{"rendered":"<h2 style=\"text-align: center;\"><strong>MASCARETA PERSONALITZADA<\/strong><\/h2>\n<p>Especialment dissenyada per ser personalitzades sense l\u00edmit de colors. Fes el teu propi disseny o tria un dels nostres, pots veure els dissenys que t&#8217;oferim en la nostra aplicaci\u00f3 online.<\/p>\n<h3><strong>Caracter\u00edstiques:<\/strong><\/h3>\n<ul>\n<li>Mascaretes reutilitzables<\/li>\n<li>Compostes per 3 capes. Dues capes de poli\u00e8ster i un Filtre PM2.5<\/li>\n<li>No est\u00e0 indicada per a \u00fas sanitari i NO \u00e9s un EPI<\/li>\n<li>Opcional paquets de filtres de 10 uds<\/li>\n<\/ul>\n<h3>Mesures Total:<\/h3>\n<ul>\n<li>Infantil: 26 x 10 cm<\/li>\n<li>Mitjana: 33 x 11 cm<\/li>\n<li>Gran: 35 x 13,5 cm<\/li>\n<\/ul>\n","protected":false},"excerpt":{"rendered":"<ul>\n<li>Mascaretes reutilitzables<\/li>\n<li>Compostes per 3 capes. Dues capes de poli\u00e8ster i un Filtre PM2.5<\/li>\n<li>No est\u00e0 indicada per a \u00fas sanitari i NO \u00e9s un EPI<\/li>\n<li>Opcional paquets de filtres de 10 uds.<\/li>\n<\/ul>\n<p>Mesures Total:<\/p>\n<ul>\n<li>Infantil: 26 x 10 cm<\/li>\n<li>Mitjana: 33 x 11 cm<\/li>\n<li>Gran: 35 x 13,5 cm<\/li>\n<\/ul>\n","protected":false},"featured_media":11198,"comment_status":"open","ping_status":"closed","template":"","meta":[],"product_brand":[],"product_cat":[913,609,610],"product_tag":[636,706,841],"class_list":{"0":"post-14728","1":"product","2":"type-product","3":"status-publish","4":"has-post-thumbnail","6":"product_cat-mascares-personalitzades","7":"product_cat-regala-productes-personalitzats","8":"product_cat-accessoris-personalitzables","9":"product_tag-per-a-ell","10":"product_tag-per-a-ella","11":"product_tag-per-a-nens","13":"first","14":"instock","15":"taxable","16":"shipping-taxable","17":"purchasable","18":"product-type-simple"},"_links":{"self":[{"href":"https:\/\/i-moments.com\/ca\/wp-json\/wp\/v2\/product\/14728","targetHints":{"allow":["GET"]}}],"collection":[{"href":"https:\/\/i-moments.com\/ca\/wp-json\/wp\/v2\/product"}],"about":[{"href":"https:\/\/i-moments.com\/ca\/wp-json\/wp\/v2\/types\/product"}],"replies":[{"embeddable":true,"href":"https:\/\/i-moments.com\/ca\/wp-json\/wp\/v2\/comments?post=14728"}],"wp:featuredmedia":[{"embeddable":true,"href":"https:\/\/i-moments.com\/ca\/wp-json\/wp\/v2\/media\/11198"}],"wp:attachment":[{"href":"https:\/\/i-moments.com\/ca\/wp-json\/wp\/v2\/media?parent=14728"}],"wp:term":[{"taxonomy":"product_brand","embeddable":true,"href":"https:\/\/i-moments.com\/ca\/wp-json\/wp\/v2\/product_brand?post=14728"},{"taxonomy":"product_cat","embeddable":true,"href":"https:\/\/i-moments.com\/ca\/wp-json\/wp\/v2\/product_cat?post=14728"},{"taxonomy":"product_tag","embeddable":true,"href":"https:\/\/i-moments.com\/ca\/wp-json\/wp\/v2\/product_tag?post=14728"}],"curies":[{"name":"wp","href":"https:\/\/api.w.org\/{rel}","templated":true}]}}