{"id":14734,"date":"2021-01-20T09:25:15","date_gmt":"2021-01-20T09:25:15","guid":{"rendered":"https:\/\/i-moments.com\/p\/sense%20categoria\/foto-block-de-metacrilat-sobretaula\/"},"modified":"2025-12-17T13:21:07","modified_gmt":"2025-12-17T12:21:07","slug":"block-de-metacrilato-sobremesa","status":"publish","type":"product","link":"https:\/\/i-moments.com\/ca\/p\/block-de-metacrilato-sobremesa\/","title":{"rendered":"Block de Metacrilat Sobretaula"},"content":{"rendered":"<h2 style=\"text-align: center;\"><strong>BLOCK DE METACRILAT SOBREMESA<\/strong><\/h2>\n<p>El teu Block de Metacrilat tindr\u00e0 una brillantor espectacular gr\u00e0cies a la impressi\u00f3 directa sobre metacrilat.<br \/>\nUn producte d&#8217; alta qualitat que crea un efecte de profunditat espectacular.<\/p>\n<h3>Caracter\u00edstiques:<\/h3>\n<ul>\n<li>Impressi\u00f3 sobre metacrilat<\/li>\n<li>Gruix: 2 cm<\/li>\n<li>Format: Horitzontal o Vertical<\/li>\n<li>Inclou Caixa de Regal<\/li>\n<\/ul>\n","protected":false},"excerpt":{"rendered":"<ul>\n<li>Impressi\u00f3 sobre metacrilat<\/li>\n<li>Gruix: 2 cm<\/li>\n<li>Format: Horitzontal o Vertical<\/li>\n<li>Inclou Caixa de Regal<\/li>\n<\/ul>\n","protected":false},"featured_media":11946,"comment_status":"open","ping_status":"closed","template":"","meta":[],"product_brand":[],"product_cat":[741,771],"product_tag":[686,839],"class_list":{"0":"post-14734","1":"product","2":"type-product","3":"status-publish","4":"has-post-thumbnail","6":"product_cat-decora-ca","7":"product_cat-metacrilats-personalitzats","8":"product_tag-sant-valenti","9":"product_tag-decora-ca","11":"first","12":"instock","13":"taxable","14":"shipping-taxable","15":"purchasable","16":"product-type-variable"},"_links":{"self":[{"href":"https:\/\/i-moments.com\/ca\/wp-json\/wp\/v2\/product\/14734","targetHints":{"allow":["GET"]}}],"collection":[{"href":"https:\/\/i-moments.com\/ca\/wp-json\/wp\/v2\/product"}],"about":[{"href":"https:\/\/i-moments.com\/ca\/wp-json\/wp\/v2\/types\/product"}],"replies":[{"embeddable":true,"href":"https:\/\/i-moments.com\/ca\/wp-json\/wp\/v2\/comments?post=14734"}],"wp:featuredmedia":[{"embeddable":true,"href":"https:\/\/i-moments.com\/ca\/wp-json\/wp\/v2\/media\/11946"}],"wp:attachment":[{"href":"https:\/\/i-moments.com\/ca\/wp-json\/wp\/v2\/media?parent=14734"}],"wp:term":[{"taxonomy":"product_brand","embeddable":true,"href":"https:\/\/i-moments.com\/ca\/wp-json\/wp\/v2\/product_brand?post=14734"},{"taxonomy":"product_cat","embeddable":true,"href":"https:\/\/i-moments.com\/ca\/wp-json\/wp\/v2\/product_cat?post=14734"},{"taxonomy":"product_tag","embeddable":true,"href":"https:\/\/i-moments.com\/ca\/wp-json\/wp\/v2\/product_tag?post=14734"}],"curies":[{"name":"wp","href":"https:\/\/api.w.org\/{rel}","templated":true}]}}