{"id":14742,"date":"2021-01-19T14:46:11","date_gmt":"2021-01-19T14:46:11","guid":{"rendered":"https:\/\/i-moments.com\/p\/sense%20categoria\/calendari-sobretaula-a5-15x21-cm\/"},"modified":"2025-09-30T15:02:38","modified_gmt":"2025-09-30T13:02:38","slug":"calendari-sobretaula-a5-15x21cm","status":"publish","type":"product","link":"https:\/\/i-moments.com\/ca\/p\/calendari-sobretaula-a5-15x21cm\/","title":{"rendered":"Calendari de Sobretaula A5 (15&#215;21 cm)"},"content":{"rendered":"<h2 style=\"text-align: center;\"><strong>CALENDARI DE DESOBREMESA A5 15x21CM<\/strong><\/h2>\n<p>Difer\u00e8ncies ens un crear el teu calendari des del programari d&#8217;i-moments Plus o crear-lo Online des del teu M\u00f2bil, Tablet o PC:<\/p>\n<p><strong>Calendari Online:<\/strong> Podr\u00e0s fer el teu calendari escollint: idioma (espanyol, catal\u00e0, basc gallec, portugu\u00e8s, angl\u00e8s franc\u00e8s i alemany, l&#8217;any el mes en qu\u00e8 vols que comenci. Podr\u00e0s triar els festius que vulguis que apareguin en el teu calendari. Pots personalitzar-lo al teu gust: canviar els fons, les plantilles des d&#8217;1 a 8 fotos, afegir textos i cliparts.  <\/p>\n<p><strong>Calendari amb el Programari d&#8217;i-moments Plus:<\/strong> tens 7 idiomes (Castell\u00e0, Catal\u00e0, Euskera, Angl\u00e8s, Portugu\u00e8s, Franc\u00e8s, Itali\u00e0 i Alemany). Podr\u00e0s escollir l&#8217;any i el mes d&#8217;inici del calendari, a m\u00e9s podr\u00e0s posar textos, marcs, cliparts i afegir fotos o icones en les teves dates assenyalades (Sants, Compleixanys&#8230;.). Amb el calendari en mode Notes, podr\u00e0s importar des de Google Calendar o i-Calendar, els teus calendaris personalitzats i crear el teu calendari, amb les teves dates m\u00e9s assenyalades.<\/p>\n<h3><strong>Caracter\u00edstiques:<\/strong><\/h3>\n<ul>\n<li>Mida: A5 (15&#215;21 cm)<\/li>\n<li>Impr\u00e8s en paper de 250 gr<\/li>\n<li>Cont\u00e9 16 p\u00e0gines<\/li>\n<li>Format Vertical<\/li>\n<li>Peana de cartr\u00f3<\/li>\n<li>Acabat Mate<\/li>\n<\/ul>\n","protected":false},"excerpt":{"rendered":"<ul>\n<li>Mida: A5 (15&#215;21 cm)<\/li>\n<li>Impr\u00e8s en paper de 250 gr<\/li>\n<li>Cont\u00e9 16 p\u00e0gines<\/li>\n<li>Format Vertical<\/li>\n<li>Peana de cartr\u00f3<\/li>\n<li>Acabat Mate<\/li>\n<\/ul>\n","protected":false},"featured_media":19056,"comment_status":"open","ping_status":"closed","template":"","meta":[],"product_brand":[],"product_cat":[717,729],"product_tag":[686],"class_list":{"0":"post-14742","1":"product","2":"type-product","3":"status-publish","4":"has-post-thumbnail","6":"product_cat-calendaris-personalitzats","7":"product_cat-calendaris-personalitzats-de-sobretaula-ca","8":"product_tag-sant-valenti","10":"first","11":"instock","12":"taxable","13":"shipping-taxable","14":"purchasable","15":"product-type-simple"},"_links":{"self":[{"href":"https:\/\/i-moments.com\/ca\/wp-json\/wp\/v2\/product\/14742","targetHints":{"allow":["GET"]}}],"collection":[{"href":"https:\/\/i-moments.com\/ca\/wp-json\/wp\/v2\/product"}],"about":[{"href":"https:\/\/i-moments.com\/ca\/wp-json\/wp\/v2\/types\/product"}],"replies":[{"embeddable":true,"href":"https:\/\/i-moments.com\/ca\/wp-json\/wp\/v2\/comments?post=14742"}],"wp:featuredmedia":[{"embeddable":true,"href":"https:\/\/i-moments.com\/ca\/wp-json\/wp\/v2\/media\/19056"}],"wp:attachment":[{"href":"https:\/\/i-moments.com\/ca\/wp-json\/wp\/v2\/media?parent=14742"}],"wp:term":[{"taxonomy":"product_brand","embeddable":true,"href":"https:\/\/i-moments.com\/ca\/wp-json\/wp\/v2\/product_brand?post=14742"},{"taxonomy":"product_cat","embeddable":true,"href":"https:\/\/i-moments.com\/ca\/wp-json\/wp\/v2\/product_cat?post=14742"},{"taxonomy":"product_tag","embeddable":true,"href":"https:\/\/i-moments.com\/ca\/wp-json\/wp\/v2\/product_tag?post=14742"}],"curies":[{"name":"wp","href":"https:\/\/api.w.org\/{rel}","templated":true}]}}