{"id":14750,"date":"2021-01-19T12:29:13","date_gmt":"2021-01-19T12:29:13","guid":{"rendered":"https:\/\/i-moments.com\/p\/sense%20categoria\/calendari-de-paret-a3-30x42-cm\/"},"modified":"2025-09-30T15:02:47","modified_gmt":"2025-09-30T13:02:47","slug":"calendario-de-pared-personalizado","status":"publish","type":"product","link":"https:\/\/i-moments.com\/ca\/p\/calendario-de-pared-personalizado\/","title":{"rendered":"Calendari de Paret Personalitzat"},"content":{"rendered":"<h2 style=\"text-align: center;\"><strong>CALENDARI DE PARET PERSONALITZAT<\/strong><\/h2>\n<p>Difer\u00e8ncies entre un crear el teu calendari des del programari d&#8217;i-moments Plus o crear-lo Online des del teu M\u00f2bil, Tablet o PC:<\/p>\n<p><strong>Calendari Online:<\/strong> Podr\u00e0s fer el teu calendari escollint: idioma (espanyol, catal\u00e0, basc gallec, portugu\u00e8s, angl\u00e8s franc\u00e8s i alemany, l&#8217;any el mes en qu\u00e8 vols que comenci. Podr\u00e0s triar els festius que vulguis que apareguin en el teu calendari. Pots personalitzar-lo al teu gust: canviar els fons, les plantilles des d&#8217;1 a 8 fotos, afegir textos i cliparts.  <\/p>\n<p><strong>Calendari amb el Programari d&#8217; i-moments Plus:<\/strong> Idiomes a escollir (Castell\u00e0, Catal\u00e0, Euskera, Angl\u00e8s, Portugu\u00e8s, Franc\u00e8s, Itali\u00e0 i Alemany). Podr\u00e0s escollir l&#8217;any i el mes d&#8217;inici del calendari, a m\u00e9s podr\u00e0s posar textos, marcs, cliparts i afegir fotos o icones en les teves dates assenyalades (Sants, Compleixanys&#8230;.). Amb el calendari en mode Notes, podr\u00e0s importar des de Google Calendar o i-Calendar, els teus calendaris personalitzats i crear el teu calendari, amb les teves dates m\u00e9s assenyalades.<\/p>\n<h3><strong>Caracter\u00edstiques:<\/strong><\/h3>\n<ul>\n<li>Mides disponibles: A3 (30&#215;42 cm), A4 (20\u00d730 cm), A4 (30&#215;20 cm)<\/li>\n<li>P\u00e0gines: A3 (14 p\u00e0g.), A4 (16 p\u00e0g.)<\/li>\n<li>Impr\u00e8s en paper de 250 gr.<\/li>\n<li>Format Vertical \/ Horitzontal<\/li>\n<li>Acabat Mate<\/li>\n<\/ul>\n","protected":false},"excerpt":{"rendered":"<p><strong>Crea el teu Calendari de Paret Personalitzat i descobreix els nous dissenys en el nostre personalitzador:<\/strong><\/p>\n<ul>\n<li>Mides disponibles: A3 (30&#215;42 cm), A4 (20\u00d730 cm), A4 (30&#215;20 cm)<\/li>\n<li>P\u00e0gines: A3 (14 p\u00e0g.), A4 (16 p\u00e0g.)<\/li>\n<li>Impr\u00e8s en paper de 250 gr.<\/li>\n<li>Format Vertical \/ Horitzontal<\/li>\n<li>Acabat Mate<\/li>\n<\/ul>\n","protected":false},"featured_media":17988,"comment_status":"open","ping_status":"closed","template":"","meta":[],"product_brand":[1265],"product_cat":[737,717],"product_tag":[],"class_list":{"0":"post-14750","1":"product","2":"type-product","3":"status-publish","4":"has-post-thumbnail","6":"product_brand-i-moments","7":"product_cat-calendaris-personalitzats-de-paret","8":"product_cat-calendaris-personalitzats","10":"first","11":"instock","12":"taxable","13":"shipping-taxable","14":"purchasable","15":"product-type-variable"},"_links":{"self":[{"href":"https:\/\/i-moments.com\/ca\/wp-json\/wp\/v2\/product\/14750","targetHints":{"allow":["GET"]}}],"collection":[{"href":"https:\/\/i-moments.com\/ca\/wp-json\/wp\/v2\/product"}],"about":[{"href":"https:\/\/i-moments.com\/ca\/wp-json\/wp\/v2\/types\/product"}],"replies":[{"embeddable":true,"href":"https:\/\/i-moments.com\/ca\/wp-json\/wp\/v2\/comments?post=14750"}],"wp:featuredmedia":[{"embeddable":true,"href":"https:\/\/i-moments.com\/ca\/wp-json\/wp\/v2\/media\/17988"}],"wp:attachment":[{"href":"https:\/\/i-moments.com\/ca\/wp-json\/wp\/v2\/media?parent=14750"}],"wp:term":[{"taxonomy":"product_brand","embeddable":true,"href":"https:\/\/i-moments.com\/ca\/wp-json\/wp\/v2\/product_brand?post=14750"},{"taxonomy":"product_cat","embeddable":true,"href":"https:\/\/i-moments.com\/ca\/wp-json\/wp\/v2\/product_cat?post=14750"},{"taxonomy":"product_tag","embeddable":true,"href":"https:\/\/i-moments.com\/ca\/wp-json\/wp\/v2\/product_tag?post=14750"}],"curies":[{"name":"wp","href":"https:\/\/api.w.org\/{rel}","templated":true}]}}