{"id":15183,"date":"2023-10-17T08:48:14","date_gmt":"2023-10-17T06:48:14","guid":{"rendered":"https:\/\/i-moments.com\/?post_type=product&#038;p=15183"},"modified":"2025-09-30T15:09:06","modified_gmt":"2025-09-30T13:09:06","slug":"calendario-iman-personalizado","status":"publish","type":"product","link":"https:\/\/i-moments.com\/ca\/p\/calendario-iman-personalizado\/","title":{"rendered":"Calendari Im\u00e1n Personalitzat"},"content":{"rendered":"<h2 style=\"text-align: center;\"><strong>CALENDARI IM\u00c1N PERSONALITZAT<\/strong><\/h2>\n<p>Vols crear els teus propis calendaris magn\u00e8tics? Tria entre la nostra \u00e0mplia gamma de dissenys totalment personalitzables. Quan hagis trobat el teu disseny favorit, afegeix el teu toc personal i tria les opcions que millor s&#8217;adaptin a tu. Despr\u00e9s d&#8217;aquesta selecci\u00f3, nosaltres ens encarregarem de la resta, imprimint i enviant la teva comanda professionalment. Rebr\u00e0s uns calendaris personalitzats d&#8217;aspecte n\u00edtid i impecable, llestos per col\u00b7locar en frigor\u00edfics o arxivadors.<\/p>\n<h3><strong>Caracter\u00edstiques d&#8217; aquest Calendari Imant:<\/strong><\/h3>\n<ul>\n<li>Calendari Magn\u00e8tic<\/li>\n<li>Mides: A4 (20&#215;30 cm), A3 (30&#215;42 cm)<\/li>\n<li>Orientaci\u00f3: Vertical \/ Horitzontal<\/li>\n<li>Imant de 0,6 mm de gruix<\/li>\n<\/ul>\n","protected":false},"excerpt":{"rendered":"<p>Buscaves regals originals? Amb el nostre calendari imant personalitzats podr\u00e0s personalitzar el teu moment favorit i tenir-lo sempre a la vista.<\/p>\n<ul>\n<li class=\"b-portfolio_image_box view view-sixth\">Calendari Magn\u00e8tic<\/li>\n<li>Mides: A4 (20&#215;30 cm), A3 (30&#215;42 cm)<\/li>\n<li>Orientaci\u00f3: Vertical \/ Horitzontal<\/li>\n<li>Imant de 0,6 mm de gruix<\/li>\n<\/ul>\n","protected":false},"featured_media":18157,"comment_status":"open","ping_status":"closed","template":"","meta":[],"product_brand":[],"product_cat":[735,717],"product_tag":[1159,637],"class_list":{"0":"post-15183","1":"product","2":"type-product","3":"status-publish","4":"has-post-thumbnail","6":"product_cat-calendaris-personalitzats-magnetics","7":"product_cat-calendaris-personalitzats","8":"product_tag-esdeveniments","9":"product_tag-per-a-la-llar","11":"first","12":"instock","13":"taxable","14":"shipping-taxable","15":"purchasable","16":"product-type-variable"},"_links":{"self":[{"href":"https:\/\/i-moments.com\/ca\/wp-json\/wp\/v2\/product\/15183","targetHints":{"allow":["GET"]}}],"collection":[{"href":"https:\/\/i-moments.com\/ca\/wp-json\/wp\/v2\/product"}],"about":[{"href":"https:\/\/i-moments.com\/ca\/wp-json\/wp\/v2\/types\/product"}],"replies":[{"embeddable":true,"href":"https:\/\/i-moments.com\/ca\/wp-json\/wp\/v2\/comments?post=15183"}],"wp:featuredmedia":[{"embeddable":true,"href":"https:\/\/i-moments.com\/ca\/wp-json\/wp\/v2\/media\/18157"}],"wp:attachment":[{"href":"https:\/\/i-moments.com\/ca\/wp-json\/wp\/v2\/media?parent=15183"}],"wp:term":[{"taxonomy":"product_brand","embeddable":true,"href":"https:\/\/i-moments.com\/ca\/wp-json\/wp\/v2\/product_brand?post=15183"},{"taxonomy":"product_cat","embeddable":true,"href":"https:\/\/i-moments.com\/ca\/wp-json\/wp\/v2\/product_cat?post=15183"},{"taxonomy":"product_tag","embeddable":true,"href":"https:\/\/i-moments.com\/ca\/wp-json\/wp\/v2\/product_tag?post=15183"}],"curies":[{"name":"wp","href":"https:\/\/api.w.org\/{rel}","templated":true}]}}