{"id":15522,"date":"2023-10-19T17:28:57","date_gmt":"2023-10-19T15:28:57","guid":{"rendered":"https:\/\/i-moments.com\/p\/photocall-marc-personalitzat\/"},"modified":"2025-09-30T15:09:16","modified_gmt":"2025-09-30T13:09:16","slug":"photocall-marc-personalitzat","status":"publish","type":"product","link":"https:\/\/i-moments.com\/ca\/p\/photocall-marc-personalitzat\/","title":{"rendered":"Photocall Marc Personalitzat"},"content":{"rendered":"<h2 style=\"text-align: center;\"><strong>PHOTOCALL MARC PERSONALITZAT<\/strong><\/h2>\n<p>Dona-li un toc d&#8217;originalitat a les teves celebracions amb el nostre Photocall Marc Personalitzat. Ideal per a festes d&#8217;aniversari, aniversaris i esdeveniments tem\u00e0tics, aquest producte ofereix una experi\u00e8ncia fotogr\u00e0fica \u00fanica. Selecciona entre una varietat de dissenys originals i personalitza l&#8217;interior del marc amb les teves fotos preferides. Fabricat en resistent cartr\u00f3 ploma de 0,5 cm, pots triar entre dues mides: 70&#215;100 cm i 50&#215;70 cm. Transforma els teus esdeveniments en records inoblidables.<\/p>\n<p><strong>Material:<\/strong> Cartr\u00f3 ploma de 0,5 cm de gruix<\/p>\n<p><strong>Mides:<\/strong><\/p>\n<ul>\n<li>70&#215;100 cm<\/li>\n<li>50&#215;70 cm<\/li>\n<\/ul>\n","protected":false},"excerpt":{"rendered":"<p>Agrega diversi\u00f3 i originalitat a les teves festes amb el nostre photocall i personalitza la teva foto favorita!<\/p>\n<p><strong><br \/>\n\u2013 Material:<\/strong> Cartr\u00f3 ploma de 0,5 cm de gruix<\/p>\n<p><strong>\u2013 Mides:<\/strong><\/p>\n<ul>\n<li>70&#215;100 cm<\/li>\n<li>  50&#215;70 cm<\/li>\n<\/ul>\n","protected":false},"featured_media":20959,"comment_status":"closed","ping_status":"closed","template":"","meta":[],"product_brand":[],"product_cat":[1157,741],"product_tag":[1159,639],"class_list":{"0":"post-15522","1":"product","2":"type-product","3":"status-publish","4":"has-post-thumbnail","6":"product_cat-festes-i-events","7":"product_cat-decora-ca","8":"product_tag-esdeveniments","9":"product_tag-regals-per-a-profes","11":"first","12":"instock","13":"taxable","14":"shipping-taxable","15":"purchasable","16":"product-type-variable","17":"has-default-attributes"},"_links":{"self":[{"href":"https:\/\/i-moments.com\/ca\/wp-json\/wp\/v2\/product\/15522","targetHints":{"allow":["GET"]}}],"collection":[{"href":"https:\/\/i-moments.com\/ca\/wp-json\/wp\/v2\/product"}],"about":[{"href":"https:\/\/i-moments.com\/ca\/wp-json\/wp\/v2\/types\/product"}],"replies":[{"embeddable":true,"href":"https:\/\/i-moments.com\/ca\/wp-json\/wp\/v2\/comments?post=15522"}],"wp:featuredmedia":[{"embeddable":true,"href":"https:\/\/i-moments.com\/ca\/wp-json\/wp\/v2\/media\/20959"}],"wp:attachment":[{"href":"https:\/\/i-moments.com\/ca\/wp-json\/wp\/v2\/media?parent=15522"}],"wp:term":[{"taxonomy":"product_brand","embeddable":true,"href":"https:\/\/i-moments.com\/ca\/wp-json\/wp\/v2\/product_brand?post=15522"},{"taxonomy":"product_cat","embeddable":true,"href":"https:\/\/i-moments.com\/ca\/wp-json\/wp\/v2\/product_cat?post=15522"},{"taxonomy":"product_tag","embeddable":true,"href":"https:\/\/i-moments.com\/ca\/wp-json\/wp\/v2\/product_tag?post=15522"}],"curies":[{"name":"wp","href":"https:\/\/api.w.org\/{rel}","templated":true}]}}