{"id":15831,"date":"2023-11-09T08:10:10","date_gmt":"2023-11-09T07:10:10","guid":{"rendered":"https:\/\/i-moments.com\/p\/cambra-dun-sol-us-personalitzada\/"},"modified":"2024-12-10T15:05:02","modified_gmt":"2024-12-10T14:05:02","slug":"camara-desechable-con-diseno-personalizado","status":"publish","type":"product","link":"https:\/\/i-moments.com\/ca\/p\/camara-desechable-con-diseno-personalizado\/","title":{"rendered":"Cambra d&#8217;un sol \u00fas Personalitzada"},"content":{"rendered":"<h2 style=\"text-align: center;\"><strong>C\u00c0MERA D&#8217;ENSENYABLE PERSONALITZADA<\/strong><\/h2>\n<p>La<strong> c\u00e0mera d&#8217;un sol \u00fas personalitzada<\/strong> o d&#8217;un sol \u00fas t&#8217;ofereix la possibilitat de capturar cada moment \u00fanic i irrepetible. Petita, lleugera i sense complicacions, la podr\u00e0s endur amb tu en tot moment. Personalitza-la amb el disseny que m\u00e9s t&#8217;agradi o&#8230; fes-ho a la teva manera! T&#8217;arribar\u00e0 LLISTA PER USAR! Ideal per als teus esdeveniments, casaments, comunions, aniversaris, aniversaris, etc&#8230;<\/p>\n<ul>\n<li>Cambra d&#8217;un sol \u00fas personalitzada o d&#8217;un sol \u00fas<\/li>\n<li>27 Fotos<\/li>\n<li>ISO 400\/27\u00ba<\/li>\n<li>Flash Incorporat<\/li>\n<li>Grand\u00e0ria Cambra: 11 x 3 x 5,5 cm<\/li>\n<li>Grand\u00e0ria Adhesiu: 14,6 x 4,8 cm<\/li>\n<\/ul>\n","protected":false},"excerpt":{"rendered":"<p><strong>Cambra d&#8217;un sol \u00fas personalitzada<\/strong><\/p>\n<ul>\n<li>27 Fotos<\/li>\n<li>ISO 400\/27\u00ba<\/li>\n<li>Flash Incorporat<\/li>\n<li>Grand\u00e0ria Cambra: 11 x 3 x 5,5 cm<\/li>\n<li>Grand\u00e0ria Adhesiu: 14,6 x 4,8 cm<\/li>\n<\/ul>\n","protected":false},"featured_media":15724,"comment_status":"closed","ping_status":"closed","template":"","meta":[],"product_brand":[],"product_cat":[1157,609,741],"product_tag":[],"class_list":{"0":"post-15831","1":"product","2":"type-product","3":"status-publish","4":"has-post-thumbnail","6":"product_cat-festes-i-events","7":"product_cat-regala-productes-personalitzats","8":"product_cat-decora-ca","10":"first","11":"instock","12":"taxable","13":"shipping-taxable","14":"purchasable","15":"product-type-simple"},"_links":{"self":[{"href":"https:\/\/i-moments.com\/ca\/wp-json\/wp\/v2\/product\/15831","targetHints":{"allow":["GET"]}}],"collection":[{"href":"https:\/\/i-moments.com\/ca\/wp-json\/wp\/v2\/product"}],"about":[{"href":"https:\/\/i-moments.com\/ca\/wp-json\/wp\/v2\/types\/product"}],"replies":[{"embeddable":true,"href":"https:\/\/i-moments.com\/ca\/wp-json\/wp\/v2\/comments?post=15831"}],"wp:featuredmedia":[{"embeddable":true,"href":"https:\/\/i-moments.com\/ca\/wp-json\/wp\/v2\/media\/15724"}],"wp:attachment":[{"href":"https:\/\/i-moments.com\/ca\/wp-json\/wp\/v2\/media?parent=15831"}],"wp:term":[{"taxonomy":"product_brand","embeddable":true,"href":"https:\/\/i-moments.com\/ca\/wp-json\/wp\/v2\/product_brand?post=15831"},{"taxonomy":"product_cat","embeddable":true,"href":"https:\/\/i-moments.com\/ca\/wp-json\/wp\/v2\/product_cat?post=15831"},{"taxonomy":"product_tag","embeddable":true,"href":"https:\/\/i-moments.com\/ca\/wp-json\/wp\/v2\/product_tag?post=15831"}],"curies":[{"name":"wp","href":"https:\/\/api.w.org\/{rel}","templated":true}]}}