{"id":16698,"date":"2024-04-17T09:08:21","date_gmt":"2024-04-17T07:08:21","guid":{"rendered":"https:\/\/i-moments.com\/?post_type=product&#038;p=16698"},"modified":"2025-09-30T15:08:51","modified_gmt":"2025-09-30T13:08:51","slug":"foto-ceramica-rectangular-personalizada","status":"publish","type":"product","link":"https:\/\/i-moments.com\/ca\/p\/foto-ceramica-rectangular-personalizada\/","title":{"rendered":"Foto Cer\u00e0mica Rectangular Personalitzada"},"content":{"rendered":"<h2 style=\"text-align: center;\"><strong>FOTO CER\u00c0MICA RECTANGULAR PERSONALITZADA<\/strong><\/h2>\n<p>Perqu\u00e8 recordar els m\u00e9s volguts, es mereix un producte de qualitat i que perduri en el temps.<br \/>\nLes Fotos d&#8217;i-moments estan fabricades amb la millor porcellana d&#8217;It\u00e0lia. El proc\u00e9s d&#8217;impressi\u00f3 de les fotos digitals es realitza per pigments cer\u00e0mics (no per tinta), i alhora se sotmeten a un proc\u00e9s de vitrificat a m\u00e9s de 1.000\u00baC durant diverses hores, per garantir la seva resist\u00e8ncia al pas del temps i a les condicions climatol\u00f2giques m\u00e9s adverses, aix\u00ed com el pas dels anys.<\/p>\n<h3><strong>Caracter\u00edstiques:<\/strong><\/h3>\n<ul>\n<li>Color Marc: Inox, Daurat o Bronze<\/li>\n<li>Impressi\u00f3 per pigments cer\u00e0mics<\/li>\n<li>Proc\u00e9s de vitrificat per cocci\u00f3 a m\u00e9s de 1.000 \u00baC<\/li>\n<li>Grand\u00e0ries: 6&#215;8 cm \/ 8&#215;10 cm \/ 9&#215;12 cm \/ 11&#215;15 cm<\/li>\n<li>Es poden afegir textos a les imatges<\/li>\n<\/ul>\n<p>&nbsp;<\/p>\n","protected":false},"excerpt":{"rendered":"<p><strong>Caracter\u00edstiques:<\/strong><\/p>\n<ul>\n<li>Color Marc: Inox, Daurat o Bronze<\/li>\n<li>Impressi\u00f3 per pigments cer\u00e0mics<\/li>\n<li>Proc\u00e9s de vitrificat per cocci\u00f3 a m\u00e9s de 1.000 \u00baC<\/li>\n<li>Grand\u00e0ries: 6 x 8 cm \/ 8 x 10 cm \/ 9 x 12 cm \/ 11&#215;15 cm<\/li>\n<\/ul>\n","protected":false},"featured_media":16219,"comment_status":"open","ping_status":"closed","template":"","meta":[],"product_brand":[],"product_cat":[743,741],"product_tag":[],"class_list":{"0":"post-16698","1":"product","2":"type-product","3":"status-publish","4":"has-post-thumbnail","6":"product_cat-ceramiques-personalitzades","7":"product_cat-decora-ca","9":"first","10":"instock","11":"taxable","12":"shipping-taxable","13":"purchasable","14":"product-type-variable","15":"has-default-attributes"},"_links":{"self":[{"href":"https:\/\/i-moments.com\/ca\/wp-json\/wp\/v2\/product\/16698","targetHints":{"allow":["GET"]}}],"collection":[{"href":"https:\/\/i-moments.com\/ca\/wp-json\/wp\/v2\/product"}],"about":[{"href":"https:\/\/i-moments.com\/ca\/wp-json\/wp\/v2\/types\/product"}],"replies":[{"embeddable":true,"href":"https:\/\/i-moments.com\/ca\/wp-json\/wp\/v2\/comments?post=16698"}],"wp:featuredmedia":[{"embeddable":true,"href":"https:\/\/i-moments.com\/ca\/wp-json\/wp\/v2\/media\/16219"}],"wp:attachment":[{"href":"https:\/\/i-moments.com\/ca\/wp-json\/wp\/v2\/media?parent=16698"}],"wp:term":[{"taxonomy":"product_brand","embeddable":true,"href":"https:\/\/i-moments.com\/ca\/wp-json\/wp\/v2\/product_brand?post=16698"},{"taxonomy":"product_cat","embeddable":true,"href":"https:\/\/i-moments.com\/ca\/wp-json\/wp\/v2\/product_cat?post=16698"},{"taxonomy":"product_tag","embeddable":true,"href":"https:\/\/i-moments.com\/ca\/wp-json\/wp\/v2\/product_tag?post=16698"}],"curies":[{"name":"wp","href":"https:\/\/api.w.org\/{rel}","templated":true}]}}