{"id":16813,"date":"2024-04-15T13:21:10","date_gmt":"2024-04-15T11:21:10","guid":{"rendered":"https:\/\/i-moments.com\/p\/orla-personalitzada\/"},"modified":"2025-09-30T15:09:33","modified_gmt":"2025-09-30T13:09:33","slug":"orla-personalizada","status":"publish","type":"product","link":"https:\/\/i-moments.com\/ca\/p\/orla-personalizada\/","title":{"rendered":"Orla Personalitzada"},"content":{"rendered":"<h1 style=\"text-align: center;\"><strong>ORLA PERSONALITZADA<\/strong><\/h1>\n<p>&nbsp;<\/p>\n<div class=\"row\"  id=\"row-1263061519\">\n\n\t<div id=\"col-1371975313\" class=\"col medium-1\/2 large-6\"  >\n\t\t\t\t<div class=\"col-inner\"  >\n\t\t\t\n\t\t\t\n<p><strong><span style=\"color: #000000;\">Caracter\u00edstiques de l&#8217;Orla Personalitzada:<\/span><\/strong><\/p>\n<ul>\n<li><span style=\"color: #000000;\">Grand\u00e0ria: 40&#215;30 cm<\/span><\/li>\n<li><span style=\"color: #000000;\">Paper: 250 gr<\/span><\/li>\n<li>Acabat Mate<\/li>\n<li><span style=\"color: #000000;\">Plantilles des d&#8217;1 a 32 fotos adaptables a les fotos que necessitis ja que s\u00f3n totalment personalitzables<\/span><\/li>\n<li><span style=\"color: #000000;\">Possibilitat d&#8217;afegir marc de fusta (inclou penjador)<\/span><\/li>\n<li><span style=\"color: #000000;\">Colors de marcs: blanc, negre i roure<\/span><\/li>\n<\/ul>\n\t\t<\/div>\n\t\t\t\t\t<\/div>\n\n\t\n\n\t<div id=\"col-963367819\" class=\"col medium-1\/2 large-6\"  >\n\t\t\t\t<div class=\"col-inner\"  >\n\t\t\t\n\t\t\t\n<p><strong><span style=\"color: #000000;\">Descomptes per quantitat:<\/span><\/strong><\/p>\n<ul>\n<li>Des de 5 fins a 10 unds. 10% Dte. <\/li>\n<li>Des de 11 fins a 20 unds. 20% Dte. <\/li>\n<li>Des de 21 fins a 30 unds. 25% Dte. <\/li>\n<li>Des de 31 fins a 999 unds. 30% Dte. <\/li>\n<\/ul>\n\t\t<\/div>\n\t\t\t\t\t<\/div>\n\n\t\n<\/div>\n<p style=\"text-align: center;\"><iframe title=\"YouTube v\u00eddeo player\" src=\"https:\/\/www.youtube.com\/embed\/qiwMGDTzbeU?si=OM2_Qxp_-OO9vi_K\" width=\"560\" height=\"315\" frameborder=\"0\" align=\"center\" allowfullscreen=\"allowfullscreen\"><span data-mce-type=\"bookmark\" style=\"display: inline-block; width: 0px; overflow: hidden; line-height: 0;\" class=\"mce_SELRES_start\"><\/span><\/iframe><\/p>\n<p>&nbsp;<\/p>\n<p><span style=\"color: #000000;\">Arriba el final de curs i tinguis l&#8217;edat que tinguis sempre sentir\u00e0s la nost\u00e0lgia d&#8217;acabar una etapa \u00fanica i irrepetible. \u00c9s per aix\u00f2 que amb i-moments pots crear un record per a tota la vida: una orla personalitzada amb tots i cadascun dels teus companys de classe. T&#8217;oferim l&#8217;opci\u00f3 de pujar la teva orla ja feta i imprimir-la directament (podr\u00e0s triar si la desitges amb marc o sense) o dissenyar-la amb nosaltres amb el nostre editor online. Per crear la teva orla personalitzada podr\u00e0s triar entre un munt de dissenys: escull el disseny i la plantilla que s&#8217;ajusti a les teves necessitats i aconseguir la teva Orla Personalitzada.<\/span><\/p>\n<p><span style=\"color: #000000;\">Tria la teva plantilla, apuja les teves fotos. Podr\u00e0s escollir la teva Orla amb Marc de fusta o sense. Els marcs disponibles s\u00f3n de color negre, blanc o roure. Ja sigui per a classes m\u00e9s infantils, d&#8217;institut, batxillerat o fins i tot d&#8217;universitat amb i-moments pots personalitzar la teva orla i obtenir un record \u00fanic per a tota la vida.<\/span><\/p>\n","protected":false},"excerpt":{"rendered":"<p><strong>Caracter\u00edstiques de l&#8217;Orla Personalitzada:<\/strong><\/p>\n<ul>\n<li>Grand\u00e0ria: 40&#215;30 cm<\/li>\n<li>Paper: 250 gr<\/li>\n<li>Acabat Mate<\/li>\n<li>Plantilles des d&#8217;1 a 32 fotos per\u00f2 adaptables a les fotos que necessitis ja que s\u00f3n totalment personalitzables<\/li>\n<li>Possibilitat d&#8217;afegir marc de fusta (inclou penjador)<\/li>\n<li>Colors de marcs: blanc, negre i roure<\/li>\n<li>Descomptes per quantitat<\/li>\n<\/ul>\n","protected":false},"featured_media":16347,"comment_status":"closed","ping_status":"closed","template":"","meta":[],"product_brand":[],"product_cat":[1157,741],"product_tag":[639],"class_list":{"0":"post-16813","1":"product","2":"type-product","3":"status-publish","4":"has-post-thumbnail","6":"product_cat-festes-i-events","7":"product_cat-decora-ca","8":"product_tag-regals-per-a-profes","10":"first","11":"instock","12":"taxable","13":"shipping-taxable","14":"purchasable","15":"product-type-simple"},"_links":{"self":[{"href":"https:\/\/i-moments.com\/ca\/wp-json\/wp\/v2\/product\/16813","targetHints":{"allow":["GET"]}}],"collection":[{"href":"https:\/\/i-moments.com\/ca\/wp-json\/wp\/v2\/product"}],"about":[{"href":"https:\/\/i-moments.com\/ca\/wp-json\/wp\/v2\/types\/product"}],"replies":[{"embeddable":true,"href":"https:\/\/i-moments.com\/ca\/wp-json\/wp\/v2\/comments?post=16813"}],"wp:featuredmedia":[{"embeddable":true,"href":"https:\/\/i-moments.com\/ca\/wp-json\/wp\/v2\/media\/16347"}],"wp:attachment":[{"href":"https:\/\/i-moments.com\/ca\/wp-json\/wp\/v2\/media?parent=16813"}],"wp:term":[{"taxonomy":"product_brand","embeddable":true,"href":"https:\/\/i-moments.com\/ca\/wp-json\/wp\/v2\/product_brand?post=16813"},{"taxonomy":"product_cat","embeddable":true,"href":"https:\/\/i-moments.com\/ca\/wp-json\/wp\/v2\/product_cat?post=16813"},{"taxonomy":"product_tag","embeddable":true,"href":"https:\/\/i-moments.com\/ca\/wp-json\/wp\/v2\/product_tag?post=16813"}],"curies":[{"name":"wp","href":"https:\/\/api.w.org\/{rel}","templated":true}]}}