{"id":17401,"date":"2024-10-17T09:58:18","date_gmt":"2024-10-17T07:58:18","guid":{"rendered":"https:\/\/i-moments.com\/?post_type=product&#038;p=17401"},"modified":"2024-10-17T16:21:51","modified_gmt":"2024-10-17T14:21:51","slug":"tassa-halloween","status":"publish","type":"product","link":"https:\/\/i-moments.com\/ca\/p\/tassa-halloween\/","title":{"rendered":"Taza Halloween"},"content":{"rendered":"<h2 style=\"text-align: center;\"><strong>TAZA HALLOWEEN<\/strong><\/h2>\n<p data-pm-slice=\"1 1 []\">Sumeu-te en l&#8217;ambient de Halloween amb aquesta encantadora tassa de cer\u00e0mica, ideal per donar un toc festiu als teus matins i nits. Amb un vibrant color taronja a la sessa i l&#8217;interior, aquesta tassa \u00e9s perfecta per als amants de les celebracions d&#8217;octubre i els dissenys personalitzats. Amb una capacitat de 325 ml, \u00e9s ideal per a caf\u00e8, te, xocolata calenta o qualsevol beguda que t&#8217;acompanyi en aquests moments especials de Halloween.  <\/p>\n<p>La tassa est\u00e0 feta de cer\u00e0mica d&#8217; alta qualitat, la qual cosa garanteix durabilitat i un acabat impecable. \u00c9s apta per a rentaplats i microones, el que fa que el seu \u00fas sigui c\u00f2mode i pr\u00e0ctic, sense preocupacions. <\/p>\n<p><strong>Caracter\u00edstiques:<\/strong><\/p>\n<ul>\n<li>Material: Cer\u00e0mica<\/li>\n<li>Color: Taronja a la sessa i l&#8217; interior<\/li>\n<li>Capacitat: 325 ml<\/li>\n<li>Mida: \u00f88 \u00d7 9,5 cm<\/li>\n<li>Apta per a rentaplats i microones<\/li>\n<\/ul>\n","protected":false},"excerpt":{"rendered":"<p data-pm-slice=\"1 1 []\">Celebra l&#8217;esperit de Halloween amb aquesta tassa de cer\u00e0mica personalitzada, perfecta per gaudir de les teves begudes favorites. Disponible en color taronja a la sessa i l&#8217; interior i apta per a rentaplats i microones. Capacitat de 325 ml  <\/p>\n<ul>\n<li>Material: Cer\u00e0mica<\/li>\n<li>Color: Taronja a la sessa i l&#8217; interior<\/li>\n<li>Capacitat: 325 ml<\/li>\n<li>Mida: \u00f88 \u00d7 9,5 cm<\/li>\n<li>Apta per a rentaplats i microones<\/li>\n<\/ul>\n","protected":false},"featured_media":17423,"comment_status":"open","ping_status":"closed","template":"","meta":[],"product_brand":[],"product_cat":[571,572],"product_tag":[1201,637,698,707],"class_list":{"0":"post-17401","1":"product","2":"type-product","3":"status-publish","4":"has-post-thumbnail","6":"product_cat-tasses-personalitzades","7":"product_cat-tasses","8":"product_tag-halloween-ca","9":"product_tag-per-a-la-llar","10":"product_tag-primera-comunio","11":"product_tag-amic-invisible","13":"first","14":"instock","15":"taxable","16":"shipping-taxable","17":"purchasable","18":"product-type-variable"},"_links":{"self":[{"href":"https:\/\/i-moments.com\/ca\/wp-json\/wp\/v2\/product\/17401","targetHints":{"allow":["GET"]}}],"collection":[{"href":"https:\/\/i-moments.com\/ca\/wp-json\/wp\/v2\/product"}],"about":[{"href":"https:\/\/i-moments.com\/ca\/wp-json\/wp\/v2\/types\/product"}],"replies":[{"embeddable":true,"href":"https:\/\/i-moments.com\/ca\/wp-json\/wp\/v2\/comments?post=17401"}],"wp:featuredmedia":[{"embeddable":true,"href":"https:\/\/i-moments.com\/ca\/wp-json\/wp\/v2\/media\/17423"}],"wp:attachment":[{"href":"https:\/\/i-moments.com\/ca\/wp-json\/wp\/v2\/media?parent=17401"}],"wp:term":[{"taxonomy":"product_brand","embeddable":true,"href":"https:\/\/i-moments.com\/ca\/wp-json\/wp\/v2\/product_brand?post=17401"},{"taxonomy":"product_cat","embeddable":true,"href":"https:\/\/i-moments.com\/ca\/wp-json\/wp\/v2\/product_cat?post=17401"},{"taxonomy":"product_tag","embeddable":true,"href":"https:\/\/i-moments.com\/ca\/wp-json\/wp\/v2\/product_tag?post=17401"}],"curies":[{"name":"wp","href":"https:\/\/api.w.org\/{rel}","templated":true}]}}