{"id":17440,"date":"2024-09-18T10:13:32","date_gmt":"2024-09-18T08:13:32","guid":{"rendered":"https:\/\/i-moments.com\/p\/calendari-de-advent-personalitzat\/"},"modified":"2025-09-30T15:08:40","modified_gmt":"2025-09-30T13:08:40","slug":"calendari-de-advent-personalitzat","status":"publish","type":"product","link":"https:\/\/i-moments.com\/ca\/p\/calendari-de-advent-personalitzat\/","title":{"rendered":"Calendari d&#8217; Advent Personalitzat"},"content":{"rendered":"<h2><strong>Calendari d&#8217; Advent Personalitzat<\/strong><\/h2>\n<p>Calendari d&#8217;Advent Personalitzat amb les teves Fotos \u00a1Sorpr\u00e8n els teus \u00e9ssers estimats aquest Nadal! Crea un regal \u00fanic i especial amb aquest calendari d&#8217;advent DIY. Tria fins a 24 de les teves millors fotos per crear finestres que s&#8217;obriran dia a dia fins Nadal. Un detall creatiu i sentimental per compartir els records m\u00e9s especials. Inclou fotos d&#8217;amics, fam\u00edlia, mascotes o moments importants. Decorat amb imatges i missatges personalitzats. El regal perfecte fet a m\u00e0 i amb amor per a aquesta temporada nadalenca.      <\/p>\n<p><strong>Especificacions:<\/strong><\/p>\n<ul>\n<li>Mida: 26&#215;35 cm<\/li>\n<li>Acabat: Metallic<\/li>\n<li>Cartr\u00f3: 300 grs.<\/li>\n<\/ul>\n<p><strong>Opcions disponibles:<\/strong><\/p>\n<ul>\n<li>Calendari Advent<\/li>\n<li>Calendari Advent + Penjador imant de fusta (color roure, blanc i negre)<\/li>\n<\/ul>\n","protected":false},"excerpt":{"rendered":"<p>Sorpr\u00e8n els teus \u00e9ssers estimats aquest Nadal! Crea un regal \u00fanic i especial amb aquest calendari d&#8217;advent DIY.  A\u00f1\u00e1dele valor amb els nostres penjadors magn\u00e8tics de fusta i cu\u00e9lgalo f\u00e1cilmente, dona-li un toc especial a la teva llar.<\/p>\n<p><strong>Especificacions:<\/strong><\/p>\n<ul>\n<li>Mida: 26&#215;35 cm<\/li>\n<li>Acabat: Metallic<\/li>\n<li>Cartr\u00f3: 300 grs.<\/li>\n<\/ul>\n<p><strong>Opcions disponibles:<\/strong><\/p>\n<ul>\n<li>Calendari Advent<\/li>\n<li>Calendari Advent + Penjador imant de fusta (color roure, blanc i negre)<\/li>\n<\/ul>\n","protected":false},"featured_media":23077,"comment_status":"closed","ping_status":"closed","template":"","meta":[],"product_brand":[],"product_cat":[620,717,737,619],"product_tag":[621],"class_list":{"0":"post-17440","1":"product","2":"type-product","3":"status-publish","4":"has-post-thumbnail","6":"product_cat-adorns-de-nadal","7":"product_cat-calendaris-personalitzats","8":"product_cat-calendaris-personalitzats-de-paret","9":"product_cat-nadal","10":"product_tag-nadal","12":"first","13":"instock","14":"taxable","15":"shipping-taxable","16":"purchasable","17":"product-type-variable","18":"has-default-attributes"},"_links":{"self":[{"href":"https:\/\/i-moments.com\/ca\/wp-json\/wp\/v2\/product\/17440","targetHints":{"allow":["GET"]}}],"collection":[{"href":"https:\/\/i-moments.com\/ca\/wp-json\/wp\/v2\/product"}],"about":[{"href":"https:\/\/i-moments.com\/ca\/wp-json\/wp\/v2\/types\/product"}],"replies":[{"embeddable":true,"href":"https:\/\/i-moments.com\/ca\/wp-json\/wp\/v2\/comments?post=17440"}],"wp:featuredmedia":[{"embeddable":true,"href":"https:\/\/i-moments.com\/ca\/wp-json\/wp\/v2\/media\/23077"}],"wp:attachment":[{"href":"https:\/\/i-moments.com\/ca\/wp-json\/wp\/v2\/media?parent=17440"}],"wp:term":[{"taxonomy":"product_brand","embeddable":true,"href":"https:\/\/i-moments.com\/ca\/wp-json\/wp\/v2\/product_brand?post=17440"},{"taxonomy":"product_cat","embeddable":true,"href":"https:\/\/i-moments.com\/ca\/wp-json\/wp\/v2\/product_cat?post=17440"},{"taxonomy":"product_tag","embeddable":true,"href":"https:\/\/i-moments.com\/ca\/wp-json\/wp\/v2\/product_tag?post=17440"}],"curies":[{"name":"wp","href":"https:\/\/api.w.org\/{rel}","templated":true}]}}