{"id":18561,"date":"2024-10-23T09:23:29","date_gmt":"2024-10-23T07:23:29","guid":{"rendered":"https:\/\/i-moments.com\/p\/album-de-fotos-digital-vertical-personalizado\/"},"modified":"2025-09-30T15:08:30","modified_gmt":"2025-09-30T13:08:30","slug":"album-de-fotos-vertical-personalizado","status":"publish","type":"product","link":"https:\/\/i-moments.com\/ca\/p\/album-de-fotos-vertical-personalizado\/","title":{"rendered":"\u00c0lbum de Fotos Vertical Personalitzat"},"content":{"rendered":"<h2 style=\"text-align: center;\"><strong>\u00c0lbum de Fotos Vertical Personalitzat<\/strong><\/h2>\n<p>L&#8217;\u00c0lbum de fotos Vertical \u00e9s perfecte per als qui volen imprimir els seus records. Amb un disseny personalitzable a cada p\u00e0gina, aquest format \u00e9s ideal per a retrats i fotos que capturin moments \u00fanics. Tria entre tapes dures o encoixonades, i diferents tipus de paper fotogr\u00e0fic d&#8217; alta qualitat. Des d&#8217;aniversaris, casaments o vacances, aquest \u00e0lbum guardar\u00e0 els teus records m\u00e9s valuosos amb un acabat professional i durador. Deixa que cada p\u00e0gina et porti de tornada a aquests instants inoblidables.    <\/p>\n<h3><strong>Caracter\u00edstiques de l&#8217; \u00e0lbum de fotos vertical personalitzat<\/strong><\/h3>\n<h4>\ud83d\udcda <strong data-start=\"787\" data-end=\"818\">Tipus de Tapa Personalitzada<\/strong><\/h4>\n<p><strong>Tapa Dura Personalitzada:<br \/>\n<\/strong>Tapa B\u00e0sica, 100% personalitzable amb fotos, textos, plantilles i dissenys.<br \/>\nImpresa en paper fotogr\u00e0fic, contra-encolada en un cartr\u00f3 dur de 4 mm, laminada amb un acabat mat que ha de protegir l&#8217;\u00e0lbum de fotos \u00e9s anti empremtes.<\/p>\n<p><strong>Tapa Encoixonada Personalitzada:<br \/>\n<\/strong>La Tapa Encoixal aporta a l&#8217;\u00e0lbum de fotos un tacte m\u00e9s agradable. \u00c9s 100% personalitzable amb fotos, textos, plantilles i dissenys.<br \/>\nImpresa en paper fotogr\u00e0fic, contra-encolada en cartr\u00f3 escuma de 6 mm, laminada amb un acabat mat que la resta de protegir-la \u00e9s anti empremtes. <\/p>\n<p><strong>Tapa Encoixonada Personalitzada LUX:<br \/>\n<\/strong>La Tapa Encoixal Personalitzada Lux, \u00e9s 100% personalitzable amb fotos, textos, plantilles i dissenys.<br \/>\nImpresa en paper fotogr\u00e0fic, contra-encolada en cartr\u00f3 escuma de 6 mm. Podr\u00e0s triar entre diferents models i textures: Metallic Stars, Metallic Zebra, Metallic Saturn i Metallic Aligor. <\/p>\n<p><img decoding=\"async\" class=\"alignnone wp-image-19617\" src=\"https:\/\/i-moments.com\/content\/files\/2024\/10\/metallic-1-300x85.jpg\" alt=\"|\" width=\"490\" height=\"139\" title=\"|\" srcset=\"https:\/\/i-moments.com\/content\/files\/2024\/10\/metallic-1-300x85.jpg 300w, https:\/\/i-moments.com\/content\/files\/2024\/10\/metallic-1-150x43.jpg 150w, https:\/\/i-moments.com\/content\/files\/2024\/10\/metallic-1-768x218.jpg 768w, https:\/\/i-moments.com\/content\/files\/2024\/10\/metallic-1-600x170.jpg 600w, https:\/\/i-moments.com\/content\/files\/2024\/10\/metallic-1-64x18.jpg 64w, https:\/\/i-moments.com\/content\/files\/2024\/10\/metallic-1-350x100.jpg 350w, https:\/\/i-moments.com\/content\/files\/2024\/10\/metallic-1.jpg 1000w\" sizes=\"(max-width: 490px) 100vw, 490px\" \/><\/p>\n<p>Aquestes tapes compten amb un acabat 3D i s\u00f3n 100% personalitzables amb fotos, textos, plantilles i dissenys.<\/p>\n<p><strong>Tapa Encoixal Especial:<\/strong><br \/>\nTapa Encoixal Especial, t&#8217;oferim diferents maneres de donar-li un toc especial i de qualitat al teu \u00e0lbum:<\/p>\n<p><strong>Materials, colors i textures:<\/strong><\/p>\n<ul>\n<li>Col\u00b7lecci\u00f3 T\u00e8xtil Line Colors: Material t\u00e8xtil amb un ampli assortiment de colors, a m\u00e9s tens la L\u00ednia Natur simulant el teixit lli.<\/li>\n<li>Col\u00b7lecci\u00f3 T\u00e8xtil Metallic: Material t\u00e8xtil amb acabat metal\u00b7litzat i amb un ampli assortiment de colors.<\/li>\n<li>Col\u00b7lecci\u00f3 Suro: Amb un acabat s\u00edmil al suro natural amb dues tonalitats a triar.<\/li>\n<li>Col\u00b7lecci\u00f3 Fusta: Amb un acabat s\u00edmil a la fusta, tens tres tonalitats a triar.<\/li>\n<li>Col\u00b7lecci\u00f3 Pell: S\u00edmil a la pell d&#8217;alta qualitat, amb un gravat en forma de diamant, tens tres colors a triar<\/li>\n<\/ul>\n<p><img decoding=\"async\" class=\"alignnone wp-image-19577 size-full\" src=\"https:\/\/i-moments.com\/content\/files\/2024\/10\/textile.jpg\" alt=\"|\" width=\"800\" height=\"595\" title=\"|\" srcset=\"https:\/\/i-moments.com\/content\/files\/2024\/10\/textile.jpg 800w, https:\/\/i-moments.com\/content\/files\/2024\/10\/textile-300x223.jpg 300w, https:\/\/i-moments.com\/content\/files\/2024\/10\/textile-150x112.jpg 150w, https:\/\/i-moments.com\/content\/files\/2024\/10\/textile-768x571.jpg 768w, https:\/\/i-moments.com\/content\/files\/2024\/10\/textile-600x446.jpg 600w, https:\/\/i-moments.com\/content\/files\/2024\/10\/textile-64x48.jpg 64w\" sizes=\"(max-width: 800px) 100vw, 800px\" \/><\/p>\n<h4>\ud83d\udcc4 <strong data-start=\"2153\" data-end=\"2191\">Opcions de Paper per a l&#8217; Interior<\/strong><\/h4>\n<p><strong>Papers per a l&#8217; interior de l&#8217; \u00c0lbum Basic:<\/strong><\/p>\n<ul>\n<li>Paper Brillo: Si el teu gust s\u00f3n colors vius, brillants i espectaculars aquest \u00e9s el teu paper. Impr\u00e8s en Paper Fotogr\u00e0fic 200 gr. + vern\u00eds UV. <\/li>\n<li>Paper Mate: Amb qualitat excepcional. Impr\u00e8s en Paper fotogr\u00e0fic de 200 gr. <\/li>\n<li>Les guardes s\u00f3n en color blanc.<\/li>\n<\/ul>\n<p><strong>Papers a triar per a l&#8217; interior \u00c0lbum Pro:<\/strong><\/p>\n<ul>\n<li>Paper Lux Pro: D\u00f3na-li al teu \u00e0lbum un resultat Professional. Impr\u00e8s en paper Fotogr\u00e0fic de 220 gr.<\/li>\n<li>Les guardes dels \u00e0lbums PRO s\u00f3n negres.<\/li>\n<\/ul>\n<p>\u2705 Tots els papers estan <strong data-start=\"2757\" data-end=\"2800\">contra-encolats sobre cartolina r\u00edgida<\/strong>, proporcionant <strong data-start=\"2817\" data-end=\"2836\">p\u00e0gines gruixutes<\/strong> i una <strong data-start=\"2843\" data-end=\"2863\">obertura de 180\u00ba<\/strong>, ideals per a fotos a doble p\u00e0gina sense perdre qualitat ni definici\u00f3.<\/p>\n","protected":false},"excerpt":{"rendered":"<p>\u00a1Dona-li vida als teus records m\u00e9s valuosos amb un disseny \u00fanic i professional! <g id=\"gid_0\">L&#8217;\u00c0lbum de Fotos Vertical Personalitzat<\/g> \u00e9s ideal per a retrats, moments especials i fotografies que mereixen un lloc destacat. El seu format vertical, combinat amb materials d&#8217;alta qualitat i una personalitzaci\u00f3 total, el converteix en el company perfecte per conservar les teves hist\u00f2ries.  <\/p>\n","protected":false},"featured_media":19476,"comment_status":"closed","ping_status":"closed","template":"","meta":[],"product_brand":[],"product_cat":[1127,625],"product_tag":[837,1236,649,650,651,834],"class_list":{"0":"post-18561","1":"product","2":"type-product","3":"status-publish","4":"has-post-thumbnail","6":"product_cat-album-digital-ca","7":"product_cat-album-de-fotos-ca","8":"product_tag-noces-i-esdeveniments","9":"product_tag-comunions","10":"product_tag-nadons","11":"product_tag-graduacions","12":"product_tag-vacances","13":"product_tag-aniversaris","15":"first","16":"instock","17":"taxable","18":"shipping-taxable","19":"purchasable","20":"product-type-variable"},"_links":{"self":[{"href":"https:\/\/i-moments.com\/ca\/wp-json\/wp\/v2\/product\/18561","targetHints":{"allow":["GET"]}}],"collection":[{"href":"https:\/\/i-moments.com\/ca\/wp-json\/wp\/v2\/product"}],"about":[{"href":"https:\/\/i-moments.com\/ca\/wp-json\/wp\/v2\/types\/product"}],"replies":[{"embeddable":true,"href":"https:\/\/i-moments.com\/ca\/wp-json\/wp\/v2\/comments?post=18561"}],"wp:featuredmedia":[{"embeddable":true,"href":"https:\/\/i-moments.com\/ca\/wp-json\/wp\/v2\/media\/19476"}],"wp:attachment":[{"href":"https:\/\/i-moments.com\/ca\/wp-json\/wp\/v2\/media?parent=18561"}],"wp:term":[{"taxonomy":"product_brand","embeddable":true,"href":"https:\/\/i-moments.com\/ca\/wp-json\/wp\/v2\/product_brand?post=18561"},{"taxonomy":"product_cat","embeddable":true,"href":"https:\/\/i-moments.com\/ca\/wp-json\/wp\/v2\/product_cat?post=18561"},{"taxonomy":"product_tag","embeddable":true,"href":"https:\/\/i-moments.com\/ca\/wp-json\/wp\/v2\/product_tag?post=18561"}],"curies":[{"name":"wp","href":"https:\/\/api.w.org\/{rel}","templated":true}]}}