{"id":18569,"date":"2024-10-23T10:20:12","date_gmt":"2024-10-23T08:20:12","guid":{"rendered":"https:\/\/i-moments.com\/p\/album-de-fotos-digital-cuadrado-perfecto-para-cada-instante\/"},"modified":"2025-09-30T15:08:36","modified_gmt":"2025-09-30T13:08:36","slug":"album-de-fotos-cuadrado-personalizado","status":"publish","type":"product","link":"https:\/\/i-moments.com\/ca\/p\/album-de-fotos-cuadrado-personalizado\/","title":{"rendered":"\u00c0lbum de Fotos Quadrat Personalitzat"},"content":{"rendered":"<h2 style=\"text-align: center;\"><strong>\u00c0lbum de Fotos Quadrat Personalitzat<\/strong><\/h2>\n<p style=\"text-align: left;\">L&#8217;\u00c0lbum Quadrat \u00e9s l&#8217;opci\u00f3 ideal per presentar les teves fotos. El seu disseny el fa perfecte per a tota mena d&#8217;imatges. Podr\u00e0s imprimir des de fotos de viatges fins a moments familiars. Personalitza la teva tapa, les p\u00e0gines, afegeix textos, cliparts&#8230; Gr\u00e0cies a la seva obertura de 180\u00ba i p\u00e0gines gruixutes, podr\u00e0s decidir si emprar una o les dues p\u00e0gines per immortalitzar les teves fotos. Fes que els teus records perdurin per sempre amb la millor qualitat.     <\/p>\n<h3><strong>Caracter\u00edstiques \u00e0lbum de fotos quadrat personalitzat:<\/strong><\/h3>\n<h4>\ud83d\udcda <strong data-start=\"765\" data-end=\"796\">Tipus de Tapa Personalitzada<\/strong><\/h4>\n<p><strong>Tapa Dura Personalitzada:<br \/>\n<\/strong>Tapa B\u00e0sica, 100% personalitzable amb fotos, textos, plantilles i dissenys.<br \/>\nImpresa en paper fotogr\u00e0fic, contra-encolada en un cartr\u00f3 dur de 4 mm, laminada amb un acabat mat que ha de protegir l&#8217;\u00e0lbum de fotos \u00e9s anti empremtes.<\/p>\n<p><strong>Tapa Encoixonada Personalitzada:<br \/>\n<\/strong>La Tapa Encoixal aporta a l&#8217;\u00e0lbum de fotos un tacte m\u00e9s agradable. \u00c9s 100% personalitzable amb fotos, textos, plantilles i dissenys.<br \/>\nImpresa en paper fotogr\u00e0fic, contra-encolada en cartr\u00f3 escuma de 6 mm, laminada amb un acabat mat que la resta de protegir-la \u00e9s anti empremtes. <\/p>\n<p><strong>Tapa Encoixonada Personalitzada LUX:<br \/>\n<\/strong>La Tapa Encoixal Personalitzada Lux, \u00e9s 100% personalitzable amb fotos, textos, plantilles i dissenys.<br \/>\nImpresa en paper fotogr\u00e0fic, contra-encolada en cartr\u00f3 escuma de 6 mm. Podr\u00e0s triar entre diferents models i textures: Metallic Stars, Metallic Zebra, Metallic Saturn i Metallic Aligor. <\/p>\n<p><img decoding=\"async\" class=\"alignnone wp-image-19574\" src=\"https:\/\/i-moments.com\/content\/files\/2024\/10\/metallic.jpg\" alt=\"|\" width=\"490\" height=\"139\" title=\"|\" srcset=\"https:\/\/i-moments.com\/content\/files\/2024\/10\/metallic.jpg 1000w, https:\/\/i-moments.com\/content\/files\/2024\/10\/metallic-300x85.jpg 300w, https:\/\/i-moments.com\/content\/files\/2024\/10\/metallic-150x43.jpg 150w, https:\/\/i-moments.com\/content\/files\/2024\/10\/metallic-768x218.jpg 768w, https:\/\/i-moments.com\/content\/files\/2024\/10\/metallic-600x170.jpg 600w, https:\/\/i-moments.com\/content\/files\/2024\/10\/metallic-64x18.jpg 64w, https:\/\/i-moments.com\/content\/files\/2024\/10\/metallic-350x100.jpg 350w\" sizes=\"(max-width: 490px) 100vw, 490px\" \/><\/p>\n<p>Aquestes tapes compten amb un acabat 3D i s\u00f3n 100% personalitzables amb fotos, textos, plantilles i dissenys.<\/p>\n<p><strong>Tapa Encoixal Especial:<\/strong><br \/>\nTapa Encoixal Especial, t&#8217;oferim diferents maneres de donar-li un toc especial i de qualitat al teu \u00e0lbum:<\/p>\n<p><strong>Materials, colors i textures:<\/strong><\/p>\n<ul>\n<li>Col\u00b7lecci\u00f3 T\u00e8xtil Line Colors: Material t\u00e8xtil amb un ampli assortiment de colors, a m\u00e9s tens la L\u00ednia Natur simulant el teixit lli.<\/li>\n<li>Col\u00b7lecci\u00f3 T\u00e8xtil Metallic: Material t\u00e8xtil amb acabat metal\u00b7litzat i amb un ampli assortiment de colors.<\/li>\n<li>Col\u00b7lecci\u00f3 Suro: Amb un acabat s\u00edmil al suro natural amb dues tonalitats a triar.<\/li>\n<li>Col\u00b7lecci\u00f3 Fusta: Amb un acabat s\u00edmil a la fusta, tens tres tonalitats a triar.<\/li>\n<li>Col\u00b7lecci\u00f3 Pell: S\u00edmil a la pell d&#8217;alta qualitat, amb un gravat en forma de diamant, tens tres colors a triar<\/li>\n<\/ul>\n<p><img decoding=\"async\" class=\"alignnone wp-image-19577 size-full\" src=\"https:\/\/i-moments.com\/content\/files\/2024\/10\/textile.jpg\" alt=\"|\" width=\"800\" height=\"595\" title=\"|\" srcset=\"https:\/\/i-moments.com\/content\/files\/2024\/10\/textile.jpg 800w, https:\/\/i-moments.com\/content\/files\/2024\/10\/textile-300x223.jpg 300w, https:\/\/i-moments.com\/content\/files\/2024\/10\/textile-150x112.jpg 150w, https:\/\/i-moments.com\/content\/files\/2024\/10\/textile-768x571.jpg 768w, https:\/\/i-moments.com\/content\/files\/2024\/10\/textile-600x446.jpg 600w, https:\/\/i-moments.com\/content\/files\/2024\/10\/textile-64x48.jpg 64w\" sizes=\"(max-width: 800px) 100vw, 800px\" \/><\/p>\n<p>&nbsp;<\/p>\n<h4>\ud83d\udcc4 <strong data-start=\"2085\" data-end=\"2123\">Opcions de Paper per a l&#8217; Interior<\/strong><\/h4>\n<p><strong>Papers per a l&#8217; interior de l&#8217; \u00c0lbum Basic:<\/strong><\/p>\n<ul>\n<li>Paper Brillo: Si el teu gust s\u00f3n colors vius, brillants i espectaculars aquest \u00e9s el teu paper. Impr\u00e8s en Paper Fotogr\u00e0fic 200 gr. + vern\u00eds UV. <\/li>\n<li>Paper Mate: Amb qualitat excepcional. Impr\u00e8s en Paper fotogr\u00e0fic de 200 gr. <\/li>\n<li>Les guardes s\u00f3n en color blanc.<\/li>\n<\/ul>\n<p><strong>Papers a triar per a l&#8217; interior \u00c0lbum Pro:<\/strong><\/p>\n<ul>\n<li>Paper Lux Pro: D\u00f3na-li al teu \u00e0lbum un resultat Professional. Impr\u00e8s en paper Fotogr\u00e0fic de 220 gr.<\/li>\n<li>Les guardes dels \u00e0lbums PRO s\u00f3n negres.<\/li>\n<\/ul>\n<p>\u2705 Tots els papers estan contra-encolats sobre cartolina r\u00edgida, proporcionant <strong data-start=\"2675\" data-end=\"2694\">p\u00e0gines gruixutes<\/strong> amb <strong data-start=\"2699\" data-end=\"2719\">obertura de 180\u00ba<\/strong>, ideals per a fotos a doble p\u00e0gina.<\/p>\n<p>&nbsp;<\/p>\n","protected":false},"excerpt":{"rendered":"<p>Immortalitza els teus records amb un toc d&#8217;eleg\u00e0ncia i creativitat! El nostre <strong data-start=\"129\" data-end=\"170\">\u00c0lbum de Fotos Quadrat Personalitzat<\/strong> \u00e9s l&#8217;opci\u00f3 ideal per presentar els teus moments m\u00e9s especials. Perfecte per a fotos de viatges, esdeveniments familiars, casaments o qualsevol ocasi\u00f3 que vulguis conservar per sempre.  <\/p>\n","protected":false},"featured_media":19470,"comment_status":"closed","ping_status":"closed","template":"","meta":[],"product_brand":[],"product_cat":[1127,625],"product_tag":[],"class_list":{"0":"post-18569","1":"product","2":"type-product","3":"status-publish","4":"has-post-thumbnail","6":"product_cat-album-digital-ca","7":"product_cat-album-de-fotos-ca","9":"first","10":"instock","11":"taxable","12":"shipping-taxable","13":"purchasable","14":"product-type-variable"},"_links":{"self":[{"href":"https:\/\/i-moments.com\/ca\/wp-json\/wp\/v2\/product\/18569","targetHints":{"allow":["GET"]}}],"collection":[{"href":"https:\/\/i-moments.com\/ca\/wp-json\/wp\/v2\/product"}],"about":[{"href":"https:\/\/i-moments.com\/ca\/wp-json\/wp\/v2\/types\/product"}],"replies":[{"embeddable":true,"href":"https:\/\/i-moments.com\/ca\/wp-json\/wp\/v2\/comments?post=18569"}],"wp:featuredmedia":[{"embeddable":true,"href":"https:\/\/i-moments.com\/ca\/wp-json\/wp\/v2\/media\/19470"}],"wp:attachment":[{"href":"https:\/\/i-moments.com\/ca\/wp-json\/wp\/v2\/media?parent=18569"}],"wp:term":[{"taxonomy":"product_brand","embeddable":true,"href":"https:\/\/i-moments.com\/ca\/wp-json\/wp\/v2\/product_brand?post=18569"},{"taxonomy":"product_cat","embeddable":true,"href":"https:\/\/i-moments.com\/ca\/wp-json\/wp\/v2\/product_cat?post=18569"},{"taxonomy":"product_tag","embeddable":true,"href":"https:\/\/i-moments.com\/ca\/wp-json\/wp\/v2\/product_tag?post=18569"}],"curies":[{"name":"wp","href":"https:\/\/api.w.org\/{rel}","templated":true}]}}