{"id":18581,"date":"2024-11-18T12:36:51","date_gmt":"2024-11-18T11:36:51","guid":{"rendered":"https:\/\/i-moments.com\/p\/calendario-de-pared-con-faldilla-personalizado\/"},"modified":"2025-09-30T15:08:10","modified_gmt":"2025-09-30T13:08:10","slug":"calendario-de-pared-con-faldilla-personalizado","status":"publish","type":"product","link":"https:\/\/i-moments.com\/ca\/p\/calendario-de-pared-con-faldilla-personalizado\/","title":{"rendered":"Calendari de Paret amb Faldilla Personalitzat"},"content":{"rendered":"<h2 style=\"text-align: center;\"><strong>Calendari de Paret <\/strong><strong>amb Faldilla <\/strong><strong>Personalitzat <\/strong> <\/h2>\n<p>El calendari de paret amb faldilla personalitzat transforma qualsevol espai en un lloc ple de records i organitzaci\u00f3. Cada calendari pot ser personalitzat amb una o diverses fotos especials que reflecteixi els teus millors moments, convertint-lo en un element decoratiu i funcional per marcar cada dia de l&#8217;any. Disponible en m\u00faltiples mides, ofereix un disseny elegant i pr\u00e0ctic per a llars, oficines o com un regal \u00fanic.  <\/p>\n<p><strong>Mides disponibles:<\/strong><\/p>\n<ul>\n<li>15&#215;29 cm (Mida Foto 15&#215;20) Pack-4<\/li>\n<li>21.5&#215;30 cm (Mida Foto 21.5&#215;15) Pack-4<\/li>\n<li>21.5&#215;38 cm (Mida Foto 21.5&#215;23) Pack-2<\/li>\n<li>31.5&#215;40 cm (Mida Foto 31.5&#215;20) 1 Ud.<\/li>\n<li>33.5&#215;72 cm (Mida Foto 33.5&#215;23) 1 Ud.<\/li>\n<\/ul>\n","protected":false},"excerpt":{"rendered":"<p><strong>Mides disponibles:<\/strong><\/p>\n<ul>\n<li>15&#215;29 cm (Mida Foto 15&#215;20) Pack-4<\/li>\n<li>21.5&#215;30 cm (Mida Foto 21.5&#215;15) Pack-4<\/li>\n<li>21.5&#215;38 cm (Mida Foto 21.5&#215;23) Pack-2<\/li>\n<li>31.5&#215;40 cm (Mida Foto 31.5&#215;20) 1 Ud.<\/li>\n<li>33.5&#215;72 cm (Mida Foto 33.5&#215;23) 1 Ud.<\/li>\n<\/ul>\n","protected":false},"featured_media":22613,"comment_status":"closed","ping_status":"closed","template":"","meta":[],"product_brand":[1265],"product_cat":[737,717],"product_tag":[],"class_list":{"0":"post-18581","1":"product","2":"type-product","3":"status-publish","4":"has-post-thumbnail","6":"product_brand-i-moments","7":"product_cat-calendaris-personalitzats-de-paret","8":"product_cat-calendaris-personalitzats","10":"first","11":"instock","12":"taxable","13":"shipping-taxable","14":"purchasable","15":"product-type-variable"},"_links":{"self":[{"href":"https:\/\/i-moments.com\/ca\/wp-json\/wp\/v2\/product\/18581","targetHints":{"allow":["GET"]}}],"collection":[{"href":"https:\/\/i-moments.com\/ca\/wp-json\/wp\/v2\/product"}],"about":[{"href":"https:\/\/i-moments.com\/ca\/wp-json\/wp\/v2\/types\/product"}],"replies":[{"embeddable":true,"href":"https:\/\/i-moments.com\/ca\/wp-json\/wp\/v2\/comments?post=18581"}],"wp:featuredmedia":[{"embeddable":true,"href":"https:\/\/i-moments.com\/ca\/wp-json\/wp\/v2\/media\/22613"}],"wp:attachment":[{"href":"https:\/\/i-moments.com\/ca\/wp-json\/wp\/v2\/media?parent=18581"}],"wp:term":[{"taxonomy":"product_brand","embeddable":true,"href":"https:\/\/i-moments.com\/ca\/wp-json\/wp\/v2\/product_brand?post=18581"},{"taxonomy":"product_cat","embeddable":true,"href":"https:\/\/i-moments.com\/ca\/wp-json\/wp\/v2\/product_cat?post=18581"},{"taxonomy":"product_tag","embeddable":true,"href":"https:\/\/i-moments.com\/ca\/wp-json\/wp\/v2\/product_tag?post=18581"}],"curies":[{"name":"wp","href":"https:\/\/api.w.org\/{rel}","templated":true}]}}