{"id":18594,"date":"2024-11-04T10:04:12","date_gmt":"2024-11-04T09:04:12","guid":{"rendered":"https:\/\/i-moments.com\/p\/alfombrilla-calendario-personalizada\/"},"modified":"2024-11-04T10:04:12","modified_gmt":"2024-11-04T09:04:12","slug":"alfombrilla-calendario-personalizada","status":"publish","type":"product","link":"https:\/\/i-moments.com\/ca\/p\/alfombrilla-calendario-personalizada\/","title":{"rendered":"Catifa Calendari Personalitzada"},"content":{"rendered":"<h2 style=\"text-align: center;\"><strong>Catifa Calendari Personalitzada<\/strong><\/h2>\n<p>Transforma el teu espai de treball amb la <strong>catifa Calendari Personalitzada<\/strong>, una innovadora soluci\u00f3 que combina funcionalitat i estil. Dissenyada per adaptar-se a les teves necessitats di\u00e0ries, aquesta catifa de ratol\u00ed no nom\u00e9s ofereix una superf\u00edcie suau i resistent per al teu dispositiu, sin\u00f3 que tamb\u00e9 integra un calendari impr\u00e8s d&#8217;alta qualitat que t&#8217;ajudar\u00e0 a organitzar el teu temps de manera eficient. Podr\u00e0s personalitzar-la amb les teves fotos i escollir entre diversos idiomes (Castell\u00e0, Catal\u00e0, Euskera, Gallego, Portugu\u00e8s, Angl\u00e8s, Franc\u00e8s i Alemany), canviar els fons. Ideal per a oficines, llars, estudiants i qualsevol persona que busqui una manera pr\u00e0ctica i est\u00e8tica d&#8217; organitzar la seva jornada laboral o acad\u00e8mica. La <strong>Catifa Calendari Personalitzada <\/strong> \u00e9s el complement perfecte per mantenir-te organitzat i motivat dia a dia.  <\/p>\n","protected":false},"excerpt":{"rendered":"<p><strong>Caracter\u00edstiques Catifa Mouse Personalitzada:<\/strong><br \/>\nMida: 26,5 x 19 cm<br \/>\n3 mm de gruix<br \/>\nMaterial: Cautx\u00fa<br \/>\nAntilliscant<\/p>\n","protected":false},"featured_media":17695,"comment_status":"closed","ping_status":"closed","template":"","meta":[],"product_brand":[],"product_cat":[729,717],"product_tag":[],"class_list":{"0":"post-18594","1":"product","2":"type-product","3":"status-publish","4":"has-post-thumbnail","6":"product_cat-calendaris-personalitzats-de-sobretaula-ca","7":"product_cat-calendaris-personalitzats","9":"first","10":"instock","11":"taxable","12":"shipping-taxable","13":"purchasable","14":"product-type-simple"},"_links":{"self":[{"href":"https:\/\/i-moments.com\/ca\/wp-json\/wp\/v2\/product\/18594","targetHints":{"allow":["GET"]}}],"collection":[{"href":"https:\/\/i-moments.com\/ca\/wp-json\/wp\/v2\/product"}],"about":[{"href":"https:\/\/i-moments.com\/ca\/wp-json\/wp\/v2\/types\/product"}],"replies":[{"embeddable":true,"href":"https:\/\/i-moments.com\/ca\/wp-json\/wp\/v2\/comments?post=18594"}],"wp:featuredmedia":[{"embeddable":true,"href":"https:\/\/i-moments.com\/ca\/wp-json\/wp\/v2\/media\/17695"}],"wp:attachment":[{"href":"https:\/\/i-moments.com\/ca\/wp-json\/wp\/v2\/media?parent=18594"}],"wp:term":[{"taxonomy":"product_brand","embeddable":true,"href":"https:\/\/i-moments.com\/ca\/wp-json\/wp\/v2\/product_brand?post=18594"},{"taxonomy":"product_cat","embeddable":true,"href":"https:\/\/i-moments.com\/ca\/wp-json\/wp\/v2\/product_cat?post=18594"},{"taxonomy":"product_tag","embeddable":true,"href":"https:\/\/i-moments.com\/ca\/wp-json\/wp\/v2\/product_tag?post=18594"}],"curies":[{"name":"wp","href":"https:\/\/api.w.org\/{rel}","templated":true}]}}