{"id":18603,"date":"2024-11-14T09:16:36","date_gmt":"2024-11-14T08:16:36","guid":{"rendered":"https:\/\/i-moments.com\/p\/calendario-iman-personalizado-con-faldilla\/"},"modified":"2025-09-30T15:08:19","modified_gmt":"2025-09-30T13:08:19","slug":"calendario-iman-personalizado-con-faldilla","status":"publish","type":"product","link":"https:\/\/i-moments.com\/ca\/p\/calendario-iman-personalizado-con-faldilla\/","title":{"rendered":"Calendari Imant amb Faldilla Personalitzat"},"content":{"rendered":"<h2 style=\"text-align: center;\"><strong>Calendari Imant amb Faldilla <\/strong><strong>Personalitzat<\/strong><\/h2>\n<p>El nostre calendari imant amb Faldilla personalitzat \u00e9s una soluci\u00f3 perfecta per mantenir els teus records i dates importants a la vista en qualsevol superf\u00edcie magn\u00e8tica. Tria una o diverses fotos especials per personalitzar-lo, posa-li un text si ho desitges i crea un calendari decoratiu \u00fanic que destacar\u00e0 la teva nevera, l&#8217;oficina&#8230; Disponible en diferents mides.  <\/p>\n<p><strong>Mides Disponibles:<\/strong><\/p>\n<ul>\n<li>10&#215;20 cm (Mida Foto 10&#215;10) Pack-12<\/li>\n<li>10&#215;25 cm (Mida Foto 10&#215;15) Pack-8<\/li>\n<li>15&#215;20 cm (Mida Foto 15&#215;10) Pack-8<\/li>\n<li>15&#215;29 cm (Mida Foto 15&#215;20) Pack-4<\/li>\n<li>21.5&#215;30 cm (Mida Foto 21.5&#215;15) Pack-4<\/li>\n<li>21.5&#215;38 cm (Mida Foto 21.5&#215;23) Pack-2<\/li>\n<\/ul>\n","protected":false},"excerpt":{"rendered":"<p><strong>Mides Disponibles:<\/strong><\/p>\n<ul>\n<li>10&#215;20 cm (Mida Foto 10&#215;10) Pack-12<\/li>\n<li>10&#215;25 cm (Mida Foto 10&#215;15) Pack-8<\/li>\n<li>15&#215;20 cm (Mida Foto 15&#215;10) Pack-8<\/li>\n<li>15&#215;29 cm (Mida Foto 15&#215;20) Pack-4<\/li>\n<li>21.5&#215;30 cm (Mida Foto 21.5&#215;15) Pack-4<\/li>\n<li>21.5&#215;38 cm (Mida Foto 21.5&#215;23) Pack-2<\/li>\n<\/ul>\n","protected":false},"featured_media":22631,"comment_status":"closed","ping_status":"closed","template":"","meta":[],"product_brand":[],"product_cat":[735,717],"product_tag":[],"class_list":{"0":"post-18603","1":"product","2":"type-product","3":"status-publish","4":"has-post-thumbnail","6":"product_cat-calendaris-personalitzats-magnetics","7":"product_cat-calendaris-personalitzats","9":"first","10":"instock","11":"taxable","12":"shipping-taxable","13":"purchasable","14":"product-type-variable"},"_links":{"self":[{"href":"https:\/\/i-moments.com\/ca\/wp-json\/wp\/v2\/product\/18603","targetHints":{"allow":["GET"]}}],"collection":[{"href":"https:\/\/i-moments.com\/ca\/wp-json\/wp\/v2\/product"}],"about":[{"href":"https:\/\/i-moments.com\/ca\/wp-json\/wp\/v2\/types\/product"}],"replies":[{"embeddable":true,"href":"https:\/\/i-moments.com\/ca\/wp-json\/wp\/v2\/comments?post=18603"}],"wp:featuredmedia":[{"embeddable":true,"href":"https:\/\/i-moments.com\/ca\/wp-json\/wp\/v2\/media\/22631"}],"wp:attachment":[{"href":"https:\/\/i-moments.com\/ca\/wp-json\/wp\/v2\/media?parent=18603"}],"wp:term":[{"taxonomy":"product_brand","embeddable":true,"href":"https:\/\/i-moments.com\/ca\/wp-json\/wp\/v2\/product_brand?post=18603"},{"taxonomy":"product_cat","embeddable":true,"href":"https:\/\/i-moments.com\/ca\/wp-json\/wp\/v2\/product_cat?post=18603"},{"taxonomy":"product_tag","embeddable":true,"href":"https:\/\/i-moments.com\/ca\/wp-json\/wp\/v2\/product_tag?post=18603"}],"curies":[{"name":"wp","href":"https:\/\/api.w.org\/{rel}","templated":true}]}}