{"id":18610,"date":"2024-11-27T08:49:02","date_gmt":"2024-11-27T07:49:02","guid":{"rendered":"https:\/\/i-moments.com\/p\/calendario-de-pared-cuadrado-personalizado\/"},"modified":"2025-09-30T15:08:15","modified_gmt":"2025-09-30T13:08:15","slug":"calendario-de-pared-cuadrado-personalizado","status":"publish","type":"product","link":"https:\/\/i-moments.com\/ca\/p\/calendario-de-pared-cuadrado-personalizado\/","title":{"rendered":"Calendari de Paret Quadrat Personalitzat"},"content":{"rendered":"<p>El <strong>Calendari de Paret Quadrat Personalitzat<\/strong> \u00e9s l&#8217;elecci\u00f3 ideal per als qui busquen un disseny compacte i modern. Amb una mida de <strong>21&#215;21 cm o 21&#215;21 Doble<\/strong>, aquest calendari combina funcionalitat i estil, adaptant-se a qualsevol espai, ja sigui a la teva llar, oficina o com un regal \u00fanic i personalitzat. <\/p>\n<p>Cada p\u00e0gina est\u00e0 impresa en paper d&#8217;alta qualitat amb un elegant acabat mat que ressalta els colors de les teves fotos favorites. Personalitza cada mes amb una imatge especial i crea un calendari \u00fanic que t&#8217;acompanyar\u00e0 al llarg de l&#8217;any, mantenint els teus records vius mentre organitzes els teus dies. Ideal per decorar les teves parets amb un toc personal i sofisticat.  <\/p>\n<p>Podr\u00e0s personalitzar-lo amb les teves fotos i escollir entre diversos idiomes (Castell\u00e0, Catal\u00e0, Euskera, Gallego, Portugu\u00e8s, Angl\u00e8s, Franc\u00e8s i Alemany), afegir Textos, Cliparts, canviar fons i escollir la plantilla que m\u00e9s t&#8217;agradi entre 1 o 8 fotos.<\/p>\n<h3><strong>Caracter\u00edstiques:<\/strong><\/h3>\n<ul>\n<li>Mida: 21&#215;21 cm, 21&#215;21 Doble (21&#215;42 cm)<\/li>\n<li>P\u00e0gines: 16 (21&#215;21), 26 (21&#215;21 Doble)<\/li>\n<li>Impr\u00e8s en paper de 250 gr.<\/li>\n<li>Format Quadrat<\/li>\n<li>Acabat Mate<\/li>\n<\/ul>\n","protected":false},"excerpt":{"rendered":"<p>Calendari de paret quadrat, mida 21&#215;21 cm. Personalitza&#8217;l amb les teves fotos favorites i gaudeix del seu acabat mat en paper d&#8217;alta qualitat. <strong>Descobreix els nous dissenys!<\/strong><\/p>\n<ul>\n<li>Mida: 21&#215;21 cm, 21&#215;21 Doble (21&#215;42 cm)<\/li>\n<li>P\u00e0gines: 16 (21&#215;21), 26 (21&#215;21 Doble)<\/li>\n<li>Impr\u00e8s en paper de 250 gr.<\/li>\n<li>Format Quadrat<\/li>\n<li>Acabat Mate<\/li>\n<\/ul>\n","protected":false},"featured_media":18097,"comment_status":"closed","ping_status":"closed","template":"","meta":[],"product_brand":[],"product_cat":[737,717],"product_tag":[],"class_list":{"0":"post-18610","1":"product","2":"type-product","3":"status-publish","4":"has-post-thumbnail","6":"product_cat-calendaris-personalitzats-de-paret","7":"product_cat-calendaris-personalitzats","9":"first","10":"instock","11":"taxable","12":"shipping-taxable","13":"purchasable","14":"product-type-variable"},"_links":{"self":[{"href":"https:\/\/i-moments.com\/ca\/wp-json\/wp\/v2\/product\/18610","targetHints":{"allow":["GET"]}}],"collection":[{"href":"https:\/\/i-moments.com\/ca\/wp-json\/wp\/v2\/product"}],"about":[{"href":"https:\/\/i-moments.com\/ca\/wp-json\/wp\/v2\/types\/product"}],"replies":[{"embeddable":true,"href":"https:\/\/i-moments.com\/ca\/wp-json\/wp\/v2\/comments?post=18610"}],"wp:featuredmedia":[{"embeddable":true,"href":"https:\/\/i-moments.com\/ca\/wp-json\/wp\/v2\/media\/18097"}],"wp:attachment":[{"href":"https:\/\/i-moments.com\/ca\/wp-json\/wp\/v2\/media?parent=18610"}],"wp:term":[{"taxonomy":"product_brand","embeddable":true,"href":"https:\/\/i-moments.com\/ca\/wp-json\/wp\/v2\/product_brand?post=18610"},{"taxonomy":"product_cat","embeddable":true,"href":"https:\/\/i-moments.com\/ca\/wp-json\/wp\/v2\/product_cat?post=18610"},{"taxonomy":"product_tag","embeddable":true,"href":"https:\/\/i-moments.com\/ca\/wp-json\/wp\/v2\/product_tag?post=18610"}],"curies":[{"name":"wp","href":"https:\/\/api.w.org\/{rel}","templated":true}]}}