{"id":18614,"date":"2024-12-04T09:30:37","date_gmt":"2024-12-04T08:30:37","guid":{"rendered":"https:\/\/i-moments.com\/p\/calendario-de-pared-slim-personalizado\/"},"modified":"2025-09-30T15:08:01","modified_gmt":"2025-09-30T13:08:01","slug":"calendario-de-pared-slim-personalizado","status":"publish","type":"product","link":"https:\/\/i-moments.com\/ca\/p\/calendario-de-pared-slim-personalizado\/","title":{"rendered":"Calendari de Pared Slim Personalitzat"},"content":{"rendered":"<p>El <strong>Calendari de Pared Slim Personalitzat<\/strong> \u00e9s una soluci\u00f3 pr\u00e0ctica i elegant per organitzar el teu any mentre decores els teus espais amb un disseny vertical \u00fanic. Amb una mida estilitzada de <strong>15&#215;40 cm<\/strong>, \u00e9s perfecte per a qualsevol paret, combinant funcionalitat i est\u00e8tica. <\/p>\n<p>Podr\u00e0s fer el teu calendari escollint: idioma (espanyol, catal\u00e0, basc gallec, portugu\u00e8s, angl\u00e8s franc\u00e8s i alemany, l&#8217;any el mes en qu\u00e8 vols que comenci. Podr\u00e0s triar els festius que vulguis que apareguin en el teu calendari. Pots personalitzar-lo al teu gust: canviar els fons, les plantilles des d&#8217;1 a 8 fotos, afegir textos i cliparts.  <\/p>\n<p>Personalitza cada mes amb les teves fotos favorites i reviu els teus records m\u00e9s especials durant tot l&#8217;any. Fabricat amb paper de <g id=\"gid_0\">250 grams<\/g> i un acabat mat, aquest calendari garanteix una qualitat duradora de les teves fotos. Ideal per a la llar, l&#8217;oficina o com un regal personalitzat, aquest calendari combina un estil modern amb un format vertical que encaixa en qualsevol espai.  <\/p>\n<h3><strong>Caracter\u00edstiques:<\/strong><\/h3>\n<ul>\n<li>Mida: 15&#215;40 cm<\/li>\n<li>P\u00e0gines: 16<\/li>\n<li>Impr\u00e8s en paper de 250 gr.<\/li>\n<li>Format Vertical<\/li>\n<li>Acabat Mate<\/li>\n<\/ul>\n","protected":false},"excerpt":{"rendered":"<p>Calendari de paret Slim en format vertical de 15&#215;40 cm. Personalitza&#8217;l amb les teves fotos favorites i gaudeix del seu acabat mat en paper d&#8217;alta qualitat.  . <strong>Descobreix els nous dissenys!<\/strong><\/p>\n<ul>\n<li>Mida: 15&#215;40 cm<\/li>\n<li>P\u00e0gines: 16<\/li>\n<li>Impr\u00e8s en paper de 250 gr.<\/li>\n<li>Format Vertical<\/li>\n<li>Acabat Mate<\/li>\n<\/ul>\n","protected":false},"featured_media":18112,"comment_status":"closed","ping_status":"closed","template":"","meta":[],"product_brand":[],"product_cat":[737,717],"product_tag":[],"class_list":{"0":"post-18614","1":"product","2":"type-product","3":"status-publish","4":"has-post-thumbnail","6":"product_cat-calendaris-personalitzats-de-paret","7":"product_cat-calendaris-personalitzats","9":"first","10":"instock","11":"taxable","12":"shipping-taxable","13":"purchasable","14":"product-type-simple"},"_links":{"self":[{"href":"https:\/\/i-moments.com\/ca\/wp-json\/wp\/v2\/product\/18614","targetHints":{"allow":["GET"]}}],"collection":[{"href":"https:\/\/i-moments.com\/ca\/wp-json\/wp\/v2\/product"}],"about":[{"href":"https:\/\/i-moments.com\/ca\/wp-json\/wp\/v2\/types\/product"}],"replies":[{"embeddable":true,"href":"https:\/\/i-moments.com\/ca\/wp-json\/wp\/v2\/comments?post=18614"}],"wp:featuredmedia":[{"embeddable":true,"href":"https:\/\/i-moments.com\/ca\/wp-json\/wp\/v2\/media\/18112"}],"wp:attachment":[{"href":"https:\/\/i-moments.com\/ca\/wp-json\/wp\/v2\/media?parent=18614"}],"wp:term":[{"taxonomy":"product_brand","embeddable":true,"href":"https:\/\/i-moments.com\/ca\/wp-json\/wp\/v2\/product_brand?post=18614"},{"taxonomy":"product_cat","embeddable":true,"href":"https:\/\/i-moments.com\/ca\/wp-json\/wp\/v2\/product_cat?post=18614"},{"taxonomy":"product_tag","embeddable":true,"href":"https:\/\/i-moments.com\/ca\/wp-json\/wp\/v2\/product_tag?post=18614"}],"curies":[{"name":"wp","href":"https:\/\/api.w.org\/{rel}","templated":true}]}}