{"id":19094,"date":"2025-01-16T09:24:54","date_gmt":"2025-01-16T08:24:54","guid":{"rendered":"https:\/\/i-moments.com\/?post_type=product&#038;p=19094"},"modified":"2026-01-21T12:30:32","modified_gmt":"2026-01-21T11:30:32","slug":"taza-magica-roja-con-asa-corazon-personalizada","status":"publish","type":"product","link":"https:\/\/i-moments.com\/ca\/p\/taza-magica-roja-con-asa-corazon-personalizada\/","title":{"rendered":"Tassa M\u00e0gica Roja amb Asa Coraz\u00f3n Personalizada"},"content":{"rendered":"<h2 class=\"uppercase\" style=\"text-align: center;\"><strong>Tassa M\u00e0gica ROJA AMB ASA Cor Personalitzada<\/strong><\/h2>\n<p>La Tassa M\u00e0gica Roja amb Asa de Coraz\u00f3n \u00e9s el regal perfecte per sorprendre aquesta persona especial. En tractar-se d&#8217;una tassa m\u00e0gica, la imatge o foto amb la qual s&#8217;hagi personalitzat apareixer\u00e0 quan aboques un l\u00edquid calent, creant un efecte especial, m\u00e0gic i diferent. Personalitza-la amb la teva foto favorita, afegeix un nom, una data o un missatge especial per fer-la encara m\u00e9s \u00fanica. La seva assaja en forma de cor i el seu color vermell la converteixen en el detall ideal per demostrar amor i carinyo. Dissenya un regal inoblidable, perfecte per a qualsevol ocasi\u00f3!    <\/p>\n<h3><strong>Caracter\u00edstiques:<\/strong><\/h3>\n<ul>\n<li>Aboca alguna cosa calenta i apareixer\u00e0 la imatge!<\/li>\n<li>Material: Cer\u00e0mica<\/li>\n<li>Capacitat: 325 ml<\/li>\n<li>Mida: \u00f88 \u00d7 9,5 cm<\/li>\n<li>Apta per a rentaplats i microones<\/li>\n<li>Caixa regal opcional<\/li>\n<li>Opcional: Pack estalvi 2 tasses<\/li>\n<\/ul>\n","protected":false},"excerpt":{"rendered":"<p>Descobreix la Tassa M\u00e0gica Roja amb Asa de Coraz\u00f3n personalitzada, el regal perfecte que revela la teva foto en abocar l\u00edquid calent. Sorpr\u00e8n aquesta persona especial amb amor! <\/p>\n<ul>\n<li>Aboca alguna cosa calenta i apareixer\u00e0 la imatge!<\/li>\n<li>Material: Cer\u00e0mica<\/li>\n<li>Capacitat: 325 ml<\/li>\n<li>Mida: \u00f88 \u00d7 9,5 cm<\/li>\n<li>Apta per a rentaplats i microones<\/li>\n<li>Caixa regal opcional<\/li>\n<li>Opcional: Pack estalvi 2 tasses<\/li>\n<\/ul>\n<div>\n<div><\/div>\n<\/div>\n","protected":false},"featured_media":19581,"comment_status":"open","ping_status":"closed","template":"","meta":[],"product_brand":[],"product_cat":[571,572],"product_tag":[636,637,650,698,707],"class_list":{"0":"post-19094","1":"product","2":"type-product","3":"status-publish","4":"has-post-thumbnail","6":"product_cat-tasses-personalitzades","7":"product_cat-tasses","8":"product_tag-per-a-ell","9":"product_tag-per-a-la-llar","10":"product_tag-graduacions","11":"product_tag-primera-comunio","12":"product_tag-amic-invisible","14":"first","15":"instock","16":"taxable","17":"shipping-taxable","18":"purchasable","19":"product-type-simple"},"_links":{"self":[{"href":"https:\/\/i-moments.com\/ca\/wp-json\/wp\/v2\/product\/19094","targetHints":{"allow":["GET"]}}],"collection":[{"href":"https:\/\/i-moments.com\/ca\/wp-json\/wp\/v2\/product"}],"about":[{"href":"https:\/\/i-moments.com\/ca\/wp-json\/wp\/v2\/types\/product"}],"replies":[{"embeddable":true,"href":"https:\/\/i-moments.com\/ca\/wp-json\/wp\/v2\/comments?post=19094"}],"wp:featuredmedia":[{"embeddable":true,"href":"https:\/\/i-moments.com\/ca\/wp-json\/wp\/v2\/media\/19581"}],"wp:attachment":[{"href":"https:\/\/i-moments.com\/ca\/wp-json\/wp\/v2\/media?parent=19094"}],"wp:term":[{"taxonomy":"product_brand","embeddable":true,"href":"https:\/\/i-moments.com\/ca\/wp-json\/wp\/v2\/product_brand?post=19094"},{"taxonomy":"product_cat","embeddable":true,"href":"https:\/\/i-moments.com\/ca\/wp-json\/wp\/v2\/product_cat?post=19094"},{"taxonomy":"product_tag","embeddable":true,"href":"https:\/\/i-moments.com\/ca\/wp-json\/wp\/v2\/product_tag?post=19094"}],"curies":[{"name":"wp","href":"https:\/\/api.w.org\/{rel}","templated":true}]}}